{"id":109555,"date":"2025-05-23T16:23:05","date_gmt":"2025-05-23T20:23:05","guid":{"rendered":"https:\/\/www.foliot.com\/?page_id=109555"},"modified":"2025-06-03T15:35:54","modified_gmt":"2025-06-03T19:35:54","slug":"a-propos","status":"publish","type":"page","link":"https:\/\/www.foliot.com\/fr\/a-propos\/","title":{"rendered":"\u00c0 propos"},"content":{"rendered":"<section class=\"carousel-fullwidth alignfull\">\n          <div class=\"carousel\" id=\"carousel-fullwidth\">\n              <div class=\"carousel__slide\" data-color=\"#ffffff\" style=\"background-image:url(https:\/\/www.foliot.com\/wp-content\/uploads\/2025\/05\/Hero-Banner-2.jpg)\">\n                  <div class=\"carousel__over top-left\">\n        \n                          <div class=\"carousel__over__title wysiwyg\"><h1 style=\"text-align: left\">D\u00e9couvrez l\u2019h\u00e9ritage de plus de 30 ans de fabrication de meubles commerciaux<\/h1>\n<\/div>\n                                              <\/div>\n                <style>\n          .carousel__slide[data-color='#ffffff'] .carousel__over__subtitle,\n          .carousel__slide[data-color='#ffffff'] .carousel__over__title,\n          .carousel__slide[data-color='#ffffff'] .carousel__over__button\n          {\n            color:#ffffff;\n          \n          }\n          .carousel__slide[data-color='#ffffff'] .carousel__over__button{\n            border-color:#ffffff;\n          }\n          .carousel__slide[data-color='#ffffff'] .carousel__over__button:hover{\n            background-color:#ffffff;\n          }\n\n        <\/style>\n        <\/div>\n        \n\n        <\/div>\n   \n<\/section>\n\n\n\n<div class=\"wp-block-group alignfull has-background\" style=\"background-color:#e5ded8\"><div class=\"wp-block-group__inner-container is-layout-constrained wp-block-group-is-layout-constrained\">\n<div style=\"height:100px\" aria-hidden=\"true\" class=\"wp-block-spacer\"><\/div>\n\n\n\n<h2 class=\"wp-block-heading\">\u00c0 propos de nous<\/h2>\n\n\n\n<p class=\"has-large-font-size\">Bienvenue chez Meubles Foliot, un fabricant commercial de meubles et de si\u00e8ges de haute qualit\u00e9. Notre parcours a commenc\u00e9 en tant qu&rsquo;entreprise familiale \u00e0 Montr\u00e9al, Canada, o\u00f9 nous avons \u00e9tabli une r\u00e9putation d&rsquo;excellence et de savoir-faire. Au cours des trois derni\u00e8res d\u00e9cennies et demie, notre engagement envers l&rsquo;innovation et la satisfaction client nous a propuls\u00e9s vers de nouveaux sommets. Aujourd&rsquo;hui, nous sommes fiers d&rsquo;exploiter trois installations de fabrication \u00e0 la pointe de la technologie: deux \u00e0 Montr\u00e9al et une autre \u00e0 Las Vegas, NV, en plus d\u2019un entrep\u00f4t de 40 000<strong> <\/strong>pi\u00b2 en Caroline du Nord. <\/p>\n\n\n\n<p class=\"has-large-font-size\">Gr\u00e2ce \u00e0 ces op\u00e9rations strat\u00e9giques, nous pouvons pleinement servir nos clients canadiens et am\u00e9ricains avec tous les avantages d&rsquo;un fournisseur domestique. Notre d\u00e9vouement \u00e0 la qualit\u00e9 et au design nous a valu respect et reconnaissance dans l&rsquo;industrie, et nous continuons \u00e0 viser une qualit\u00e9 irr\u00e9prochable pour chaque pi\u00e8ce de mobilier que nous cr\u00e9ons.<\/p>\n\n\n\n<div style=\"height:100px\" aria-hidden=\"true\" class=\"wp-block-spacer\"><\/div>\n<\/div><\/div>\n\n\n\n<div style=\"height:100px\" aria-hidden=\"true\" class=\"wp-block-spacer\"><\/div>\n\n\n\n<div class=\"wp-block-media-text is-stacked-on-mobile\" id=\"quality-control\"><figure class=\"wp-block-media-text__media\"><img loading=\"lazy\" decoding=\"async\" width=\"642\" height=\"502\" src=\"https:\/\/www.foliot.com\/wp-content\/uploads\/2025\/05\/Our-Journey.png\" alt=\"\" class=\"wp-image-109408 size-full\" srcset=\"https:\/\/www.foliot.com\/wp-content\/uploads\/2025\/05\/Our-Journey.png 642w, https:\/\/www.foliot.com\/wp-content\/uploads\/2025\/05\/Our-Journey-300x235.png 300w, https:\/\/www.foliot.com\/wp-content\/uploads\/2025\/05\/Our-Journey-500x391.png 500w, https:\/\/www.foliot.com\/wp-content\/uploads\/2025\/05\/Our-Journey-130x102.png 130w\" sizes=\"(max-width: 642px) 100vw, 642px\" \/><\/figure><div class=\"wp-block-media-text__content\">\n<h2 class=\"wp-block-heading has-text-align-left\">Notre parcours<\/h2>\n\n\n\n<p class=\"has-text-align-left has-large-font-size\">Depuis nos d\u00e9buts en 1991, nous avons toujours privil\u00e9gi\u00e9 des normes de qualit\u00e9 \u00e9lev\u00e9es, l&rsquo;int\u00e9grit\u00e9 et la satisfaction client. Au fil des ans, notre engagement envers ces valeurs fondamentales a aliment\u00e9 notre croissance et notre expansion, nous permettant de desservir un march\u00e9 plus large tout en conservant la touche personnelle qui nous distingue depuis nos d\u00e9buts.<\/p>\n<\/div><\/div>\n\n\n\n<div style=\"height:100px\" aria-hidden=\"true\" class=\"wp-block-spacer\"><\/div>\n\n\n\n<div class=\"wp-block-media-text has-media-on-the-right is-stacked-on-mobile\" id=\"shipping\"><div class=\"wp-block-media-text__content\">\n<h2 class=\"wp-block-heading has-text-align-left\">Notre expertise<\/h2>\n\n\n\n<p class=\"has-text-align-left has-large-font-size\">Chez Meubles Foliot, nous nous sp\u00e9cialisons dans la conception et la fabrication de meubles et de si\u00e8ges qui r\u00e9sistent \u00e0 l&rsquo;\u00e9preuve du temps. Nos gammes de produits s&rsquo;adressent \u00e0 divers secteurs, notamment:<\/p>\n\n\n<div class=\"wp-block-list wp-block container-wrapper\">\n<ul>\n<li class=\"has-large-font-size\"><strong>R\u00e9sidences \u00e9tudiantes<\/strong>: Cr\u00e9ation d&rsquo;espaces de vie confortables et \u00e9l\u00e9gants pour les \u00e9tudiants.<\/li>\n\n\n\n<li class=\"has-large-font-size\"><strong>H\u00f4tellerie<\/strong>: Fourniture de meubles \u00e9l\u00e9gants et fonctionnels qui am\u00e9liorent l&rsquo;exp\u00e9rience des invit\u00e9s.<\/li>\n\n\n\n<li class=\"has-large-font-size\"><strong>Soins de sant\u00e9<\/strong>: Offre de solutions durables et pratiques pour divers environnements de services sociaux.<\/li>\n\n\n\n<li class=\"has-large-font-size\"><strong>Logement du personnel:<\/strong> Assurer que l&rsquo;h\u00e9bergement du personnel soit \u00e0 la fois confortable et efficace.<\/li>\n<\/ul>\n<\/div><\/div><figure class=\"wp-block-media-text__media\"><img loading=\"lazy\" decoding=\"async\" width=\"1024\" height=\"683\" src=\"https:\/\/www.foliot.com\/wp-content\/uploads\/2025\/05\/Our-Expertise-1024x683.jpg\" alt=\"\" class=\"wp-image-109417 size-full\" srcset=\"https:\/\/www.foliot.com\/wp-content\/uploads\/2025\/05\/Our-Expertise-1024x683.jpg 1024w, https:\/\/www.foliot.com\/wp-content\/uploads\/2025\/05\/Our-Expertise-300x200.jpg 300w, https:\/\/www.foliot.com\/wp-content\/uploads\/2025\/05\/Our-Expertise-768x512.jpg 768w, https:\/\/www.foliot.com\/wp-content\/uploads\/2025\/05\/Our-Expertise-1536x1024.jpg 1536w, https:\/\/www.foliot.com\/wp-content\/uploads\/2025\/05\/Our-Expertise-770x513.jpg 770w, https:\/\/www.foliot.com\/wp-content\/uploads\/2025\/05\/Our-Expertise-500x333.jpg 500w, https:\/\/www.foliot.com\/wp-content\/uploads\/2025\/05\/Our-Expertise-700x467.jpg 700w, https:\/\/www.foliot.com\/wp-content\/uploads\/2025\/05\/Our-Expertise-130x87.jpg 130w, https:\/\/www.foliot.com\/wp-content\/uploads\/2025\/05\/Our-Expertise.jpg 1920w\" sizes=\"(max-width: 1024px) 100vw, 1024px\" \/><\/figure><\/div>\n\n\n\n<div style=\"height:100px\" aria-hidden=\"true\" class=\"wp-block-spacer\"><\/div>\n\n\n\n<div class=\"wp-block-media-text is-stacked-on-mobile\"><figure class=\"wp-block-media-text__media\"><img loading=\"lazy\" decoding=\"async\" width=\"1024\" height=\"693\" src=\"https:\/\/www.foliot.com\/wp-content\/uploads\/2025\/05\/State-of-the-art-facilities-1-1024x693.jpg\" alt=\"\" class=\"wp-image-109477 size-full\" srcset=\"https:\/\/www.foliot.com\/wp-content\/uploads\/2025\/05\/State-of-the-art-facilities-1-1024x693.jpg 1024w, https:\/\/www.foliot.com\/wp-content\/uploads\/2025\/05\/State-of-the-art-facilities-1-300x203.jpg 300w, https:\/\/www.foliot.com\/wp-content\/uploads\/2025\/05\/State-of-the-art-facilities-1-768x520.jpg 768w, https:\/\/www.foliot.com\/wp-content\/uploads\/2025\/05\/State-of-the-art-facilities-1-770x521.jpg 770w, https:\/\/www.foliot.com\/wp-content\/uploads\/2025\/05\/State-of-the-art-facilities-1-500x338.jpg 500w, https:\/\/www.foliot.com\/wp-content\/uploads\/2025\/05\/State-of-the-art-facilities-1-700x474.jpg 700w, https:\/\/www.foliot.com\/wp-content\/uploads\/2025\/05\/State-of-the-art-facilities-1-130x88.jpg 130w, https:\/\/www.foliot.com\/wp-content\/uploads\/2025\/05\/State-of-the-art-facilities-1.jpg 1250w\" sizes=\"(max-width: 1024px) 100vw, 1024px\" \/><\/figure><div class=\"wp-block-media-text__content\">\n<h2 class=\"wp-block-heading has-text-align-left\">Installations \u00e0 la pointe de la technologie<\/h2>\n\n\n\n<p class=\"has-text-align-left has-large-font-size\">Nos installations de fabrication de pointe au Canada et aux \u00c9tats-Unis sont \u00e9quip\u00e9es des derni\u00e8res technologies et dot\u00e9es d&rsquo;une \u00e9quipe de professionnels qualifi\u00e9s d\u00e9vou\u00e9s \u00e0 l&rsquo;excellence. Ces installations nous permettent de produire des meubles de haute qualit\u00e9 qui r\u00e9pondent aux exigences rigoureuses de nos clients tout en respectant les normes les plus \u00e9lev\u00e9es de durabilit\u00e9 et d&rsquo;efficacit\u00e9.<\/p>\n<\/div><\/div>\n\n\n\n<div style=\"height:100px\" aria-hidden=\"true\" class=\"wp-block-spacer\"><\/div>\n\n\n\n<div class=\"wp-block-media-text has-media-on-the-right is-stacked-on-mobile\"><div class=\"wp-block-media-text__content\">\n<h2 class=\"wp-block-heading has-text-align-left\">Notre engagement<\/h2>\n\n\n\n<p class=\"has-text-align-left has-large-font-size\">Alors que nous continuons \u00e0 cro\u00eetre, notre engagement envers la qualit\u00e9, l&rsquo;innovation et la satisfaction client restent in\u00e9branlables. Nous sommes fiers de notre h\u00e9ritage et enthousiastes quant \u00e0 l&rsquo;avenir, alors que nous nous effor\u00e7ons d&rsquo;\u00e9tablir de nouveaux standards dans l&rsquo;industrie du mobilier commercial. Nous avons h\u00e2te de collaborer avec vous pour cr\u00e9er des espaces qui sont non seulement fonctionnels mais aussi inspirants.<\/p>\n\n\n\n<p class=\"has-text-align-left has-large-font-size\"><em><em>\u00ab Le succ\u00e8s ici se vit au quotidien. Je suis tr\u00e8s fier de notre \u00e9quipe. \u00bb<\/em> &#8211; Daniel Foliot, Fondateur<\/em><\/p>\n<\/div><figure class=\"wp-block-media-text__media\"><img loading=\"lazy\" decoding=\"async\" width=\"1024\" height=\"693\" src=\"https:\/\/www.foliot.com\/wp-content\/uploads\/2025\/05\/Our-Commitment-1024x693.jpg\" alt=\"\" class=\"wp-image-109429 size-full\" srcset=\"https:\/\/www.foliot.com\/wp-content\/uploads\/2025\/05\/Our-Commitment-1024x693.jpg 1024w, https:\/\/www.foliot.com\/wp-content\/uploads\/2025\/05\/Our-Commitment-300x203.jpg 300w, https:\/\/www.foliot.com\/wp-content\/uploads\/2025\/05\/Our-Commitment-768x520.jpg 768w, https:\/\/www.foliot.com\/wp-content\/uploads\/2025\/05\/Our-Commitment-1536x1039.jpg 1536w, https:\/\/www.foliot.com\/wp-content\/uploads\/2025\/05\/Our-Commitment-770x521.jpg 770w, https:\/\/www.foliot.com\/wp-content\/uploads\/2025\/05\/Our-Commitment-500x338.jpg 500w, https:\/\/www.foliot.com\/wp-content\/uploads\/2025\/05\/Our-Commitment-700x474.jpg 700w, https:\/\/www.foliot.com\/wp-content\/uploads\/2025\/05\/Our-Commitment-130x88.jpg 130w, https:\/\/www.foliot.com\/wp-content\/uploads\/2025\/05\/Our-Commitment.jpg 1920w\" sizes=\"(max-width: 1024px) 100vw, 1024px\" \/><\/figure><\/div>\n\n\n\n<div style=\"height:100px\" aria-hidden=\"true\" class=\"wp-block-spacer\"><\/div>\n\n\n\n<div class=\"wp-block-group small_section has-background\" style=\"background-color:#d19722\"><div class=\"wp-block-group__inner-container is-layout-constrained wp-block-group-is-layout-constrained\">\n<div style=\"height:100px\" aria-hidden=\"true\" class=\"wp-block-spacer\"><\/div>\n\n\n\n<h2 class=\"wp-block-heading has-text-align-center\">Mission<\/h2>\n\n\n\n<p class=\"has-text-align-center has-large-font-size\">La mission de Meubles Foliot est de concevoir et de fabriquer des meubles de haute qualit\u00e9 tout en offrant un environnement harmonieux \u00e0 ses clients, employ\u00e9s et communaut\u00e9 environnante.<\/p>\n\n\n\n<div style=\"height:100px\" aria-hidden=\"true\" class=\"wp-block-spacer\"><\/div>\n<\/div><\/div>\n\n\n\n<div style=\"height:100px\" aria-hidden=\"true\" class=\"wp-block-spacer\"><\/div>\n\n\n\n<div class=\"wp-block-group\"><div class=\"wp-block-group__inner-container is-layout-constrained wp-block-group-is-layout-constrained\">\n<h2 class=\"wp-block-heading has-text-align-center\">Nos valeurs<\/h2>\n\n\n\n<div style=\"height:30px\" aria-hidden=\"true\" class=\"wp-block-spacer\"><\/div>\n<\/div><\/div>\n\n\n\n<div class=\"wp-block-group alignfull\"><div class=\"wp-block-group__inner-container is-layout-constrained wp-block-group-is-layout-constrained\">\n<div class=\"wp-block-columns are-vertically-aligned-top is-style-no-gap is-layout-flex wp-container-core-columns-is-layout-1 wp-block-columns-is-layout-flex\">\n<div class=\"wp-block-column is-vertically-aligned-top is-layout-flow wp-block-column-is-layout-flow\"><div class=\"wp-block-image\">\n<figure class=\"aligncenter size-full is-resized\"><img loading=\"lazy\" decoding=\"async\" width=\"512\" height=\"512\" src=\"https:\/\/www.foliot.com\/wp-content\/uploads\/2025\/04\/safety.png\" alt=\"\" class=\"wp-image-107763\" style=\"object-fit:cover;width:77px;height:77px\" srcset=\"https:\/\/www.foliot.com\/wp-content\/uploads\/2025\/04\/safety.png 512w, https:\/\/www.foliot.com\/wp-content\/uploads\/2025\/04\/safety-300x300.png 300w, https:\/\/www.foliot.com\/wp-content\/uploads\/2025\/04\/safety-150x150.png 150w, https:\/\/www.foliot.com\/wp-content\/uploads\/2025\/04\/safety-500x500.png 500w, https:\/\/www.foliot.com\/wp-content\/uploads\/2025\/04\/safety-130x130.png 130w\" sizes=\"(max-width: 512px) 100vw, 512px\" \/><\/figure><\/div>\n\n\n<h3 class=\"wp-block-heading has-text-align-center\" style=\"font-style:normal;font-weight:300\"><strong><strong>S\u00e9curit\u00e9<\/strong><\/strong><\/h3>\n\n\n\n<h5 class=\"wp-block-heading has-text-align-center\" style=\"font-style:normal;font-weight:300\">Prenez soin de vous et des autres.<\/h5>\n<\/div>\n\n\n\n<div class=\"wp-block-column is-vertically-aligned-top is-layout-flow wp-block-column-is-layout-flow\"><div class=\"wp-block-image\">\n<figure class=\"aligncenter size-full is-resized\"><img loading=\"lazy\" decoding=\"async\" width=\"512\" height=\"512\" src=\"https:\/\/www.foliot.com\/wp-content\/uploads\/2025\/04\/handshake.png\" alt=\"\" class=\"wp-image-107771\" style=\"object-fit:cover;width:77px;height:77px\" srcset=\"https:\/\/www.foliot.com\/wp-content\/uploads\/2025\/04\/handshake.png 512w, https:\/\/www.foliot.com\/wp-content\/uploads\/2025\/04\/handshake-300x300.png 300w, https:\/\/www.foliot.com\/wp-content\/uploads\/2025\/04\/handshake-150x150.png 150w, https:\/\/www.foliot.com\/wp-content\/uploads\/2025\/04\/handshake-500x500.png 500w, https:\/\/www.foliot.com\/wp-content\/uploads\/2025\/04\/handshake-130x130.png 130w\" sizes=\"(max-width: 512px) 100vw, 512px\" \/><\/figure><\/div>\n\n\n<h3 class=\"wp-block-heading has-text-align-center\" style=\"font-style:normal;font-weight:300\"><strong><strong>Harmonie<\/strong><\/strong><\/h3>\n\n\n\n<h5 class=\"wp-block-heading has-text-align-center\" style=\"font-style:normal;font-weight:300\">Parce que l&rsquo;\u00e9nergie circule l\u00e0 o\u00f9 il y a le moins de r\u00e9sistance.<\/h5>\n<\/div>\n\n\n\n<div class=\"wp-block-column is-vertically-aligned-top is-layout-flow wp-block-column-is-layout-flow\"><div class=\"wp-block-image\">\n<figure class=\"aligncenter size-full is-resized\"><img loading=\"lazy\" decoding=\"async\" width=\"512\" height=\"512\" src=\"https:\/\/www.foliot.com\/wp-content\/uploads\/2025\/04\/Shield-Check-mark.png\" alt=\"\" class=\"wp-image-107783\" style=\"object-fit:cover;width:77px;height:77px\" srcset=\"https:\/\/www.foliot.com\/wp-content\/uploads\/2025\/04\/Shield-Check-mark.png 512w, https:\/\/www.foliot.com\/wp-content\/uploads\/2025\/04\/Shield-Check-mark-300x300.png 300w, https:\/\/www.foliot.com\/wp-content\/uploads\/2025\/04\/Shield-Check-mark-150x150.png 150w, https:\/\/www.foliot.com\/wp-content\/uploads\/2025\/04\/Shield-Check-mark-500x500.png 500w, https:\/\/www.foliot.com\/wp-content\/uploads\/2025\/04\/Shield-Check-mark-130x130.png 130w\" sizes=\"(max-width: 512px) 100vw, 512px\" \/><\/figure><\/div>\n\n\n<h3 class=\"wp-block-heading has-text-align-center\" style=\"font-style:normal;font-weight:300\"><strong><strong>Int\u00e9grit\u00e9<\/strong><\/strong><\/h3>\n\n\n\n<h5 class=\"wp-block-heading has-text-align-center\" style=\"font-style:normal;font-weight:300\">L&rsquo;int\u00e9grit\u00e9, c&rsquo;est faire ce qu&rsquo;il faut, m\u00eame quand personne ne regarde.<\/h5>\n<\/div>\n\n\n\n<div class=\"wp-block-column is-layout-flow wp-block-column-is-layout-flow\"><div class=\"wp-block-image\">\n<figure class=\"aligncenter size-full is-resized\"><img loading=\"lazy\" decoding=\"async\" width=\"512\" height=\"512\" src=\"https:\/\/www.foliot.com\/wp-content\/uploads\/2025\/04\/Light-bulb.png\" alt=\"\" class=\"wp-image-107791\" style=\"object-fit:cover;width:77px;height:77px\" srcset=\"https:\/\/www.foliot.com\/wp-content\/uploads\/2025\/04\/Light-bulb.png 512w, https:\/\/www.foliot.com\/wp-content\/uploads\/2025\/04\/Light-bulb-300x300.png 300w, https:\/\/www.foliot.com\/wp-content\/uploads\/2025\/04\/Light-bulb-150x150.png 150w, https:\/\/www.foliot.com\/wp-content\/uploads\/2025\/04\/Light-bulb-500x500.png 500w, https:\/\/www.foliot.com\/wp-content\/uploads\/2025\/04\/Light-bulb-130x130.png 130w\" sizes=\"(max-width: 512px) 100vw, 512px\" \/><\/figure><\/div>\n\n\n<h3 class=\"wp-block-heading has-text-align-center\" style=\"font-style:normal;font-weight:300\"><strong>Innovation<\/strong><\/h3>\n\n\n\n<h5 class=\"wp-block-heading has-text-align-center\" style=\"font-style:normal;font-weight:300\">Nous croyons que l&rsquo;innovation diff\u00e9rencie les chefs de file des suiveurs.<\/h5>\n<\/div>\n\n\n\n<div class=\"wp-block-column is-layout-flow wp-block-column-is-layout-flow\"><div class=\"wp-block-image\">\n<figure class=\"aligncenter size-full is-resized\"><img loading=\"lazy\" decoding=\"async\" width=\"512\" height=\"512\" src=\"https:\/\/www.foliot.com\/wp-content\/uploads\/2025\/04\/heart.png\" alt=\"\" class=\"wp-image-107799\" style=\"object-fit:cover;width:77px;height:77px\" srcset=\"https:\/\/www.foliot.com\/wp-content\/uploads\/2025\/04\/heart.png 512w, https:\/\/www.foliot.com\/wp-content\/uploads\/2025\/04\/heart-300x300.png 300w, https:\/\/www.foliot.com\/wp-content\/uploads\/2025\/04\/heart-150x150.png 150w, https:\/\/www.foliot.com\/wp-content\/uploads\/2025\/04\/heart-500x500.png 500w, https:\/\/www.foliot.com\/wp-content\/uploads\/2025\/04\/heart-130x130.png 130w\" sizes=\"(max-width: 512px) 100vw, 512px\" \/><\/figure><\/div>\n\n\n<h3 class=\"wp-block-heading has-text-align-center\" style=\"font-style:normal;font-weight:300\"><strong>Passion<\/strong><\/h3>\n\n\n\n<h5 class=\"wp-block-heading has-text-align-center\" style=\"font-style:normal;font-weight:300\">Vivez intens\u00e9ment et intentionnellement, pas par habitude.<\/h5>\n<\/div>\n\n\n\n<div class=\"wp-block-column is-vertically-aligned-top is-layout-flow wp-block-column-is-layout-flow\"><div class=\"wp-block-image\">\n<figure class=\"aligncenter size-full is-resized\"><img loading=\"lazy\" decoding=\"async\" width=\"512\" height=\"512\" src=\"https:\/\/www.foliot.com\/wp-content\/uploads\/2025\/04\/Graph.png\" alt=\"\" class=\"wp-image-107807\" style=\"object-fit:cover;width:77px;height:77px\" srcset=\"https:\/\/www.foliot.com\/wp-content\/uploads\/2025\/04\/Graph.png 512w, https:\/\/www.foliot.com\/wp-content\/uploads\/2025\/04\/Graph-300x300.png 300w, https:\/\/www.foliot.com\/wp-content\/uploads\/2025\/04\/Graph-150x150.png 150w, https:\/\/www.foliot.com\/wp-content\/uploads\/2025\/04\/Graph-500x500.png 500w, https:\/\/www.foliot.com\/wp-content\/uploads\/2025\/04\/Graph-130x130.png 130w\" sizes=\"(max-width: 512px) 100vw, 512px\" \/><\/figure><\/div>\n\n\n<h3 class=\"wp-block-heading has-text-align-center\" style=\"font-style:normal;font-weight:300\"><strong><strong>Efficacit\u00e9<\/strong><\/strong><\/h3>\n\n\n\n<h5 class=\"wp-block-heading has-text-align-center\" style=\"font-style:normal;font-weight:300\">Mesurez deux fois, coupez une fois.<\/h5>\n<\/div>\n<\/div>\n<\/div><\/div>\n\n\n\n<div class=\"wp-block-buttons is-content-justification-center is-layout-flex wp-container-core-buttons-is-layout-1 wp-block-buttons-is-layout-flex\">\n<div class=\"wp-block-button is-style-outline\"><a class=\"wp-block-button__link wp-element-button\" href=\"https:\/\/www.foliot.com\/fr\/nos-valeurs\/\">En savoir plus<\/a><\/div>\n<\/div>\n\n\n\n<div style=\"height:140px\" aria-hidden=\"true\" class=\"wp-block-spacer\"><\/div>\n","protected":false},"excerpt":{"rendered":"<p>\u00c0 propos de nous Bienvenue chez Meubles Foliot, un fabricant commercial de meubles et de si\u00e8ges de haute qualit\u00e9. Notre parcours a commenc\u00e9 en tant qu&rsquo;entreprise familiale \u00e0 Montr\u00e9al, Canada, o\u00f9 nous avons \u00e9tabli une r\u00e9putation d&rsquo;excellence et de savoir-faire. Au cours des trois derni\u00e8res d\u00e9cennies et demie, notre engagement envers l&rsquo;innovation et la satisfaction &hellip; <a href=\"https:\/\/www.foliot.com\/fr\/a-propos\/\">Continued<\/a><\/p>\n","protected":false},"author":48,"featured_media":0,"parent":0,"menu_order":0,"comment_status":"closed","ping_status":"closed","template":"template-without-header.php","meta":{"content-type":"","_relevanssi_hide_post":"","_relevanssi_hide_content":"","_relevanssi_pin_for_all":"","_relevanssi_pin_keywords":"","_relevanssi_unpin_keywords":"","_relevanssi_related_keywords":"","_relevanssi_related_include_ids":"","_relevanssi_related_exclude_ids":"","_relevanssi_related_no_append":"","_relevanssi_related_not_related":"","_relevanssi_related_posts":"109159,108987,108979,108951,109189,108967","_relevanssi_noindex_reason":"","footnotes":""},"acf":[],"_links":{"self":[{"href":"https:\/\/www.foliot.com\/fr\/wp-json\/wp\/v2\/pages\/109555"}],"collection":[{"href":"https:\/\/www.foliot.com\/fr\/wp-json\/wp\/v2\/pages"}],"about":[{"href":"https:\/\/www.foliot.com\/fr\/wp-json\/wp\/v2\/types\/page"}],"author":[{"embeddable":true,"href":"https:\/\/www.foliot.com\/fr\/wp-json\/wp\/v2\/users\/48"}],"replies":[{"embeddable":true,"href":"https:\/\/www.foliot.com\/fr\/wp-json\/wp\/v2\/comments?post=109555"}],"version-history":[{"count":16,"href":"https:\/\/www.foliot.com\/fr\/wp-json\/wp\/v2\/pages\/109555\/revisions"}],"predecessor-version":[{"id":110137,"href":"https:\/\/www.foliot.com\/fr\/wp-json\/wp\/v2\/pages\/109555\/revisions\/110137"}],"wp:attachment":[{"href":"https:\/\/www.foliot.com\/fr\/wp-json\/wp\/v2\/media?parent=109555"}],"curies":[{"name":"wp","href":"https:\/\/api.w.org\/{rel}","templated":true}]}}