{"id":112981,"date":"2025-10-29T13:35:50","date_gmt":"2025-10-29T17:35:50","guid":{"rendered":"https:\/\/www.foliot.com\/?page_id=112981"},"modified":"2025-10-29T13:35:53","modified_gmt":"2025-10-29T17:35:53","slug":"choice-hotels-canada","status":"publish","type":"page","link":"https:\/\/www.foliot.com\/fr\/decouvrez-hotel\/bannieres-approuvees\/choice-hotels-canada\/","title":{"rendered":"Choice Hotels Canada"},"content":{"rendered":"<section class=\"carousel-fullwidth alignfull\">\n          <div class=\"carousel\" id=\"carousel-fullwidth\">\n              <div class=\"carousel__slide\" data-color=\"#ffffff\" style=\"background-image:url(https:\/\/www.foliot.com\/wp-content\/uploads\/2025\/10\/Choice-carrousel.jpg)\">\n                <style>\n          .carousel__slide[data-color='#ffffff'] .carousel__over__subtitle,\n          .carousel__slide[data-color='#ffffff'] .carousel__over__title,\n          .carousel__slide[data-color='#ffffff'] .carousel__over__button\n          {\n            color:#ffffff;\n          \n          }\n          .carousel__slide[data-color='#ffffff'] .carousel__over__button{\n            border-color:#ffffff;\n          }\n          .carousel__slide[data-color='#ffffff'] .carousel__over__button:hover{\n            background-color:#ffffff;\n          }\n\n        <\/style>\n        <\/div>\n        \n\n        <\/div>\n   \n<\/section>\n\n\n<section class=\"rep-and-collection wysiwyg alignwide\">\n\n    <div class=\"rep-and-collection__desc \n    desc-flex    \" >\n             <img loading=\"lazy\" decoding=\"async\" width=\"155\" height=\"60\" src=\"https:\/\/www.foliot.com\/wp-content\/uploads\/2025\/10\/Choice-Hotels-approved-brand-Qualified.png\" class=\"attachment-medium size-medium\" alt=\"\" srcset=\"https:\/\/www.foliot.com\/wp-content\/uploads\/2025\/10\/Choice-Hotels-approved-brand-Qualified.png 155w, https:\/\/www.foliot.com\/wp-content\/uploads\/2025\/10\/Choice-Hotels-approved-brand-Qualified-130x50.png 130w\" sizes=\"(max-width: 155px) 100vw, 155px\" \/>         \n\n            <div>    \n              <h4 class=\"rep-and-collection__title\">Fournisseur qualifi\u00e9<\/h4>\n                    <p>En tant que fournisseur FF&amp;E qualifi\u00e9, Meubles Foliot est l\u00e0 pour simplifier vos projets d&rsquo;ameublement\u2014que vous modernisiez une chambre, repensiez un hall d&rsquo;entr\u00e9e ou \u00e9quipiez une propri\u00e9t\u00e9 enti\u00e8re.<\/p>\n            <\/div>\n    <\/div>\n\n  \n<\/section>\n\n\n\n<h1 class=\"wp-block-heading has-text-align-center\">Fiers de collaborer avec Choice Canada\u2014Voici ce que cela signifie pour vous.<\/h1>\n\n\n\n<p>Foliot est un fabricant canadien de mobilier contractuel avec plus de <strong>trente ans d\u2019exp\u00e9rience<\/strong>. Nous sommes sp\u00e9cialis\u00e9s dans l\u2019ameublement commercial pour l\u2019h\u00f4tellerie, offrant des solutions compl\u00e8tes et con\u00e7ues sur mesure pour des chambres de toutes tailles et de tous styles. Gr\u00e2ce \u00e0 notre mod\u00e8le d\u2019int\u00e9gration verticale, nous concevons, fabriquons et livrons tous nos produits nous-m\u00eames\u2014<strong>ici m\u00eame en Am\u00e9rique du Nord<\/strong>.<\/p>\n\n\n\n<div style=\"height:100px\" aria-hidden=\"true\" class=\"wp-block-spacer\"><\/div>\n","protected":false},"excerpt":{"rendered":"<p>Fiers de collaborer avec Choice Canada\u2014Voici ce que cela signifie pour vous. Foliot est un fabricant canadien de mobilier contractuel avec plus de trente ans d\u2019exp\u00e9rience. Nous sommes sp\u00e9cialis\u00e9s dans l\u2019ameublement commercial pour l\u2019h\u00f4tellerie, offrant des solutions compl\u00e8tes et con\u00e7ues sur mesure pour des chambres de toutes tailles et de tous styles. Gr\u00e2ce \u00e0 notre &hellip; <a href=\"https:\/\/www.foliot.com\/fr\/decouvrez-hotel\/bannieres-approuvees\/choice-hotels-canada\/\">Continued<\/a><\/p>\n","protected":false},"author":94,"featured_media":112504,"parent":82022,"menu_order":0,"comment_status":"closed","ping_status":"closed","template":"template-without-header.php","meta":{"content-type":"","_relevanssi_hide_post":"","_relevanssi_hide_content":"","_relevanssi_pin_for_all":"","_relevanssi_pin_keywords":"","_relevanssi_unpin_keywords":"","_relevanssi_related_keywords":"","_relevanssi_related_include_ids":"","_relevanssi_related_exclude_ids":"","_relevanssi_related_no_append":"","_relevanssi_related_not_related":"","_relevanssi_related_posts":"110308,109159,108979,111232,112864,108987","_relevanssi_noindex_reason":"","footnotes":""},"acf":[],"_links":{"self":[{"href":"https:\/\/www.foliot.com\/fr\/wp-json\/wp\/v2\/pages\/112981"}],"collection":[{"href":"https:\/\/www.foliot.com\/fr\/wp-json\/wp\/v2\/pages"}],"about":[{"href":"https:\/\/www.foliot.com\/fr\/wp-json\/wp\/v2\/types\/page"}],"author":[{"embeddable":true,"href":"https:\/\/www.foliot.com\/fr\/wp-json\/wp\/v2\/users\/94"}],"replies":[{"embeddable":true,"href":"https:\/\/www.foliot.com\/fr\/wp-json\/wp\/v2\/comments?post=112981"}],"version-history":[{"count":2,"href":"https:\/\/www.foliot.com\/fr\/wp-json\/wp\/v2\/pages\/112981\/revisions"}],"predecessor-version":[{"id":112987,"href":"https:\/\/www.foliot.com\/fr\/wp-json\/wp\/v2\/pages\/112981\/revisions\/112987"}],"up":[{"embeddable":true,"href":"https:\/\/www.foliot.com\/fr\/wp-json\/wp\/v2\/pages\/82022"}],"wp:featuredmedia":[{"embeddable":true,"href":"https:\/\/www.foliot.com\/fr\/wp-json\/wp\/v2\/media\/112504"}],"wp:attachment":[{"href":"https:\/\/www.foliot.com\/fr\/wp-json\/wp\/v2\/media?parent=112981"}],"curies":[{"name":"wp","href":"https:\/\/api.w.org\/{rel}","templated":true}]}}