{"id":79813,"date":"2020-10-15T15:43:46","date_gmt":"2020-10-15T19:43:46","guid":{"rendered":"https:\/\/www.foliot.com\/discover-foliot\/"},"modified":"2024-07-25T17:37:30","modified_gmt":"2024-07-25T21:37:30","slug":"decouvrez-foliot","status":"publish","type":"page","link":"https:\/\/www.foliot.com\/fr\/decouvrez-foliot\/","title":{"rendered":"D\u00e9couvrez Foliot"},"content":{"rendered":"\n<div class=\"wp-block-cover alignfull is-light\" style=\"min-height:989px;aspect-ratio:unset;\"><span aria-hidden=\"true\" class=\"wp-block-cover__background has-background-dim-10 has-background-dim\"><\/span><video class=\"wp-block-cover__video-background intrinsic-ignore\" autoplay muted loop playsinline src=\"https:\/\/www.foliot.com\/wp-content\/uploads\/2021\/05\/Foliot_Furniture_032021.mp4\" data-object-fit=\"cover\"><\/video><div class=\"wp-block-cover__inner-container is-layout-flow wp-block-cover-is-layout-flow\"><section class=\"foliot-separator\"><\/section>\n\n\n<section class=\"foliot-separator\"><\/section>\n\n\n\n<h1 class=\"wp-block-heading has-text-align-center\">Mobilier commercial con\u00e7u diff\u00e9remment<\/h1>\n\n\n<section class=\"foliot-separator\"><\/section>\n\n\n\n<h4 class=\"wp-block-heading has-text-align-center\">D\u00e9couvrez comment<\/h4>\n\n\n<div class=\"wp-block-image\">\n<figure class=\"aligncenter is-resized\"><img loading=\"lazy\" decoding=\"async\" width=\"336\" height=\"336\" src=\"https:\/\/www.foliot.com\/wp-content\/uploads\/2021\/05\/fleche.png\" alt=\"\" class=\"wp-image-68303\" style=\"width:298px;height:298px\" srcset=\"https:\/\/www.foliot.com\/wp-content\/uploads\/2021\/05\/fleche.png 336w, https:\/\/www.foliot.com\/wp-content\/uploads\/2021\/05\/fleche-300x300.png 300w, https:\/\/www.foliot.com\/wp-content\/uploads\/2021\/05\/fleche-150x150.png 150w, https:\/\/www.foliot.com\/wp-content\/uploads\/2021\/05\/fleche-130x130.png 130w\" sizes=\"(max-width: 336px) 100vw, 336px\" \/><\/figure><\/div><\/div><\/div>\n\n\n<section class=\"foliot-separator\"><\/section>\n\n\n\n\n<section class=\"foliot-separator\"><\/section>\n\n\n\n<div class=\"wp-block-media-text is-stacked-on-mobile is-style-default\" id=\"design-engineering\"><figure class=\"wp-block-media-text__media\"><img loading=\"lazy\" decoding=\"async\" width=\"1024\" height=\"744\" src=\"https:\/\/www.foliot.com\/wp-content\/uploads\/2021\/03\/Foliot_design_plan-1024x744.jpg\" alt=\"\" class=\"wp-image-54245 size-full\" srcset=\"https:\/\/www.foliot.com\/wp-content\/uploads\/2021\/03\/Foliot_design_plan-1024x744.jpg 1024w, https:\/\/www.foliot.com\/wp-content\/uploads\/2021\/03\/Foliot_design_plan-300x218.jpg 300w, https:\/\/www.foliot.com\/wp-content\/uploads\/2021\/03\/Foliot_design_plan-768x558.jpg 768w, https:\/\/www.foliot.com\/wp-content\/uploads\/2021\/03\/Foliot_design_plan-770x560.jpg 770w, https:\/\/www.foliot.com\/wp-content\/uploads\/2021\/03\/Foliot_design_plan-500x363.jpg 500w, https:\/\/www.foliot.com\/wp-content\/uploads\/2021\/03\/Foliot_design_plan-700x509.jpg 700w, https:\/\/www.foliot.com\/wp-content\/uploads\/2021\/03\/Foliot_design_plan-130x94.jpg 130w, https:\/\/www.foliot.com\/wp-content\/uploads\/2021\/03\/Foliot_design_plan.jpg 1500w\" sizes=\"(max-width: 1024px) 100vw, 1024px\" \/><\/figure><div class=\"wp-block-media-text__content\">\n<h2 class=\"wp-block-heading\">Conception ing\u00e9nieuse<\/h2>\n\n\n\n<p class=\"has-large-font-size\">Nos designers excellent \u00e0 d\u00e9velopper des solutions sur-mesure \u00e0 des prix tr\u00e8s comp\u00e9titifs. Gr\u00e2ce \u00e0 notre suite de logiciels CAO, nos ing\u00e9nieurs peuvent cr\u00e9er des mod\u00e8les 3D r\u00e9alistes de vos meubles, vous assurant ainsi que le r\u00e9sultat final r\u00e9pondra \u00e0 vos attentes. De plus, vous pouvez choisir parmi plusieurs options pratiques et esth\u00e9tiques pour personnaliser vos cr\u00e9ations selon vos go\u00fbts et vos besoins.<\/p>\n<\/div><\/div>\n\n\n\n<div style=\"height:100px\" aria-hidden=\"true\" class=\"wp-block-spacer\"><\/div>\n\n\n\n<div class=\"wp-block-media-text alignwide has-media-on-the-right is-stacked-on-mobile\" id=\"manufacturing\"><div class=\"wp-block-media-text__content\">\n<h2 class=\"wp-block-heading has-text-align-right\">Fabrication<\/h2>\n\n\n\n<p class=\"has-text-align-right has-large-font-size\">Les lignes de production informatis\u00e9es de Foliot permettent de fabriquer chaque produit avec une extr\u00eame pr\u00e9cision. Cette conception standardis\u00e9e offre de r\u00e9els avantages \u00e0 nos clients, comme de pouvoir m\u00e9langer les anciennes gammes de produits avec les plus r\u00e9centes sans que rien n&rsquo;y paraisse et d\u2019obtenir facilement des pi\u00e8ces de remplacement gr\u00e2ce \u00e0 une banque de donn\u00e9es qui r\u00e9pertorie les d\u00e9tails de construction de chaque meuble que nous avons cr\u00e9\u00e9.<\/p>\n<\/div><figure class=\"wp-block-media-text__media\"><img loading=\"lazy\" decoding=\"async\" width=\"894\" height=\"727\" src=\"https:\/\/www.foliot.com\/wp-content\/uploads\/2021\/01\/Mask-Group-187.png\" alt=\"\" class=\"wp-image-41700 size-full\" srcset=\"https:\/\/www.foliot.com\/wp-content\/uploads\/2021\/01\/Mask-Group-187.png 894w, https:\/\/www.foliot.com\/wp-content\/uploads\/2021\/01\/Mask-Group-187-300x244.png 300w, https:\/\/www.foliot.com\/wp-content\/uploads\/2021\/01\/Mask-Group-187-768x625.png 768w, https:\/\/www.foliot.com\/wp-content\/uploads\/2021\/01\/Mask-Group-187-770x626.png 770w, https:\/\/www.foliot.com\/wp-content\/uploads\/2021\/01\/Mask-Group-187-500x407.png 500w, https:\/\/www.foliot.com\/wp-content\/uploads\/2021\/01\/Mask-Group-187-700x569.png 700w, https:\/\/www.foliot.com\/wp-content\/uploads\/2021\/01\/Mask-Group-187-130x106.png 130w\" sizes=\"(max-width: 894px) 100vw, 894px\" \/><\/figure><\/div>\n\n\n\n<div style=\"height:100px\" aria-hidden=\"true\" class=\"wp-block-spacer\"><\/div>\n\n\n\n<div class=\"wp-block-media-text is-stacked-on-mobile\" id=\"quality-control\"><figure class=\"wp-block-media-text__media\"><img loading=\"lazy\" decoding=\"async\" width=\"928\" height=\"763\" src=\"https:\/\/www.foliot.com\/wp-content\/uploads\/2021\/01\/Mask-Group-188.png\" alt=\"\" class=\"wp-image-41704 size-full\" srcset=\"https:\/\/www.foliot.com\/wp-content\/uploads\/2021\/01\/Mask-Group-188.png 928w, https:\/\/www.foliot.com\/wp-content\/uploads\/2021\/01\/Mask-Group-188-300x247.png 300w, https:\/\/www.foliot.com\/wp-content\/uploads\/2021\/01\/Mask-Group-188-768x631.png 768w, https:\/\/www.foliot.com\/wp-content\/uploads\/2021\/01\/Mask-Group-188-770x633.png 770w, https:\/\/www.foliot.com\/wp-content\/uploads\/2021\/01\/Mask-Group-188-500x411.png 500w, https:\/\/www.foliot.com\/wp-content\/uploads\/2021\/01\/Mask-Group-188-700x576.png 700w, https:\/\/www.foliot.com\/wp-content\/uploads\/2021\/01\/Mask-Group-188-130x107.png 130w\" sizes=\"(max-width: 928px) 100vw, 928px\" \/><\/figure><div class=\"wp-block-media-text__content\">\n<h2 class=\"wp-block-heading\">Assurance qualit\u00e9<\/h2>\n\n\n\n<p class=\"has-large-font-size\">Foliot observe un processus de contr\u00f4le de qualit\u00e9 strict pour chacun de ses meubles. Tous les produits sont minutieusement inspect\u00e9s \u00e0 leur sortie de la cha\u00eene de montage. Les articles import\u00e9s sont quant \u00e0 eux soumis \u00e0 une v\u00e9rification suppl\u00e9mentaire et nous veillons \u00e0 appliquer les meilleures pratiques de l&rsquo;industrie pour nous assurer de l&rsquo;excellence de nos produits.<\/p>\n<\/div><\/div>\n\n\n\n<div style=\"height:100px\" aria-hidden=\"true\" class=\"wp-block-spacer\"><\/div>\n\n\n\n<div class=\"wp-block-media-text alignwide has-media-on-the-right is-stacked-on-mobile\" id=\"shipping\"><div class=\"wp-block-media-text__content\">\n<h2 class=\"wp-block-heading has-text-align-right\">Exp\u00e9dition<\/h2>\n\n\n\n<p class=\"has-text-align-right has-large-font-size\">Afin d\u2019assurer la tra\u00e7abilit\u00e9 et le suivi efficace des commandes, un code \u00e0 barre distinct est attitr\u00e9 \u00e0 chaque produit Foliot. Une fois assembl\u00e9s, les meubles sont emball\u00e9s dans des boites individuelles avant d\u2019\u00eatre soigneusement charg\u00e9s dans nos camions de livraison par notre \u00e9quipe exp\u00e9riment\u00e9e. Des photos sont prises tout au long du processus de chargement afin d\u2019assurer la conformit\u00e9 des commandes.<\/p>\n<\/div><figure class=\"wp-block-media-text__media\"><img loading=\"lazy\" decoding=\"async\" width=\"997\" height=\"727\" src=\"https:\/\/www.foliot.com\/wp-content\/uploads\/2021\/01\/Mask-Group-190.png\" alt=\"\" class=\"wp-image-41710 size-full\" srcset=\"https:\/\/www.foliot.com\/wp-content\/uploads\/2021\/01\/Mask-Group-190.png 997w, https:\/\/www.foliot.com\/wp-content\/uploads\/2021\/01\/Mask-Group-190-300x219.png 300w, https:\/\/www.foliot.com\/wp-content\/uploads\/2021\/01\/Mask-Group-190-768x560.png 768w, https:\/\/www.foliot.com\/wp-content\/uploads\/2021\/01\/Mask-Group-190-770x561.png 770w, https:\/\/www.foliot.com\/wp-content\/uploads\/2021\/01\/Mask-Group-190-500x365.png 500w, https:\/\/www.foliot.com\/wp-content\/uploads\/2021\/01\/Mask-Group-190-700x510.png 700w, https:\/\/www.foliot.com\/wp-content\/uploads\/2021\/01\/Mask-Group-190-130x95.png 130w\" sizes=\"(max-width: 997px) 100vw, 997px\" \/><\/figure><\/div>\n\n\n\n<div style=\"height:100px\" aria-hidden=\"true\" class=\"wp-block-spacer\"><\/div>\n\n\n\n<div class=\"wp-block-media-text is-stacked-on-mobile\"><figure class=\"wp-block-media-text__media\"><img loading=\"lazy\" decoding=\"async\" width=\"860\" height=\"648\" src=\"https:\/\/www.foliot.com\/wp-content\/uploads\/2021\/08\/account-1.jpg\" alt=\"\" class=\"wp-image-84863 size-full\" srcset=\"https:\/\/www.foliot.com\/wp-content\/uploads\/2021\/08\/account-1.jpg 860w, https:\/\/www.foliot.com\/wp-content\/uploads\/2021\/08\/account-1-300x226.jpg 300w, https:\/\/www.foliot.com\/wp-content\/uploads\/2021\/08\/account-1-768x579.jpg 768w, https:\/\/www.foliot.com\/wp-content\/uploads\/2021\/08\/account-1-770x580.jpg 770w, https:\/\/www.foliot.com\/wp-content\/uploads\/2021\/08\/account-1-500x377.jpg 500w, https:\/\/www.foliot.com\/wp-content\/uploads\/2021\/08\/account-1-700x527.jpg 700w, https:\/\/www.foliot.com\/wp-content\/uploads\/2021\/08\/account-1-130x98.jpg 130w\" sizes=\"(max-width: 860px) 100vw, 860px\" \/><\/figure><div class=\"wp-block-media-text__content\">\n<h2 class=\"wp-block-heading\">Gestion de projet<\/h2>\n\n\n\n<p class=\"has-large-font-size\">Nous croyons que plus nos employ\u00e9s connaissent les produits, mieux ils seront en mesure de vous conseiller.&nbsp; Nos gestionnaires de projet sont des experts dans leur domaine&nbsp;respectif : ils maitrisent chaque d\u00e9tail technique de leur industrie \u00e0 la perfection. Des pi\u00e8ces individuelles aux exigences de construction, en passant par la logistique de livraison, ce sont de v\u00e9ritables alli\u00e9s pour le succ\u00e8s de votre projet.<\/p>\n<\/div><\/div>\n\n\n\n<div style=\"height:100px\" aria-hidden=\"true\" class=\"wp-block-spacer\"><\/div>\n\n\n\n<div class=\"wp-block-media-text alignwide has-media-on-the-right is-stacked-on-mobile\"><div class=\"wp-block-media-text__content\">\n<h2 class=\"wp-block-heading has-text-align-right\">Service apr\u00e8s-vente<\/h2>\n\n\n\n<p class=\"has-text-align-right has-large-font-size\">L\u2019exp\u00e9rience Foliot se poursuit au-del\u00e0 de l\u2019installation. En tout temps, vous n\u2019\u00eates qu\u2019\u00e0 un coup de fil de notre \u00e9quipe de service apr\u00e8s-vente, qui est disponible pour r\u00e9pondre \u00e0 vos questions ou pour vous pr\u00eater assistance.<\/p>\n<\/div><figure class=\"wp-block-media-text__media\"><img loading=\"lazy\" decoding=\"async\" width=\"860\" height=\"711\" src=\"https:\/\/www.foliot.com\/wp-content\/uploads\/2021\/01\/Mask-Group-192.jpg\" alt=\"\" class=\"wp-image-41716 size-full\" srcset=\"https:\/\/www.foliot.com\/wp-content\/uploads\/2021\/01\/Mask-Group-192.jpg 860w, https:\/\/www.foliot.com\/wp-content\/uploads\/2021\/01\/Mask-Group-192-300x248.jpg 300w, https:\/\/www.foliot.com\/wp-content\/uploads\/2021\/01\/Mask-Group-192-768x635.jpg 768w, https:\/\/www.foliot.com\/wp-content\/uploads\/2021\/01\/Mask-Group-192-770x637.jpg 770w, https:\/\/www.foliot.com\/wp-content\/uploads\/2021\/01\/Mask-Group-192-500x413.jpg 500w, https:\/\/www.foliot.com\/wp-content\/uploads\/2021\/01\/Mask-Group-192-700x579.jpg 700w, https:\/\/www.foliot.com\/wp-content\/uploads\/2021\/01\/Mask-Group-192-130x107.jpg 130w\" sizes=\"(max-width: 860px) 100vw, 860px\" \/><\/figure><\/div>\n\n\n<section class=\"foliot-separator\"><\/section>\n","protected":false},"excerpt":{"rendered":"<p>Conception ing\u00e9nieuse Nos designers excellent \u00e0 d\u00e9velopper des solutions sur-mesure \u00e0 des prix tr\u00e8s comp\u00e9titifs. Gr\u00e2ce \u00e0 notre suite de logiciels CAO, nos ing\u00e9nieurs peuvent cr\u00e9er des mod\u00e8les 3D r\u00e9alistes de vos meubles, vous assurant ainsi que le r\u00e9sultat final r\u00e9pondra \u00e0 vos attentes. De plus, vous pouvez choisir parmi plusieurs options pratiques et esth\u00e9tiques &hellip; <a href=\"https:\/\/www.foliot.com\/fr\/decouvrez-foliot\/\">Continued<\/a><\/p>\n","protected":false},"author":33,"featured_media":0,"parent":0,"menu_order":0,"comment_status":"closed","ping_status":"closed","template":"template-without-header.php","meta":{"content-type":"","_relevanssi_hide_post":"","_relevanssi_hide_content":"","_relevanssi_pin_for_all":"","_relevanssi_pin_keywords":"","_relevanssi_unpin_keywords":"","_relevanssi_related_keywords":"","_relevanssi_related_include_ids":"","_relevanssi_related_exclude_ids":"","_relevanssi_related_no_append":"","_relevanssi_related_not_related":"","_relevanssi_related_posts":"","_relevanssi_noindex_reason":"","footnotes":""},"acf":[],"_links":{"self":[{"href":"https:\/\/www.foliot.com\/fr\/wp-json\/wp\/v2\/pages\/79813"}],"collection":[{"href":"https:\/\/www.foliot.com\/fr\/wp-json\/wp\/v2\/pages"}],"about":[{"href":"https:\/\/www.foliot.com\/fr\/wp-json\/wp\/v2\/types\/page"}],"author":[{"embeddable":true,"href":"https:\/\/www.foliot.com\/fr\/wp-json\/wp\/v2\/users\/33"}],"replies":[{"embeddable":true,"href":"https:\/\/www.foliot.com\/fr\/wp-json\/wp\/v2\/comments?post=79813"}],"version-history":[{"count":6,"href":"https:\/\/www.foliot.com\/fr\/wp-json\/wp\/v2\/pages\/79813\/revisions"}],"predecessor-version":[{"id":103196,"href":"https:\/\/www.foliot.com\/fr\/wp-json\/wp\/v2\/pages\/79813\/revisions\/103196"}],"wp:attachment":[{"href":"https:\/\/www.foliot.com\/fr\/wp-json\/wp\/v2\/media?parent=79813"}],"curies":[{"name":"wp","href":"https:\/\/api.w.org\/{rel}","templated":true}]}}