{"id":81499,"date":"2021-05-31T15:19:11","date_gmt":"2021-05-31T19:19:11","guid":{"rendered":"https:\/\/www.foliot.com\/decouvrez-la-residence-etudiante\/bedroom\/"},"modified":"2023-11-16T16:39:38","modified_gmt":"2023-11-16T21:39:38","slug":"chambre-a-coucher","status":"publish","type":"page","link":"https:\/\/www.foliot.com\/fr\/decouvrez-universite\/chambre-a-coucher\/","title":{"rendered":"Chambre \u00e0 coucher"},"content":{"rendered":"\n<p class=\"has-text-align-center is-style-intro\">Nos meubles de chambre \u00e0 coucher cr\u00e9ent un environnement qui favorise la cr\u00e9ativit\u00e9 et la productivit\u00e9.<\/p>\n\n\n\n\n<section class='multi-columns multi-columns-ctas alignwide'>\n\n\n    <div class=\"multi-columns__elements multi-columns__elements--slider \">\n          \n              <a href=\"https:\/\/foliot.com\/fr\/decouvrez-universite\/lits-et-tetes-de-lit\/\" class=\"multi-columns__element\" target=\"_blank\" rel=\"noopener\">\n                        <div class=\"element__image\" style=\"background-image:url(https:\/\/www.foliot.com\/wp-content\/uploads\/2021\/06\/Beds-and-Headboards.jpg)\"><\/div>\n                          <h4 class=\"element__title\">Lits et T\u00eates de lit<\/h4>\n                      <\/a>\n      \n            \n              <a href=\"https:\/\/foliot.com\/fr\/decouvrez-universite\/chambre-a-coucher\/pupitres-tables-de-travail-et-huches\/\" class=\"multi-columns__element\" target=\"_blank\" rel=\"noopener\">\n                        <div class=\"element__image\" style=\"background-image:url(https:\/\/www.foliot.com\/wp-content\/uploads\/2021\/06\/Desks-Work-Tables.jpg)\"><\/div>\n                          <h4 class=\"element__title\">Pupitres, Tables de travail et Huches<\/h4>\n                      <\/a>\n      \n            \n              <a href=\"https:\/\/foliot.com\/fr\/decouvrez-universite\/chambre-a-coucher\/armoires\/\" class=\"multi-columns__element\" target=\"_blank\" rel=\"noopener\">\n                        <div class=\"element__image\" style=\"background-image:url(https:\/\/www.foliot.com\/wp-content\/uploads\/2021\/06\/Wardrobes.jpg)\"><\/div>\n                          <h4 class=\"element__title\">Armoires<\/h4>\n                      <\/a>\n      \n            \n              <a href=\"https:\/\/foliot.com\/fr\/decouvrez-universite\/chambre-a-coucher\/commodes\/\" class=\"multi-columns__element\" target=\"_blank\" rel=\"noopener\">\n                        <div class=\"element__image\" style=\"background-image:url(https:\/\/www.foliot.com\/wp-content\/uploads\/2021\/06\/Dressers.jpg)\"><\/div>\n                          <h4 class=\"element__title\">Commodes<\/h4>\n                      <\/a>\n      \n            \n              <a href=\"https:\/\/foliot.com\/fr\/decouvrez-universite\/chambre-a-coucher\/chaises-et-tabourets\/\" class=\"multi-columns__element\" target=\"_blank\" rel=\"noopener\">\n                        <div class=\"element__image\" style=\"background-image:url(https:\/\/www.foliot.com\/wp-content\/uploads\/2021\/06\/Chairs.jpg)\"><\/div>\n                          <h4 class=\"element__title\">Chaises et Tabourets<\/h4>\n                      <\/a>\n      \n            \n              <a href=\"https:\/\/foliot.com\/fr\/decouvrez-universite\/chambre-a-coucher\/bibliotheques\/\" class=\"multi-columns__element\" target=\"_blank\" rel=\"noopener\">\n                        <div class=\"element__image\" style=\"background-image:url(https:\/\/www.foliot.com\/wp-content\/uploads\/2021\/06\/Bookcases.jpg)\"><\/div>\n                          <h4 class=\"element__title\">Biblioth\u00e8ques<\/h4>\n                      <\/a>\n      \n            \n              <a href=\"https:\/\/foliot.com\/fr\/decouvrez-universite\/chambre-a-coucher\/tables-de-nuit-et-piedestaux\/\" class=\"multi-columns__element\" target=\"_blank\" rel=\"noopener\">\n                        <div class=\"element__image\" style=\"background-image:url(https:\/\/www.foliot.com\/wp-content\/uploads\/2021\/07\/Bedroom_foliot_university_nightstand.jpg)\"><\/div>\n                          <h4 class=\"element__title\">Tables de nuit et Pi\u00e9destaux<\/h4>\n                      <\/a>\n      \n        <\/div>\n \n\n<\/section>\n \n\n\n<script>jQuery(document).ready(function() {\r\n        \/\/ Select all links with target=\"_blank\" excluding those in the footer\r\n        jQuery(\"a[target='_blank']\").not('footer a').removeAttr(\"target\");\r\n    });<\/script>\n","protected":false},"excerpt":{"rendered":"<p>Nos meubles de chambre \u00e0 coucher cr\u00e9ent un environnement qui favorise la cr\u00e9ativit\u00e9 et la productivit\u00e9.<\/p>\n","protected":false},"author":33,"featured_media":80728,"parent":80984,"menu_order":2,"comment_status":"closed","ping_status":"closed","template":"","meta":{"content-type":"","_relevanssi_hide_post":"","_relevanssi_hide_content":"","_relevanssi_pin_for_all":"","_relevanssi_pin_keywords":"","_relevanssi_unpin_keywords":"","_relevanssi_related_keywords":"","_relevanssi_related_include_ids":"","_relevanssi_related_exclude_ids":"","_relevanssi_related_no_append":"","_relevanssi_related_not_related":"","_relevanssi_related_posts":"","_relevanssi_noindex_reason":"","footnotes":""},"acf":[],"_links":{"self":[{"href":"https:\/\/www.foliot.com\/fr\/wp-json\/wp\/v2\/pages\/81499"}],"collection":[{"href":"https:\/\/www.foliot.com\/fr\/wp-json\/wp\/v2\/pages"}],"about":[{"href":"https:\/\/www.foliot.com\/fr\/wp-json\/wp\/v2\/types\/page"}],"author":[{"embeddable":true,"href":"https:\/\/www.foliot.com\/fr\/wp-json\/wp\/v2\/users\/33"}],"replies":[{"embeddable":true,"href":"https:\/\/www.foliot.com\/fr\/wp-json\/wp\/v2\/comments?post=81499"}],"version-history":[{"count":16,"href":"https:\/\/www.foliot.com\/fr\/wp-json\/wp\/v2\/pages\/81499\/revisions"}],"predecessor-version":[{"id":91903,"href":"https:\/\/www.foliot.com\/fr\/wp-json\/wp\/v2\/pages\/81499\/revisions\/91903"}],"up":[{"embeddable":true,"href":"https:\/\/www.foliot.com\/fr\/wp-json\/wp\/v2\/pages\/80984"}],"wp:featuredmedia":[{"embeddable":true,"href":"https:\/\/www.foliot.com\/fr\/wp-json\/wp\/v2\/media\/80728"}],"wp:attachment":[{"href":"https:\/\/www.foliot.com\/fr\/wp-json\/wp\/v2\/media?parent=81499"}],"curies":[{"name":"wp","href":"https:\/\/api.w.org\/{rel}","templated":true}]}}