{"id":81522,"date":"2021-05-31T14:23:00","date_gmt":"2021-05-31T18:23:00","guid":{"rendered":"https:\/\/www.foliot.com\/decouvrez-universite\/our-collections\/"},"modified":"2023-11-16T16:39:26","modified_gmt":"2023-11-16T21:39:26","slug":"nos-collections","status":"publish","type":"page","link":"https:\/\/www.foliot.com\/fr\/decouvrez-universite\/nos-collections\/","title":{"rendered":"Nos collections"},"content":{"rendered":"\n<p class=\"has-text-align-center is-style-intro\">Cr\u00e9er des espaces harmonieux est plus facile que jamais gr\u00e2ce \u00e0 nos collections de meubles qui s&rsquo;agencent parfaitement les uns aux autres.<\/p>\n\n\n\n\n<section class='multi-columns multi-columns-ctas alignwide'>\n\n\n    <div class=\"multi-columns__elements multi-columns__elements--slider \">\n          \n              <a href=\"https:\/\/foliot.com\/fr\/decouvrez-universite\/nos-collections\/aria\/\" class=\"multi-columns__element\" target=\"_blank\" rel=\"noopener\">\n                        <div class=\"element__image\" style=\"background-image:url(https:\/\/www.foliot.com\/wp-content\/uploads\/2021\/05\/aria_university.jpg)\"><\/div>\n                          <h4 class=\"element__title\">Aria<\/h4>\n                      <\/a>\n      \n            \n              <a href=\"https:\/\/foliot.com\/fr\/decouvrez-universite\/nos-collections\/privacy-guard\/\" class=\"multi-columns__element\" target=\"_blank\" rel=\"noopener\">\n                        <div class=\"element__image\" style=\"background-image:url(https:\/\/www.foliot.com\/wp-content\/uploads\/2021\/05\/privacyguard_university.jpg)\"><\/div>\n                          <h4 class=\"element__title\">Privacy Guard<\/h4>\n                      <\/a>\n      \n            \n              <a href=\"https:\/\/foliot.com\/fr\/decouvrez-universite\/nos-collections\/adirondack\/\" class=\"multi-columns__element\" target=\"_blank\" rel=\"noopener\">\n                        <div class=\"element__image\" style=\"background-image:url(https:\/\/www.foliot.com\/wp-content\/uploads\/2021\/05\/adirondack_university.jpg)\"><\/div>\n                          <h4 class=\"element__title\">Adirondack<\/h4>\n                      <\/a>\n      \n            \n              <a href=\"https:\/\/foliot.com\/fr\/decouvrez-universite\/sofas\/mission\/\" class=\"multi-columns__element\" target=\"_blank\" rel=\"noopener\">\n                        <div class=\"element__image\" style=\"background-image:url(https:\/\/www.foliot.com\/wp-content\/uploads\/2021\/05\/mission_university.jpg)\"><\/div>\n                          <h4 class=\"element__title\">Mission<\/h4>\n                      <\/a>\n      \n        <\/div>\n \n\n<\/section>\n \n\n\n<script>jQuery(document).ready(function() {\r\n        \/\/ Select all links with target=\"_blank\" excluding those in the footer\r\n        jQuery(\"a[target='_blank']\").not('footer a').removeAttr(\"target\");\r\n    });<\/script>\n","protected":false},"excerpt":{"rendered":"<p>Cr\u00e9er des espaces harmonieux est plus facile que jamais gr\u00e2ce \u00e0 nos collections de meubles qui s&rsquo;agencent parfaitement les uns aux autres.<\/p>\n","protected":false},"author":33,"featured_media":0,"parent":80984,"menu_order":5,"comment_status":"closed","ping_status":"closed","template":"","meta":{"content-type":"","_relevanssi_hide_post":"","_relevanssi_hide_content":"","_relevanssi_pin_for_all":"","_relevanssi_pin_keywords":"","_relevanssi_unpin_keywords":"","_relevanssi_related_keywords":"","_relevanssi_related_include_ids":"","_relevanssi_related_exclude_ids":"","_relevanssi_related_no_append":"","_relevanssi_related_not_related":"","_relevanssi_related_posts":"","_relevanssi_noindex_reason":"","footnotes":""},"acf":[],"_links":{"self":[{"href":"https:\/\/www.foliot.com\/fr\/wp-json\/wp\/v2\/pages\/81522"}],"collection":[{"href":"https:\/\/www.foliot.com\/fr\/wp-json\/wp\/v2\/pages"}],"about":[{"href":"https:\/\/www.foliot.com\/fr\/wp-json\/wp\/v2\/types\/page"}],"author":[{"embeddable":true,"href":"https:\/\/www.foliot.com\/fr\/wp-json\/wp\/v2\/users\/33"}],"replies":[{"embeddable":true,"href":"https:\/\/www.foliot.com\/fr\/wp-json\/wp\/v2\/comments?post=81522"}],"version-history":[{"count":9,"href":"https:\/\/www.foliot.com\/fr\/wp-json\/wp\/v2\/pages\/81522\/revisions"}],"predecessor-version":[{"id":91898,"href":"https:\/\/www.foliot.com\/fr\/wp-json\/wp\/v2\/pages\/81522\/revisions\/91898"}],"up":[{"embeddable":true,"href":"https:\/\/www.foliot.com\/fr\/wp-json\/wp\/v2\/pages\/80984"}],"wp:attachment":[{"href":"https:\/\/www.foliot.com\/fr\/wp-json\/wp\/v2\/media?parent=81522"}],"curies":[{"name":"wp","href":"https:\/\/api.w.org\/{rel}","templated":true}]}}