{"id":81731,"date":"2020-09-10T13:09:14","date_gmt":"2020-09-10T17:09:14","guid":{"rendered":"https:\/\/www.foliot.com\/home\/"},"modified":"2025-10-22T14:43:12","modified_gmt":"2025-10-22T18:43:12","slug":"manufacturier-de-meubles-commerciaux","status":"publish","type":"page","link":"https:\/\/www.foliot.com\/fr\/","title":{"rendered":"Manufacturier de meubles commerciaux"},"content":{"rendered":"<section class=\"carousel-fullwidth alignfull\">\n          <div class=\"carousel\" id=\"carousel-fullwidth\">\n              <div class=\"carousel__slide\" data-color=\"#000000\" style=\"background-image:url(https:\/\/www.foliot.com\/wp-content\/uploads\/2025\/01\/zs_foliot_ResHall4_room_scene2024_vue1_v5-MOD-top-wall.jpg)\">\n                  <div class=\"carousel__over center\">\n        \n                          <div class=\"carousel__over__title wysiwyg\"><h1 style=\"text-align: left\"><strong>Des meubles fabriqu\u00e9s pour durer.<\/strong><\/h1>\n<\/div>\n                                                 \n             <a class=\"carousel__over__button btn--outline\" href=\"https:\/\/www.foliot.com\/fr\/decouvrez-foliot\/\" target=>D\u00e9couvrez nos services<\/a>\n              \n                      <\/div>\n                <style>\n          .carousel__slide[data-color='#000000'] .carousel__over__subtitle,\n          .carousel__slide[data-color='#000000'] .carousel__over__title,\n          .carousel__slide[data-color='#000000'] .carousel__over__button\n          {\n            color:#000000;\n          \n          }\n          .carousel__slide[data-color='#000000'] .carousel__over__button{\n            border-color:#000000;\n          }\n          .carousel__slide[data-color='#000000'] .carousel__over__button:hover{\n            background-color:#000000;\n          }\n\n        <\/style>\n        <\/div>\n        \n\n        <\/div>\n   \n<\/section>\n\n\n\n<div style=\"height:87px\" aria-hidden=\"true\" class=\"wp-block-spacer\"><\/div>\n\n\n\n<h1 class=\"wp-block-heading has-text-align-center\">Des espaces de vie cr\u00e9\u00e9s avec des meubles de qualit\u00e9<\/h1>\n\n\n\n<h4 class=\"wp-block-heading has-text-align-center\">S\u00e9lectionnez votre industrie<\/h4>\n\n\n\n<div style=\"height:33px\" aria-hidden=\"true\" class=\"wp-block-spacer\"><\/div>\n\n\n\n\n<section class='multi-columns multi-columns-ctas alignwide'>\n\n\n    <div class=\"multi-columns__elements multi-columns__elements--slider \">\n          \n              <a href=\"https:\/\/www.foliot.com\/fr\/decouvrez-logement-collectif\/\" class=\"multi-columns__element\">\n                        <div class=\"element__image\" style=\"background-image:url(https:\/\/www.foliot.com\/wp-content\/uploads\/2025\/10\/Foliot-CommunityLiving-10-tb.jpg)\"><\/div>\n                          <h4 class=\"element__title\">Logement collectif<\/h4>\n                      <\/a>\n      \n            \n              <a href=\"https:\/\/foliot.com\/fr\/decouvrez-universite\/\" class=\"multi-columns__element\" target=\"_blank\" rel=\"noopener\">\n                        <div class=\"element__image\" style=\"background-image:url(https:\/\/www.foliot.com\/wp-content\/uploads\/2021\/05\/Foliot-furniture_market01.jpg)\"><\/div>\n                          <h4 class=\"element__title\">R\u00e9sidence universitaire<\/h4>\n                      <\/a>\n      \n            \n              <a href=\"https:\/\/foliot.com\/government\/\" class=\"multi-columns__element\" target=\"_blank\" rel=\"noopener\">\n                        <div class=\"element__image\" style=\"background-image:url(https:\/\/www.foliot.com\/wp-content\/uploads\/2021\/07\/bed-2-2.jpg)\"><\/div>\n                          <h4 class=\"element__title\">Gouvernement<\/h4>\n                      <\/a>\n      \n            \n              <a href=\"https:\/\/foliot.com\/fr\/decouvrez-hotel\/\" class=\"multi-columns__element\" target=\"_blank\" rel=\"noopener\">\n                        <div class=\"element__image\" style=\"background-image:url(https:\/\/www.foliot.com\/wp-content\/uploads\/2021\/05\/Foliot-furniture_frank_GSA.jpg)\"><\/div>\n                          <h4 class=\"element__title\">H\u00f4tel<\/h4>\n                      <\/a>\n      \n            \n              <a href=\"https:\/\/www.foliot.com\/fr\/decouvrez-le-mobilier-pour-logement-temporaire\/\" class=\"multi-columns__element\">\n                        <div class=\"element__image\" style=\"background-image:url(https:\/\/www.foliot.com\/wp-content\/uploads\/2023\/12\/Staff-housing-image-4.jpg)\"><\/div>\n                          <h4 class=\"element__title\">H\u00e9bergement temporaire<\/h4>\n                      <\/a>\n      \n        <\/div>\n \n\n<\/section>\n \n\n\n<section class=\"foliot-separator\"><\/section>\n\n\n\n<div class=\"wp-block-media-text alignwide has-media-on-the-right is-stacked-on-mobile is-vertically-aligned-center is-image-fill is-style-default has-background\" style=\"background-color:#aa351f;grid-template-columns:auto 60%\"><div class=\"wp-block-media-text__content\">\n<h1 class=\"wp-block-heading has-text-align-left\">Un service sans faille, de la conception \u00e0 la livraison.<\/h1>\n\n\n\n<div class=\"wp-block-buttons is-layout-flex wp-block-buttons-is-layout-flex\">\n<div class=\"wp-block-button is-style-outline\"><a class=\"wp-block-button__link has-black-color has-text-color wp-element-button\" href=\"https:\/\/www.foliot.com\/fr\/decouvrez-hotel\/bannieres-approuvees\/candlewood-suites\/\">D\u00e9couvrez Candlewood Suites<\/a><\/div>\n<\/div>\n<\/div><figure class=\"wp-block-media-text__media\" style=\"background-image:url(https:\/\/www.foliot.com\/wp-content\/uploads\/2025\/01\/Foliot-Candlewood-1-1024x650.jpg);background-position:50% 50%\"><img loading=\"lazy\" decoding=\"async\" width=\"1024\" height=\"650\" src=\"https:\/\/www.foliot.com\/wp-content\/uploads\/2025\/01\/Foliot-Candlewood-1-1024x650.jpg\" alt=\"\" class=\"wp-image-105643 size-full\" srcset=\"https:\/\/www.foliot.com\/wp-content\/uploads\/2025\/01\/Foliot-Candlewood-1-1024x650.jpg 1024w, https:\/\/www.foliot.com\/wp-content\/uploads\/2025\/01\/Foliot-Candlewood-1-300x190.jpg 300w, https:\/\/www.foliot.com\/wp-content\/uploads\/2025\/01\/Foliot-Candlewood-1-768x487.jpg 768w, https:\/\/www.foliot.com\/wp-content\/uploads\/2025\/01\/Foliot-Candlewood-1-1536x974.jpg 1536w, https:\/\/www.foliot.com\/wp-content\/uploads\/2025\/01\/Foliot-Candlewood-1-770x488.jpg 770w, https:\/\/www.foliot.com\/wp-content\/uploads\/2025\/01\/Foliot-Candlewood-1-500x317.jpg 500w, https:\/\/www.foliot.com\/wp-content\/uploads\/2025\/01\/Foliot-Candlewood-1-700x444.jpg 700w, https:\/\/www.foliot.com\/wp-content\/uploads\/2025\/01\/Foliot-Candlewood-1-130x82.jpg 130w, https:\/\/www.foliot.com\/wp-content\/uploads\/2025\/01\/Foliot-Candlewood-1.jpg 1920w\" sizes=\"(max-width: 1024px) 100vw, 1024px\" \/><\/figure><\/div>\n\n\n<section class=\"foliot-separator\"><\/section>\n\n\n\n\n\n\n\n<div class=\"wp-block-group alignfull has-background\" style=\"background-color:#e5ded8\"><div class=\"wp-block-group__inner-container is-layout-flow wp-block-group-is-layout-flow\">\n<div class=\"wp-block-media-text is-stacked-on-mobile is-vertically-aligned-center container--small\" style=\"grid-template-columns:61% auto\"><figure class=\"wp-block-media-text__media\"><img loading=\"lazy\" decoding=\"async\" width=\"1920\" height=\"1413\" src=\"https:\/\/www.foliot.com\/wp-content\/uploads\/2021\/02\/surfacematerials_foliot2-1.jpg\" alt=\"\" class=\"wp-image-48695 size-full\" srcset=\"https:\/\/www.foliot.com\/wp-content\/uploads\/2021\/02\/surfacematerials_foliot2-1.jpg 1920w, https:\/\/www.foliot.com\/wp-content\/uploads\/2021\/02\/surfacematerials_foliot2-1-300x221.jpg 300w, https:\/\/www.foliot.com\/wp-content\/uploads\/2021\/02\/surfacematerials_foliot2-1-1024x754.jpg 1024w, https:\/\/www.foliot.com\/wp-content\/uploads\/2021\/02\/surfacematerials_foliot2-1-768x565.jpg 768w, https:\/\/www.foliot.com\/wp-content\/uploads\/2021\/02\/surfacematerials_foliot2-1-1536x1130.jpg 1536w, https:\/\/www.foliot.com\/wp-content\/uploads\/2021\/02\/surfacematerials_foliot2-1-770x567.jpg 770w, https:\/\/www.foliot.com\/wp-content\/uploads\/2021\/02\/surfacematerials_foliot2-1-500x368.jpg 500w, https:\/\/www.foliot.com\/wp-content\/uploads\/2021\/02\/surfacematerials_foliot2-1-700x515.jpg 700w, https:\/\/www.foliot.com\/wp-content\/uploads\/2021\/02\/surfacematerials_foliot2-1-130x96.jpg 130w\" sizes=\"(max-width: 1920px) 100vw, 1920px\" \/><\/figure><div class=\"wp-block-media-text__content\">\n<h1 class=\"wp-block-heading\">Mat\u00e9riaux, tissus et autres finis<\/h1>\n\n\n\n<h4 class=\"wp-block-heading\">Agencez les couleurs, les tissus et les textures pour cr\u00e9er des espaces de vie \u00e0 la fois actuels et intemporels.<\/h4>\n\n\n\n<div class=\"wp-block-buttons is-layout-flex wp-block-buttons-is-layout-flex\">\n<div class=\"wp-block-button is-style-outline\"><a class=\"wp-block-button__link wp-element-button\" href=\"https:\/\/www.foliot.com\/fr\/tissus-materiaux\/\" rel=\"https:\/\/www.foliot.com\/surfaces-material\/\">Explorez notre s\u00e9lection de mat\u00e9riaux<\/a><\/div>\n<\/div>\n<\/div><\/div>\n<\/div><\/div>\n\n\n\n\n<section class=\"foliot-separator\"><\/section>\n\n\n\n<div class=\"wp-block-media-text is-stacked-on-mobile is-vertically-aligned-center is-image-fill is-style-default has-background\" style=\"background-color:#d19722;grid-template-columns:60% auto\"><figure class=\"wp-block-media-text__media\" style=\"background-image:url(https:\/\/www.foliot.com\/wp-content\/uploads\/2021\/10\/university02-1-1024x683.jpg);background-position:50% 50%\"><img loading=\"lazy\" decoding=\"async\" width=\"1024\" height=\"683\" src=\"https:\/\/www.foliot.com\/wp-content\/uploads\/2021\/10\/university02-1-1024x683.jpg\" alt=\"\" class=\"wp-image-86605 size-full\" srcset=\"https:\/\/www.foliot.com\/wp-content\/uploads\/2021\/10\/university02-1-1024x683.jpg 1024w, https:\/\/www.foliot.com\/wp-content\/uploads\/2021\/10\/university02-1-300x200.jpg 300w, https:\/\/www.foliot.com\/wp-content\/uploads\/2021\/10\/university02-1-768x512.jpg 768w, https:\/\/www.foliot.com\/wp-content\/uploads\/2021\/10\/university02-1-1536x1024.jpg 1536w, https:\/\/www.foliot.com\/wp-content\/uploads\/2021\/10\/university02-1-770x513.jpg 770w, https:\/\/www.foliot.com\/wp-content\/uploads\/2021\/10\/university02-1-500x333.jpg 500w, https:\/\/www.foliot.com\/wp-content\/uploads\/2021\/10\/university02-1-700x467.jpg 700w, https:\/\/www.foliot.com\/wp-content\/uploads\/2021\/10\/university02-1-130x87.jpg 130w, https:\/\/www.foliot.com\/wp-content\/uploads\/2021\/10\/university02-1.jpg 1920w\" sizes=\"(max-width: 1024px) 100vw, 1024px\" \/><\/figure><div class=\"wp-block-media-text__content\">\n<h1 class=\"wp-block-heading has-text-align-left\">Un environnement qui favorise la cr\u00e9ativit\u00e9, la productivit\u00e9 et la connexion<\/h1>\n\n\n\n<div class=\"wp-block-buttons is-layout-flex wp-block-buttons-is-layout-flex\">\n<div class=\"wp-block-button is-style-outline\"><a class=\"wp-block-button__link has-black-color has-text-color wp-element-button\" href=\"https:\/\/www.foliot.com\/fr\/decouvrez-universite\/\">D\u00e9couvrez la r\u00e9sidence \u00e9tudiante<\/a><\/div>\n<\/div>\n<\/div><\/div>\n\n\n<section class=\"foliot-separator\"><\/section>\n\n\n\n<h1 class=\"wp-block-heading has-text-align-center\">Quelques clients avec lesquels <br>nous avons eu le privil\u00e8ge de collaborer<\/h1>\n\n\n\n<div style=\"height:58px\" aria-hidden=\"true\" class=\"wp-block-spacer\"><\/div>\n\n\n\n<section class=\"products_types__carousel alignwide\">\n\n  <div class=\"products_types__listing  container--small\">\n                   \n        <div class=\"products_types__single\">\n         \n          <div class=\"products_types__single__image\">\n            <img loading=\"lazy\" decoding=\"async\" width=\"300\" height=\"96\" src=\"https:\/\/www.foliot.com\/wp-content\/uploads\/2021\/05\/logo-IHG-300x96.png\" class=\"attachment-medium size-medium\" alt=\"\" srcset=\"https:\/\/www.foliot.com\/wp-content\/uploads\/2021\/05\/logo-IHG-300x96.png 300w, https:\/\/www.foliot.com\/wp-content\/uploads\/2021\/05\/logo-IHG-1024x328.png 1024w, https:\/\/www.foliot.com\/wp-content\/uploads\/2021\/05\/logo-IHG-768x246.png 768w, https:\/\/www.foliot.com\/wp-content\/uploads\/2021\/05\/logo-IHG-770x246.png 770w, https:\/\/www.foliot.com\/wp-content\/uploads\/2021\/05\/logo-IHG-500x160.png 500w, https:\/\/www.foliot.com\/wp-content\/uploads\/2021\/05\/logo-IHG-700x224.png 700w, https:\/\/www.foliot.com\/wp-content\/uploads\/2021\/05\/logo-IHG-130x42.png 130w, https:\/\/www.foliot.com\/wp-content\/uploads\/2021\/05\/logo-IHG.png 1406w\" sizes=\"(max-width: 300px) 100vw, 300px\" \/>          <\/div>\n         \n         \n        <\/div>\n         \n                         \n        <div class=\"products_types__single\">\n         \n          <div class=\"products_types__single__image\">\n            <img loading=\"lazy\" decoding=\"async\" width=\"300\" height=\"96\" src=\"https:\/\/www.foliot.com\/wp-content\/uploads\/2021\/10\/logo-university-miami2-300x96.png\" class=\"attachment-medium size-medium\" alt=\"University of Miami\" srcset=\"https:\/\/www.foliot.com\/wp-content\/uploads\/2021\/10\/logo-university-miami2-300x96.png 300w, https:\/\/www.foliot.com\/wp-content\/uploads\/2021\/10\/logo-university-miami2-1024x328.png 1024w, https:\/\/www.foliot.com\/wp-content\/uploads\/2021\/10\/logo-university-miami2-768x246.png 768w, https:\/\/www.foliot.com\/wp-content\/uploads\/2021\/10\/logo-university-miami2-770x246.png 770w, https:\/\/www.foliot.com\/wp-content\/uploads\/2021\/10\/logo-university-miami2-500x160.png 500w, https:\/\/www.foliot.com\/wp-content\/uploads\/2021\/10\/logo-university-miami2-700x224.png 700w, https:\/\/www.foliot.com\/wp-content\/uploads\/2021\/10\/logo-university-miami2-130x42.png 130w, https:\/\/www.foliot.com\/wp-content\/uploads\/2021\/10\/logo-university-miami2.png 1406w\" sizes=\"(max-width: 300px) 100vw, 300px\" \/>          <\/div>\n         \n         \n        <\/div>\n         \n                         \n        <div class=\"products_types__single\">\n         \n          <div class=\"products_types__single__image\">\n            <img loading=\"lazy\" decoding=\"async\" width=\"300\" height=\"96\" src=\"https:\/\/www.foliot.com\/wp-content\/uploads\/2021\/05\/logo-wyndham4-300x96.png\" class=\"attachment-medium size-medium\" alt=\"\" srcset=\"https:\/\/www.foliot.com\/wp-content\/uploads\/2021\/05\/logo-wyndham4-300x96.png 300w, https:\/\/www.foliot.com\/wp-content\/uploads\/2021\/05\/logo-wyndham4-1024x328.png 1024w, https:\/\/www.foliot.com\/wp-content\/uploads\/2021\/05\/logo-wyndham4-768x246.png 768w, https:\/\/www.foliot.com\/wp-content\/uploads\/2021\/05\/logo-wyndham4-770x246.png 770w, https:\/\/www.foliot.com\/wp-content\/uploads\/2021\/05\/logo-wyndham4-500x160.png 500w, https:\/\/www.foliot.com\/wp-content\/uploads\/2021\/05\/logo-wyndham4-700x224.png 700w, https:\/\/www.foliot.com\/wp-content\/uploads\/2021\/05\/logo-wyndham4-130x42.png 130w, https:\/\/www.foliot.com\/wp-content\/uploads\/2021\/05\/logo-wyndham4.png 1406w\" sizes=\"(max-width: 300px) 100vw, 300px\" \/>          <\/div>\n         \n         \n        <\/div>\n         \n                         \n        <div class=\"products_types__single\">\n         \n          <div class=\"products_types__single__image\">\n            <img loading=\"lazy\" decoding=\"async\" width=\"300\" height=\"96\" src=\"https:\/\/www.foliot.com\/wp-content\/uploads\/2021\/10\/logo-university-virginia2-300x96.png\" class=\"attachment-medium size-medium\" alt=\"University of Virginia\" srcset=\"https:\/\/www.foliot.com\/wp-content\/uploads\/2021\/10\/logo-university-virginia2-300x96.png 300w, https:\/\/www.foliot.com\/wp-content\/uploads\/2021\/10\/logo-university-virginia2-1024x328.png 1024w, https:\/\/www.foliot.com\/wp-content\/uploads\/2021\/10\/logo-university-virginia2-768x246.png 768w, https:\/\/www.foliot.com\/wp-content\/uploads\/2021\/10\/logo-university-virginia2-770x246.png 770w, https:\/\/www.foliot.com\/wp-content\/uploads\/2021\/10\/logo-university-virginia2-500x160.png 500w, https:\/\/www.foliot.com\/wp-content\/uploads\/2021\/10\/logo-university-virginia2-700x224.png 700w, https:\/\/www.foliot.com\/wp-content\/uploads\/2021\/10\/logo-university-virginia2-130x42.png 130w, https:\/\/www.foliot.com\/wp-content\/uploads\/2021\/10\/logo-university-virginia2.png 1406w\" sizes=\"(max-width: 300px) 100vw, 300px\" \/>          <\/div>\n         \n         \n        <\/div>\n         \n                         \n        <div class=\"products_types__single\">\n         \n          <div class=\"products_types__single__image\">\n            <img loading=\"lazy\" decoding=\"async\" width=\"300\" height=\"96\" src=\"https:\/\/www.foliot.com\/wp-content\/uploads\/2021\/10\/american-university2-300x96.png\" class=\"attachment-medium size-medium\" alt=\"American University Washington\" srcset=\"https:\/\/www.foliot.com\/wp-content\/uploads\/2021\/10\/american-university2-300x96.png 300w, https:\/\/www.foliot.com\/wp-content\/uploads\/2021\/10\/american-university2-1024x328.png 1024w, https:\/\/www.foliot.com\/wp-content\/uploads\/2021\/10\/american-university2-768x246.png 768w, https:\/\/www.foliot.com\/wp-content\/uploads\/2021\/10\/american-university2-770x246.png 770w, https:\/\/www.foliot.com\/wp-content\/uploads\/2021\/10\/american-university2-500x160.png 500w, https:\/\/www.foliot.com\/wp-content\/uploads\/2021\/10\/american-university2-700x224.png 700w, https:\/\/www.foliot.com\/wp-content\/uploads\/2021\/10\/american-university2-130x42.png 130w, https:\/\/www.foliot.com\/wp-content\/uploads\/2021\/10\/american-university2.png 1406w\" sizes=\"(max-width: 300px) 100vw, 300px\" \/>          <\/div>\n         \n         \n        <\/div>\n         \n                         \n        <div class=\"products_types__single\">\n         \n          <div class=\"products_types__single__image\">\n            <img loading=\"lazy\" decoding=\"async\" width=\"300\" height=\"96\" src=\"https:\/\/www.foliot.com\/wp-content\/uploads\/2021\/05\/logo-hilton-300x96.png\" class=\"attachment-medium size-medium\" alt=\"\" srcset=\"https:\/\/www.foliot.com\/wp-content\/uploads\/2021\/05\/logo-hilton-300x96.png 300w, https:\/\/www.foliot.com\/wp-content\/uploads\/2021\/05\/logo-hilton-1024x328.png 1024w, https:\/\/www.foliot.com\/wp-content\/uploads\/2021\/05\/logo-hilton-768x246.png 768w, https:\/\/www.foliot.com\/wp-content\/uploads\/2021\/05\/logo-hilton-770x246.png 770w, https:\/\/www.foliot.com\/wp-content\/uploads\/2021\/05\/logo-hilton-500x160.png 500w, https:\/\/www.foliot.com\/wp-content\/uploads\/2021\/05\/logo-hilton-700x224.png 700w, https:\/\/www.foliot.com\/wp-content\/uploads\/2021\/05\/logo-hilton-130x42.png 130w, https:\/\/www.foliot.com\/wp-content\/uploads\/2021\/05\/logo-hilton.png 1406w\" sizes=\"(max-width: 300px) 100vw, 300px\" \/>          <\/div>\n         \n         \n        <\/div>\n         \n                         \n        <div class=\"products_types__single\">\n         \n          <div class=\"products_types__single__image\">\n            <img loading=\"lazy\" decoding=\"async\" width=\"300\" height=\"96\" src=\"https:\/\/www.foliot.com\/wp-content\/uploads\/2021\/10\/northwestern2-1-300x96.png\" class=\"attachment-medium size-medium\" alt=\"\" srcset=\"https:\/\/www.foliot.com\/wp-content\/uploads\/2021\/10\/northwestern2-1-300x96.png 300w, https:\/\/www.foliot.com\/wp-content\/uploads\/2021\/10\/northwestern2-1-1024x328.png 1024w, https:\/\/www.foliot.com\/wp-content\/uploads\/2021\/10\/northwestern2-1-768x246.png 768w, https:\/\/www.foliot.com\/wp-content\/uploads\/2021\/10\/northwestern2-1-770x246.png 770w, https:\/\/www.foliot.com\/wp-content\/uploads\/2021\/10\/northwestern2-1-500x160.png 500w, https:\/\/www.foliot.com\/wp-content\/uploads\/2021\/10\/northwestern2-1-700x224.png 700w, https:\/\/www.foliot.com\/wp-content\/uploads\/2021\/10\/northwestern2-1-130x42.png 130w, https:\/\/www.foliot.com\/wp-content\/uploads\/2021\/10\/northwestern2-1.png 1406w\" sizes=\"(max-width: 300px) 100vw, 300px\" \/>          <\/div>\n         \n         \n        <\/div>\n         \n                         \n        <div class=\"products_types__single\">\n         \n          <div class=\"products_types__single__image\">\n            <img loading=\"lazy\" decoding=\"async\" width=\"300\" height=\"96\" src=\"https:\/\/www.foliot.com\/wp-content\/uploads\/2021\/10\/sanfranciscostate3-300x96.png\" class=\"attachment-medium size-medium\" alt=\"\" srcset=\"https:\/\/www.foliot.com\/wp-content\/uploads\/2021\/10\/sanfranciscostate3-300x96.png 300w, https:\/\/www.foliot.com\/wp-content\/uploads\/2021\/10\/sanfranciscostate3-1024x328.png 1024w, https:\/\/www.foliot.com\/wp-content\/uploads\/2021\/10\/sanfranciscostate3-768x246.png 768w, https:\/\/www.foliot.com\/wp-content\/uploads\/2021\/10\/sanfranciscostate3-770x246.png 770w, https:\/\/www.foliot.com\/wp-content\/uploads\/2021\/10\/sanfranciscostate3-500x160.png 500w, https:\/\/www.foliot.com\/wp-content\/uploads\/2021\/10\/sanfranciscostate3-700x224.png 700w, https:\/\/www.foliot.com\/wp-content\/uploads\/2021\/10\/sanfranciscostate3-130x42.png 130w, https:\/\/www.foliot.com\/wp-content\/uploads\/2021\/10\/sanfranciscostate3.png 1406w\" sizes=\"(max-width: 300px) 100vw, 300px\" \/>          <\/div>\n         \n         \n        <\/div>\n         \n                         \n        <div class=\"products_types__single\">\n         \n          <div class=\"products_types__single__image\">\n            <img loading=\"lazy\" decoding=\"async\" width=\"300\" height=\"96\" src=\"https:\/\/www.foliot.com\/wp-content\/uploads\/2021\/05\/logo-rlh-300x96.png\" class=\"attachment-medium size-medium\" alt=\"\" srcset=\"https:\/\/www.foliot.com\/wp-content\/uploads\/2021\/05\/logo-rlh-300x96.png 300w, https:\/\/www.foliot.com\/wp-content\/uploads\/2021\/05\/logo-rlh-1024x328.png 1024w, https:\/\/www.foliot.com\/wp-content\/uploads\/2021\/05\/logo-rlh-768x246.png 768w, https:\/\/www.foliot.com\/wp-content\/uploads\/2021\/05\/logo-rlh-770x246.png 770w, https:\/\/www.foliot.com\/wp-content\/uploads\/2021\/05\/logo-rlh-500x160.png 500w, https:\/\/www.foliot.com\/wp-content\/uploads\/2021\/05\/logo-rlh-700x224.png 700w, https:\/\/www.foliot.com\/wp-content\/uploads\/2021\/05\/logo-rlh-130x42.png 130w, https:\/\/www.foliot.com\/wp-content\/uploads\/2021\/05\/logo-rlh.png 1406w\" sizes=\"(max-width: 300px) 100vw, 300px\" \/>          <\/div>\n         \n         \n        <\/div>\n         \n                         \n        <div class=\"products_types__single\">\n         \n          <div class=\"products_types__single__image\">\n            <img loading=\"lazy\" decoding=\"async\" width=\"300\" height=\"96\" src=\"https:\/\/www.foliot.com\/wp-content\/uploads\/2021\/10\/Ball-State2-300x96.png\" class=\"attachment-medium size-medium\" alt=\"Ball State University\" srcset=\"https:\/\/www.foliot.com\/wp-content\/uploads\/2021\/10\/Ball-State2-300x96.png 300w, https:\/\/www.foliot.com\/wp-content\/uploads\/2021\/10\/Ball-State2-1024x328.png 1024w, https:\/\/www.foliot.com\/wp-content\/uploads\/2021\/10\/Ball-State2-768x246.png 768w, https:\/\/www.foliot.com\/wp-content\/uploads\/2021\/10\/Ball-State2-770x246.png 770w, https:\/\/www.foliot.com\/wp-content\/uploads\/2021\/10\/Ball-State2-500x160.png 500w, https:\/\/www.foliot.com\/wp-content\/uploads\/2021\/10\/Ball-State2-700x224.png 700w, https:\/\/www.foliot.com\/wp-content\/uploads\/2021\/10\/Ball-State2-130x42.png 130w, https:\/\/www.foliot.com\/wp-content\/uploads\/2021\/10\/Ball-State2.png 1406w\" sizes=\"(max-width: 300px) 100vw, 300px\" \/>          <\/div>\n         \n         \n        <\/div>\n         \n            <\/div>\n<\/section>\n\n\n\n\n<script>jQuery(document).ready(function() {\r\n        \/\/ Select all links with target=\"_blank\" excluding those in the footer\r\n        jQuery(\"a[target='_blank']\").not('footer a').removeAttr(\"target\");\r\n    });<\/script>\n","protected":false},"excerpt":{"rendered":"<p>Des espaces de vie cr\u00e9\u00e9s avec des meubles de qualit\u00e9 S\u00e9lectionnez votre industrie Mat\u00e9riaux, tissus et autres finis Agencez les couleurs, les tissus et les textures pour cr\u00e9er des espaces de vie \u00e0 la fois actuels et intemporels. Quelques clients avec lesquels nous avons eu le privil\u00e8ge de collaborer<\/p>\n","protected":false},"author":33,"featured_media":105847,"parent":0,"menu_order":0,"comment_status":"closed","ping_status":"closed","template":"template-without-header.php","meta":{"content-type":"","_relevanssi_hide_post":"","_relevanssi_hide_content":"","_relevanssi_pin_for_all":"","_relevanssi_pin_keywords":"","_relevanssi_unpin_keywords":"","_relevanssi_related_keywords":"","_relevanssi_related_include_ids":"","_relevanssi_related_exclude_ids":"","_relevanssi_related_no_append":"","_relevanssi_related_not_related":"","_relevanssi_related_posts":"110308,109189,111232,108979,108951,110083","_relevanssi_noindex_reason":"","footnotes":""},"acf":[],"_links":{"self":[{"href":"https:\/\/www.foliot.com\/fr\/wp-json\/wp\/v2\/pages\/81731"}],"collection":[{"href":"https:\/\/www.foliot.com\/fr\/wp-json\/wp\/v2\/pages"}],"about":[{"href":"https:\/\/www.foliot.com\/fr\/wp-json\/wp\/v2\/types\/page"}],"author":[{"embeddable":true,"href":"https:\/\/www.foliot.com\/fr\/wp-json\/wp\/v2\/users\/33"}],"replies":[{"embeddable":true,"href":"https:\/\/www.foliot.com\/fr\/wp-json\/wp\/v2\/comments?post=81731"}],"version-history":[{"count":48,"href":"https:\/\/www.foliot.com\/fr\/wp-json\/wp\/v2\/pages\/81731\/revisions"}],"predecessor-version":[{"id":112843,"href":"https:\/\/www.foliot.com\/fr\/wp-json\/wp\/v2\/pages\/81731\/revisions\/112843"}],"wp:featuredmedia":[{"embeddable":true,"href":"https:\/\/www.foliot.com\/fr\/wp-json\/wp\/v2\/media\/105847"}],"wp:attachment":[{"href":"https:\/\/www.foliot.com\/fr\/wp-json\/wp\/v2\/media?parent=81731"}],"curies":[{"name":"wp","href":"https:\/\/api.w.org\/{rel}","templated":true}]}}