{"id":81904,"date":"2021-07-07T11:56:50","date_gmt":"2021-07-07T15:56:50","guid":{"rendered":"https:\/\/www.foliot.com\/decouvrez-universite\/chambre-a-coucher\/nightstands-and-pedestals\/"},"modified":"2021-07-29T16:47:00","modified_gmt":"2021-07-29T20:47:00","slug":"tables-de-nuit-et-piedestaux","status":"publish","type":"page","link":"https:\/\/www.foliot.com\/fr\/decouvrez-universite\/chambre-a-coucher\/tables-de-nuit-et-piedestaux\/","title":{"rendered":"Tables de nuit et Pi\u00e9destaux"},"content":{"rendered":"\n<p class=\"has-text-align-center is-style-intro has-large-font-size\">\u00c9l\u00e9ments essentiels pour toutes chambres d&rsquo;\u00e9tudiant, les tables de nuit et pi\u00e9destaux Foliot sont con\u00e7us pour offrir un rangement optimal, tout en maximisant l\u2019espace.<\/p>\n\n\n\n<section class=\"products__listing alignwide\">\n  <div id=\"filter-bar\" class=\"products__grid__filter\">\n  <div class=\"items__count\">\n          \n      <div class=\"facetwp-facet facetwp-facet-facetwp_product_count facetwp-type-pager\" data-name=\"facetwp_product_count\" data-type=\"pager\"><\/div>     \n     \n  <\/div>\n    \n        \n<div class=\"facet-filters__inline\">\n  <div class=\"facetwp-selections\"><\/div><\/div>\n\n        \n<div class=\"filter-actions\">\n    <button class=\"filter-toggle\" aria-expanded=\"false\" aria-label=\"Ouvrir le panneau de filtres\"><span class=\"filter-toggle__label\">Filtres<\/span><i class=\"icomoon-filters\"><\/i><\/button>\n<\/div>\n<div id=\"filter-pannel\" class=\"filter-pannel\">\n<button class=\"filter-reset btn--primary btn--small\" onclick=\"FWP.reset()\">Effacer les filtres<\/button>\n  \n    <button class=\"filter-pannel__close\"><\/button>\n    <div class=\"filter-pannel__inner\">\n \n            <div class=\"filter-pannel__accordeon filter-pannel__accordeon--product_type\" aria-expanded=\"false\">\n    \n      <button class=\"filter-pannel__accordeon__header\"  aria-label=\"\n        Ouvrir l&#039;accord\u00e9on Type         \">\n          <div class=\"filter-pannel__accordeon__title\">Type<\/div>\n          <div class=\"filter-pannel__accordeon__toggle\" >\n            <div class=\"btn-inner\">\n              <i class=\"down-arrow\"><\/i>\n            <\/div>\n          <\/div>\n        <\/button>\n        <div class=\"filter-pannel__accordeon__content\">\n          <div class=\"facetwp-facet facetwp-facet-fwp_product_types facetwp-type-checkboxes\" data-name=\"fwp_product_types\" data-type=\"checkboxes\"><\/div>        <\/div>\n      <\/div>\n            <div class=\"filter-pannel__accordeon filter-pannel__accordeon--collections\" aria-expanded=\"false\">\n    \n      <button class=\"filter-pannel__accordeon__header\"  aria-label=\"\n        Ouvrir l&#039;accord\u00e9on Marque \/ Collection         \">\n          <div class=\"filter-pannel__accordeon__title\">Marque \/ Collection<\/div>\n          <div class=\"filter-pannel__accordeon__toggle\" >\n            <div class=\"btn-inner\">\n              <i class=\"down-arrow\"><\/i>\n            <\/div>\n          <\/div>\n        <\/button>\n        <div class=\"filter-pannel__accordeon__content\">\n          <div class=\"facetwp-facet facetwp-facet-facetwp_product_collections facetwp-type-checkboxes\" data-name=\"facetwp_product_collections\" data-type=\"checkboxes\"><\/div>        <\/div>\n      <\/div>\n         \n    <\/div>\n  <\/div>\n     \n<\/div>\n<div class=\"products__grid facetwp-template\">\n\n          \n      \n<a href=\"https:\/\/www.foliot.com\/fr\/produits\/table-de-nuit-aria-1-tiroir-darnt-101s\/\" class=\"product__item\" data-product=\"{&quot;types&quot;:&quot;&quot;,&quot;rating&quot;:&quot;-&quot;,&quot;description&quot;:&quot;&quot;,&quot;dimensions&quot;:{&quot;in&quot;:{&quot;depth&quot;:&quot;24.00&quot;,&quot;height&quot;:&quot;23.00&quot;,&quot;width&quot;:&quot;18.00&quot;},&quot;cm&quot;:{&quot;depth&quot;:61,&quot;height&quot;:58,&quot;width&quot;:46}},&quot;image&quot;:&quot;https:\\\/\\\/www.foliot.com\\\/wp-content\\\/uploads\\\/2021\\\/03\\\/FG_DARNT-101S_Front-1.jpg&quot;,&quot;code&quot;:&quot;DARNT-101S&quot;,&quot;id&quot;:48049}\" >\n  <div class=\"product__image\">\n    <div class=\"product__actions\">\n     <div id=\"compare-actions-DARNT-101S\" class=\"product__actions__compare\">\n    <\/div>\n    <\/div>\n\n      <img loading=\"lazy\" decoding=\"async\" width=\"900\" height=\"900\" src=\"https:\/\/www.foliot.com\/wp-content\/uploads\/2021\/03\/FG_DARNT-101S_Front-1.jpg\" class=\"attachment-large size-large\" alt=\"\" \/>  \n      <div class=\"product__image__hover\">\n    <img loading=\"lazy\" decoding=\"async\" width=\"900\" height=\"900\" src=\"https:\/\/www.foliot.com\/wp-content\/uploads\/2021\/05\/FG_DARNT-101S.jpg\" class=\"attachment-large size-large\" alt=\"\" \/>    <\/div>\n    \n\n  <\/div>\n  <div class=\"product__desc\">\n    <div class=\"product__desc__top\">\n      <div class=\"product__desc__top__left\">\n                          <p class=\"product__name\">Table De Nuit Aria 1 Tiroir<\/p>\n                          <p class=\"product__code\">DARNT-101S<\/p>\n              <\/div>\n      <div class=\"product__desc__top__right\">\n                \n  <button class=\"add-to__btn add-to__btn--wishlist add-to-wishlist-btn product\"\n    data-item_id=\"48049\"\n    data-item_name=\"Table De Nuit Aria 1 Tiroir\"\n    data-type=\"product\"\n    title=\"Ajouter aux favoris\"\n    id=\"wish-48049\">\n    \n  <i class=\"icon add-to-wishlist product\"><\/i>\n\n  <span class=\"sr-only\">\n    Ajouter Table De Nuit Aria 1 Tiroir-DARNT-101S \u00e0 mes favoris  <\/span>\n  <\/button>\n\n      <\/div>\n    <\/div>\n    <div class=\"product__desc__bottom\">\n          <p class=\"product__manufacturer\">44132<\/p>\n        <\/div>\n\n  <\/div>\n<\/a>\n        \n      \n<a href=\"https:\/\/www.foliot.com\/fr\/produits\/table-de-nuit-aria-2-tiroirs-darnt-201s\/\" class=\"product__item\" data-product=\"{&quot;types&quot;:&quot;&quot;,&quot;rating&quot;:&quot;-&quot;,&quot;description&quot;:&quot;&quot;,&quot;dimensions&quot;:{&quot;in&quot;:{&quot;depth&quot;:&quot;24.00&quot;,&quot;height&quot;:&quot;28.00&quot;,&quot;width&quot;:&quot;18.00&quot;},&quot;cm&quot;:{&quot;depth&quot;:61,&quot;height&quot;:71,&quot;width&quot;:46}},&quot;image&quot;:&quot;https:\\\/\\\/www.foliot.com\\\/wp-content\\\/uploads\\\/2021\\\/03\\\/FG_DARNT-201S_Front-1.jpg&quot;,&quot;code&quot;:&quot;DARNT-201S&quot;,&quot;id&quot;:48019}\" >\n  <div class=\"product__image\">\n    <div class=\"product__actions\">\n     <div id=\"compare-actions-DARNT-201S\" class=\"product__actions__compare\">\n    <\/div>\n    <\/div>\n\n      <img loading=\"lazy\" decoding=\"async\" width=\"900\" height=\"900\" src=\"https:\/\/www.foliot.com\/wp-content\/uploads\/2021\/03\/FG_DARNT-201S_Front-1.jpg\" class=\"attachment-large size-large\" alt=\"\" \/>  \n      <div class=\"product__image__hover\">\n    <img loading=\"lazy\" decoding=\"async\" width=\"900\" height=\"900\" src=\"https:\/\/www.foliot.com\/wp-content\/uploads\/2021\/05\/FG_DARNT-201S-1.jpg\" class=\"attachment-large size-large\" alt=\"\" \/>    <\/div>\n    \n\n  <\/div>\n  <div class=\"product__desc\">\n    <div class=\"product__desc__top\">\n      <div class=\"product__desc__top__left\">\n                          <p class=\"product__name\">Table De Nuit Aria 2 Tiroirs<\/p>\n                          <p class=\"product__code\">DARNT-201S<\/p>\n              <\/div>\n      <div class=\"product__desc__top__right\">\n                \n  <button class=\"add-to__btn add-to__btn--wishlist add-to-wishlist-btn product\"\n    data-item_id=\"48019\"\n    data-item_name=\"Table De Nuit Aria 2 Tiroirs\"\n    data-type=\"product\"\n    title=\"Ajouter aux favoris\"\n    id=\"wish-48019\">\n    \n  <i class=\"icon add-to-wishlist product\"><\/i>\n\n  <span class=\"sr-only\">\n    Ajouter Table De Nuit Aria 2 Tiroirs-DARNT-201S \u00e0 mes favoris  <\/span>\n  <\/button>\n\n      <\/div>\n    <\/div>\n    <div class=\"product__desc__bottom\">\n          <p class=\"product__manufacturer\">44132<\/p>\n        <\/div>\n\n  <\/div>\n<\/a>\n   \n\n\n<\/div>   \n\n<div class=\"facetwp-facet facetwp-facet-facetwp_loadmore facetwp-type-pager\" data-name=\"facetwp_loadmore\" data-type=\"pager\"><\/div>\n<div class=\"popup popup--project\">\n  <div class=\"popup__overlay\"><\/div>\n  <div class=\"popup__flex-container\">\n    <div class=\"popup__inner\">\n\n    <\/div>\n  <\/div>\n<\/div>\n\n<script type=\"text\/tmpl\" id=\"tmpl-add-to-project\">\n\n<button id=\"popup-close\"><\/button>\n<div class=\"popup--project__item__image\">\n  <img decoding=\"async\" src=\"{{ data.image }}\" alt=\"\">\n<\/div>\n<h3 class=\"popup--project__title\">Ajouter \u00e0 un projet<\/h3>\n<input type=\"text\" placeholder=\"Rechercher\"\n       class=\"popup--project__search\" id=\"popup-project-search\">\n<div id=\"projects-list\" class=\"popup--project__projects\">\n  \n<\/div>\n<div class=\"popup--project__create\">\n  <button class=\"project__newitem__add\"><span><\/span><span><\/span><\/button>\n  <div class=\"project__newitem__content\">\n    <label class=\"project__newitem__placeholer\" for=\"new-item-{{data.id}}\">\n      Create a project    <\/label>\n    <div class=\"project__newitem__container\">\n      <input id=\"new-item-{{data.id}}\" class=\"project__newitem__title\" type=\"text\" placeholder=\"Enter a name\">\n      <button class=\"project__newitem__save\">Enregistrer<span\n            class=\"sr-only\">[Item name] to [project name]<\/span><\/button>\n    <\/div>\n  <\/div>\n<\/div>\n<\/script>\n\n<script type=\"text\/tmpl\" id=\"tmpl-project-item\">\n<div class=\"project__item\">\n  <div class=\"project__item__inner\">\n    <div class=\"project__item__avatar\"\n         style=\"background-image:url(https:\/\/www.foliot.com\/wp-content\/themes\/foliot.com\/dist\/images\/defaults\/default.jpg)\"><\/div>\n    <p class=\"project__item__name\">{{ data.project_title }}<\/p>\n  <\/div>\n  <button class=\"project__item__save\"\n          data-project-id=\"{{ data.project_id }}\"\n  >\n    Enregistrer    <span class=\"sr-only\">[Item name] to [project name]<\/span\n  <\/button>\n<\/div>\n<\/script>\n<\/section>\n","protected":false},"excerpt":{"rendered":"<p>\u00c9l\u00e9ments essentiels pour toutes chambres d&rsquo;\u00e9tudiant, les tables de nuit et pi\u00e9destaux Foliot sont con\u00e7us pour offrir un rangement optimal, tout en maximisant l\u2019espace.<\/p>\n","protected":false},"author":33,"featured_media":80934,"parent":81499,"menu_order":0,"comment_status":"closed","ping_status":"closed","template":"","meta":{"content-type":"","_relevanssi_hide_post":"","_relevanssi_hide_content":"","_relevanssi_pin_for_all":"","_relevanssi_pin_keywords":"","_relevanssi_unpin_keywords":"","_relevanssi_related_keywords":"","_relevanssi_related_include_ids":"","_relevanssi_related_exclude_ids":"","_relevanssi_related_no_append":"","_relevanssi_related_not_related":"","_relevanssi_related_posts":"","_relevanssi_noindex_reason":"","footnotes":""},"acf":[],"_links":{"self":[{"href":"https:\/\/www.foliot.com\/fr\/wp-json\/wp\/v2\/pages\/81904"}],"collection":[{"href":"https:\/\/www.foliot.com\/fr\/wp-json\/wp\/v2\/pages"}],"about":[{"href":"https:\/\/www.foliot.com\/fr\/wp-json\/wp\/v2\/types\/page"}],"author":[{"embeddable":true,"href":"https:\/\/www.foliot.com\/fr\/wp-json\/wp\/v2\/users\/33"}],"replies":[{"embeddable":true,"href":"https:\/\/www.foliot.com\/fr\/wp-json\/wp\/v2\/comments?post=81904"}],"version-history":[{"count":4,"href":"https:\/\/www.foliot.com\/fr\/wp-json\/wp\/v2\/pages\/81904\/revisions"}],"predecessor-version":[{"id":82603,"href":"https:\/\/www.foliot.com\/fr\/wp-json\/wp\/v2\/pages\/81904\/revisions\/82603"}],"up":[{"embeddable":true,"href":"https:\/\/www.foliot.com\/fr\/wp-json\/wp\/v2\/pages\/81499"}],"wp:featuredmedia":[{"embeddable":true,"href":"https:\/\/www.foliot.com\/fr\/wp-json\/wp\/v2\/media\/80934"}],"wp:attachment":[{"href":"https:\/\/www.foliot.com\/fr\/wp-json\/wp\/v2\/media?parent=81904"}],"curies":[{"name":"wp","href":"https:\/\/api.w.org\/{rel}","templated":true}]}}