{"id":82044,"date":"2021-05-26T23:03:49","date_gmt":"2021-05-27T03:03:49","guid":{"rendered":"https:\/\/www.foliot.com\/decouvrez-hotel\/bannieres-approuvees\/holiday-inn-express\/"},"modified":"2025-08-11T11:00:22","modified_gmt":"2025-08-11T15:00:22","slug":"holiday-inn-express","status":"publish","type":"page","link":"https:\/\/www.foliot.com\/fr\/decouvrez-hotel\/bannieres-approuvees\/holiday-inn-express\/","title":{"rendered":"Holiday Inn Express"},"content":{"rendered":"<div class=\"alignfull\">\n    <!-- Root element of PhotoSwipe. Must have class pswp. -->\n    <div class=\"pswp\" tabindex=\"-1\" role=\"dialog\" aria-hidden=\"true\">\n\n        <!-- Background of PhotoSwipe. \n            It's a separate element as animating opacity is faster than rgba(). -->\n        <div class=\"pswp__bg\"><\/div>\n\n        <!-- Slides wrapper with overflow:hidden. -->\n        <div class=\"pswp__scroll-wrap\">\n\n            <!-- Container that holds slides. \n                PhotoSwipe keeps only 3 of them in the DOM to save memory.\n                Don't modify these 3 pswp__item elements, data is added later on. -->\n            <div class=\"pswp__container\">\n                <div class=\"pswp__item\"><\/div>\n                <div class=\"pswp__item\"><\/div>\n                <div class=\"pswp__item\"><\/div>\n            <\/div>\n\n            <!-- Default (PhotoSwipeUI_Default) interface on top of sliding area. Can be changed. -->\n            <div class=\"pswp__ui pswp__ui--hidden\">\n\n                <div class=\"pswp__top-bar\">\n\n                    <!--  Controls are self-explanatory. Order can be changed. -->\n\n                    \n\n                    <button class=\"pswp__button pswp__button--close\" title=\"Close (Esc)\"><\/button>\n                    <!-- \n                    <button class=\"pswp__button pswp__button--zoom\" title=\"Zoom in\/out\"><\/button>\n                     -->\n                    <!-- Preloader demo https:\/\/codepen.io\/dimsemenov\/pen\/yyBWoR -->\n                    <!-- element will get class pswp__preloader--active when preloader is running -->\n                    <div class=\"pswp__preloader\">\n                        <div class=\"pswp__preloader__icn\">\n                        <div class=\"pswp__preloader__cut\">\n                            <div class=\"pswp__preloader__donut\"><\/div>\n                        <\/div>\n                        <\/div>\n                    <\/div>\n                <\/div>\n\n                <div class=\"pswp__share-modal pswp__share-modal--hidden pswp__single-tap\">\n                    <div class=\"pswp__share-tooltip\"><\/div> \n                <\/div>\n\n                <button class=\"pswp__button pswp__button--arrow--left\" title=\"Previous (arrow left)\">\n                <\/button>\n\n                <button class=\"pswp__button pswp__button--arrow--right\" title=\"Next (arrow right)\">\n                <\/button>\n                <div class=\"pswp__counter\"><\/div>\n\n                <div class=\"pswp__caption\">\n                    <div class=\"pswp__caption__center\"><\/div>\n                <\/div>\n\n            <\/div>\n\n        <\/div>\n\n    <\/div>\n<\/div>\n\n<section class=\"photoswipe-gallery photoswipe-gallery--fullwidth alignfull\">\n \n\n  <div class=\"photoswipe-gallery__gallery--fullwidth photoswipe-gallery__gallery\"> \n        <figure itemprop=\"associatedMedia\" itemscope itemtype=\"http:\/\/schema.org\/ImageObject\">\n        <a href=\"https:\/\/www.foliot.com\/wp-content\/uploads\/2025\/08\/Foliot-hiex-guestroom-01.png\" data-background=\"#d1c8c1\" data-size=\"1920x1218\" title=\"Foliot-hiex-guestroom-01\">\n            <img decoding=\"async\" src=\"https:\/\/www.foliot.com\/wp-content\/uploads\/2025\/08\/Foliot-hiex-guestroom-01.png\" alt=\"\" \/>\n            <button class=\"btn__gallery btn--primary\">Voir la galerie<\/button>\n        <\/a>\n    <\/figure>\n\n              <figure itemprop=\"associatedMedia\" itemscope itemtype=\"http:\/\/schema.org\/ImageObject\">\n        <a href=\"https:\/\/www.foliot.com\/wp-content\/uploads\/2025\/08\/Foliot-hiex-guestroom-07.png\" data-background=\"#e4dfdb\" data-size=\"1920x1218\" title=\"Foliot-hiex-guestroom-07\">\n            <img decoding=\"async\" src=\"https:\/\/www.foliot.com\/wp-content\/uploads\/2025\/08\/Foliot-hiex-guestroom-07.png\" alt=\"\" \/>\n            <button class=\"btn__gallery btn--primary\">Voir la galerie<\/button>\n        <\/a>\n    <\/figure>\n\n              <figure itemprop=\"associatedMedia\" itemscope itemtype=\"http:\/\/schema.org\/ImageObject\">\n        <a href=\"https:\/\/www.foliot.com\/wp-content\/uploads\/2021\/05\/Hiex_57-1.jpg\" data-background=\"#dbcebe\" data-size=\"1920x1218\" title=\"Hiex_57\">\n            <img decoding=\"async\" src=\"https:\/\/www.foliot.com\/wp-content\/uploads\/2021\/05\/Hiex_57-1.jpg\" alt=\"\" \/>\n            <button class=\"btn__gallery btn--primary\">Voir la galerie<\/button>\n        <\/a>\n    <\/figure>\n\n              <figure itemprop=\"associatedMedia\" itemscope itemtype=\"http:\/\/schema.org\/ImageObject\">\n        <a href=\"https:\/\/www.foliot.com\/wp-content\/uploads\/2025\/08\/Foliot-hiex-guestroom-06.png\" data-background=\"#cec6bc\" data-size=\"1920x1218\" title=\"Foliot-hiex-guestroom-06\">\n            <img decoding=\"async\" src=\"https:\/\/www.foliot.com\/wp-content\/uploads\/2025\/08\/Foliot-hiex-guestroom-06.png\" alt=\"\" \/>\n            <button class=\"btn__gallery btn--primary\">Voir la galerie<\/button>\n        <\/a>\n    <\/figure>\n\n              <figure itemprop=\"associatedMedia\" itemscope itemtype=\"http:\/\/schema.org\/ImageObject\">\n        <a href=\"https:\/\/www.foliot.com\/wp-content\/uploads\/2025\/08\/Foliot-hiex-guestroom-04.png\" data-background=\"#d6cfc7\" data-size=\"1920x1218\" title=\"Foliot-hiex-guestroom-04\">\n            <img decoding=\"async\" src=\"https:\/\/www.foliot.com\/wp-content\/uploads\/2025\/08\/Foliot-hiex-guestroom-04.png\" alt=\"\" \/>\n            <button class=\"btn__gallery btn--primary\">Voir la galerie<\/button>\n        <\/a>\n    <\/figure>\n\n              <figure itemprop=\"associatedMedia\" itemscope itemtype=\"http:\/\/schema.org\/ImageObject\">\n        <a href=\"https:\/\/www.foliot.com\/wp-content\/uploads\/2025\/08\/Foliot-hiex-lobby-01.png\" data-background=\"#b1aaa4\" data-size=\"1920x1218\" title=\"Foliot-hiex-lobby-01\">\n            <img decoding=\"async\" src=\"https:\/\/www.foliot.com\/wp-content\/uploads\/2025\/08\/Foliot-hiex-lobby-01.png\" alt=\"\" \/>\n            <button class=\"btn__gallery btn--primary\">Voir la galerie<\/button>\n        <\/a>\n    <\/figure>\n\n              <figure itemprop=\"associatedMedia\" itemscope itemtype=\"http:\/\/schema.org\/ImageObject\">\n        <a href=\"https:\/\/www.foliot.com\/wp-content\/uploads\/2025\/08\/Foliot-hiex-lobby-07.png\" data-background=\"#a0968c\" data-size=\"1920x1218\" title=\"Foliot-hiex-lobby-07\">\n            <img decoding=\"async\" src=\"https:\/\/www.foliot.com\/wp-content\/uploads\/2025\/08\/Foliot-hiex-lobby-07.png\" alt=\"\" \/>\n            <button class=\"btn__gallery btn--primary\">Voir la galerie<\/button>\n        <\/a>\n    <\/figure>\n\n              <figure itemprop=\"associatedMedia\" itemscope itemtype=\"http:\/\/schema.org\/ImageObject\">\n        <a href=\"https:\/\/www.foliot.com\/wp-content\/uploads\/2025\/08\/Foliot-hiex-lobby-05.png\" data-background=\"#b0aca9\" data-size=\"1920x1218\" title=\"Foliot-hiex-lobby-05\">\n            <img decoding=\"async\" src=\"https:\/\/www.foliot.com\/wp-content\/uploads\/2025\/08\/Foliot-hiex-lobby-05.png\" alt=\"\" \/>\n            <button class=\"btn__gallery btn--primary\">Voir la galerie<\/button>\n        <\/a>\n    <\/figure>\n\n              <figure itemprop=\"associatedMedia\" itemscope itemtype=\"http:\/\/schema.org\/ImageObject\">\n        <a href=\"https:\/\/www.foliot.com\/wp-content\/uploads\/2025\/08\/Foliot-hiex-lobby-04.png\" data-background=\"#928b85\" data-size=\"1920x1218\" title=\"Foliot-hiex-lobby-04\">\n            <img decoding=\"async\" src=\"https:\/\/www.foliot.com\/wp-content\/uploads\/2025\/08\/Foliot-hiex-lobby-04.png\" alt=\"\" \/>\n            <button class=\"btn__gallery btn--primary\">Voir la galerie<\/button>\n        <\/a>\n    <\/figure>\n\n              <figure itemprop=\"associatedMedia\" itemscope itemtype=\"http:\/\/schema.org\/ImageObject\">\n        <a href=\"https:\/\/www.foliot.com\/wp-content\/uploads\/2025\/08\/Foliot-hiex-lobby-02.png\" data-background=\"#a09d98\" data-size=\"1920x1218\" title=\"Foliot-hiex-lobby-02\">\n            <img decoding=\"async\" src=\"https:\/\/www.foliot.com\/wp-content\/uploads\/2025\/08\/Foliot-hiex-lobby-02.png\" alt=\"\" \/>\n            <button class=\"btn__gallery btn--primary\">Voir la galerie<\/button>\n        <\/a>\n    <\/figure>\n\n            <\/div>\n<\/section>\n\n\n<section class=\"rep-and-collection wysiwyg alignwide\">\n\n    <div class=\"rep-and-collection__desc \n    desc-flex    \" >\n             <img loading=\"lazy\" decoding=\"async\" width=\"300\" height=\"168\" src=\"https:\/\/www.foliot.com\/wp-content\/uploads\/2024\/11\/HIEX_logo_noir.png\" class=\"attachment-medium size-medium\" alt=\"\" srcset=\"https:\/\/www.foliot.com\/wp-content\/uploads\/2024\/11\/HIEX_logo_noir.png 300w, https:\/\/www.foliot.com\/wp-content\/uploads\/2024\/11\/HIEX_logo_noir-130x73.png 130w\" sizes=\"(max-width: 300px) 100vw, 300px\" \/>         \n\n            <div>    \n              <h4 class=\"rep-and-collection__title\">Fournisseur approuv\u00e9<\/h4>\n                    <p>Manufacturier nord-am\u00e9ricain, Foliot est fier d&rsquo;avoir \u00e9t\u00e9 s\u00e9lectionn\u00e9 comme fournisseur autoris\u00e9 pour les h\u00f4tels Holiday Inn Express, une populaire cha\u00eene du groupe IHG. <\/p>\n            <\/div>\n    <\/div>\n\n    <div class=\"rep-and-collection__rep\">\n     <div class=\"rep-and-collection__rep__description\">\n      <p>Besoin d&#039;aide pour votre projet,<br>\n      <strong>\n      Communiquez avec Melanie       <\/strong><\/p>\n       <div class=\"rep-and-collection__rep__infos__contact\">\n                 <a class=\"contact__phone\" href=\"tel:(450) 660-4415\"><i class=\"icomoon-rep_phone\"><\/i><span class=\"desktop\">(450) 660-4415<\/span><\/a>\n                          <a class=\"contact__email\" href=\"mailto:mfleurant@foliot.com\"><i class=\"icomoon-rep_mail\"><\/i><\/a>\n             \n        <\/div>\n    <\/div>\n     <div class=\"rep-and-collection__rep__image\">\n     <img loading=\"lazy\" decoding=\"async\" width=\"150\" height=\"150\" src=\"https:\/\/www.foliot.com\/wp-content\/uploads\/2023\/11\/Melanie-Fleurant-150x150.jpg\" class=\"attachment-thumbnail size-thumbnail wp-post-image\" alt=\"\" \/>    <\/div>\n  <\/div>\n\n<\/section>\n\n\n\n<h1 class=\"wp-block-heading has-text-align-center\">Mobilier conforme aux normes de la marque, con\u00e7u pour durer et livr\u00e9 dans les d\u00e9lais<\/h1>\n\n\n\n<p>Holiday Inn Express repose sur le concept d&rsquo;un voyage simple et intelligent, offrant \u00e0 ses clients l&rsquo;essentiel dont ils ont besoin sans fioritures inutiles. Foliot Furniture s&rsquo;inscrit dans cette mission en proposant des meubles de rangement et des solutions d&rsquo;assise approuv\u00e9s par la marque, alliant un design \u00e9pur\u00e9 \u00e0 une construction durable.<\/p>\n\n\n\n<p>Des postes de travail ergonomiques dans les chambres aux meubles de bar pour le petit-d\u00e9jeuner et aux si\u00e8ges dans les espaces publics, nos meubles sont con\u00e7us pour r\u00e9pondre aux normes de la marque HIEX tout en r\u00e9sistant \u00e0 la forte fr\u00e9quentation et \u00e0 l&rsquo;utilisation continue des h\u00f4tels \u00e0 services s\u00e9lectifs. Gr\u00e2ce \u00e0 nos sites de fabrication \u00e0 Las Vegas et \u00e0 Montr\u00e9al, nous garantissons des d\u00e9lais de livraison fiables, une qualit\u00e9 constante et une assistance locale.<\/p>\n\n\n\n<p>Notre service complet, de la consultation en mati\u00e8re de conception \u00e0 l&rsquo;assistance apr\u00e8s l&rsquo;installation, permet de mener \u00e0 bien les projets sans stress, aidant ainsi les propri\u00e9taires d&rsquo;Holiday Inn Express \u00e0 offrir l&rsquo;exp\u00e9rience accueillante et coh\u00e9rente que les clients attendent.<\/p>\n\n\n\n<div style=\"height:25px\" aria-hidden=\"true\" class=\"wp-block-spacer\"><\/div>\n\n\n\n<div class=\"wp-block-media-text is-stacked-on-mobile is-image-fill has-background\" style=\"background-color:#1170a3;grid-template-columns:53% auto\"><figure class=\"wp-block-media-text__media\" style=\"background-image:url(https:\/\/www.foliot.com\/wp-content\/uploads\/2025\/08\/Foliot-hiex-guestroom-03-1024x650.png);background-position:50% 48%\"><img loading=\"lazy\" decoding=\"async\" width=\"1024\" height=\"650\" src=\"https:\/\/www.foliot.com\/wp-content\/uploads\/2025\/08\/Foliot-hiex-guestroom-03-1024x650.png\" alt=\"\" class=\"wp-image-111025 size-full\" srcset=\"https:\/\/www.foliot.com\/wp-content\/uploads\/2025\/08\/Foliot-hiex-guestroom-03-1024x650.png 1024w, https:\/\/www.foliot.com\/wp-content\/uploads\/2025\/08\/Foliot-hiex-guestroom-03-300x190.png 300w, https:\/\/www.foliot.com\/wp-content\/uploads\/2025\/08\/Foliot-hiex-guestroom-03-768x487.png 768w, https:\/\/www.foliot.com\/wp-content\/uploads\/2025\/08\/Foliot-hiex-guestroom-03-1536x974.png 1536w, https:\/\/www.foliot.com\/wp-content\/uploads\/2025\/08\/Foliot-hiex-guestroom-03-770x488.png 770w, https:\/\/www.foliot.com\/wp-content\/uploads\/2025\/08\/Foliot-hiex-guestroom-03-500x317.png 500w, https:\/\/www.foliot.com\/wp-content\/uploads\/2025\/08\/Foliot-hiex-guestroom-03-700x444.png 700w, https:\/\/www.foliot.com\/wp-content\/uploads\/2025\/08\/Foliot-hiex-guestroom-03-130x82.png 130w, https:\/\/www.foliot.com\/wp-content\/uploads\/2025\/08\/Foliot-hiex-guestroom-03.png 1920w\" sizes=\"(max-width: 1024px) 100vw, 1024px\" \/><\/figure><div class=\"wp-block-media-text__content\">\n<h1 class=\"wp-block-heading has-white-color has-text-color has-link-color wp-elements-989ff7d22df255abfd6f89923f75c1e2\">D\u00e9couvrez le guide du mobilier de chambre approuv\u00e9 par Holiday Inn Express<\/h1>\n\n\n\n<div class=\"wp-block-buttons is-layout-flex wp-block-buttons-is-layout-flex\">\n<div class=\"wp-block-button is-style-fill\"><a class=\"wp-block-button__link has-white-color has-black-background-color has-text-color has-background has-link-color wp-element-button\" href=\"https:\/\/www.foliot.com\/wp-content\/uploads\/2025\/08\/Foliot_HIEX-Refresh-Product-Guide-Guestroom-5092023.pdf\" target=\"_blank\" rel=\"noreferrer noopener\">Parcourir le guide produit<\/a><\/div>\n<\/div>\n\n\n\n<p><\/p>\n<\/div><\/div>\n\n\n\n<div style=\"height:100px\" aria-hidden=\"true\" class=\"wp-block-spacer\"><\/div>\n\n\n\n<div class=\"wp-block-media-text has-media-on-the-right is-stacked-on-mobile is-image-fill has-background\" style=\"background-color:#bd8f3a;grid-template-columns:auto 47%\"><div class=\"wp-block-media-text__content\">\n<h1 class=\"wp-block-heading has-text-align-left has-white-color has-text-color has-link-color wp-elements-de1bd5c627873813511577053b615e6d\">Guide du mobilier de lobby homologu\u00e9 Holiday Inn Expres<\/h1>\n\n\n\n<div class=\"wp-block-buttons is-layout-flex wp-block-buttons-is-layout-flex\">\n<div class=\"wp-block-button is-style-fill\"><a class=\"wp-block-button__link has-white-color has-black-background-color has-text-color has-background has-link-color wp-element-button\" href=\"https:\/\/www.foliot.com\/wp-content\/uploads\/2025\/08\/Foliot_HIEX-Refresh-Product-Guide-Lobby-230406.pdf\" target=\"_blank\" rel=\"noreferrer noopener\">Parcourir le guide produit<\/a><\/div>\n<\/div>\n\n\n\n<p><\/p>\n<\/div><figure class=\"wp-block-media-text__media\" style=\"background-image:url(https:\/\/www.foliot.com\/wp-content\/uploads\/2025\/08\/Foliot-hiex-lobby-03-1024x650.png);background-position:48% 75%\"><img loading=\"lazy\" decoding=\"async\" width=\"1024\" height=\"650\" src=\"https:\/\/www.foliot.com\/wp-content\/uploads\/2025\/08\/Foliot-hiex-lobby-03-1024x650.png\" alt=\"\" class=\"wp-image-111067 size-full\" srcset=\"https:\/\/www.foliot.com\/wp-content\/uploads\/2025\/08\/Foliot-hiex-lobby-03-1024x650.png 1024w, https:\/\/www.foliot.com\/wp-content\/uploads\/2025\/08\/Foliot-hiex-lobby-03-300x190.png 300w, https:\/\/www.foliot.com\/wp-content\/uploads\/2025\/08\/Foliot-hiex-lobby-03-768x487.png 768w, https:\/\/www.foliot.com\/wp-content\/uploads\/2025\/08\/Foliot-hiex-lobby-03-1536x974.png 1536w, https:\/\/www.foliot.com\/wp-content\/uploads\/2025\/08\/Foliot-hiex-lobby-03-770x488.png 770w, https:\/\/www.foliot.com\/wp-content\/uploads\/2025\/08\/Foliot-hiex-lobby-03-500x317.png 500w, https:\/\/www.foliot.com\/wp-content\/uploads\/2025\/08\/Foliot-hiex-lobby-03-700x444.png 700w, https:\/\/www.foliot.com\/wp-content\/uploads\/2025\/08\/Foliot-hiex-lobby-03-130x82.png 130w, https:\/\/www.foliot.com\/wp-content\/uploads\/2025\/08\/Foliot-hiex-lobby-03.png 1920w\" sizes=\"(max-width: 1024px) 100vw, 1024px\" \/><\/figure><\/div>\n\n\n\n<div style=\"height:100px\" aria-hidden=\"true\" class=\"wp-block-spacer\"><\/div>\n","protected":false},"excerpt":{"rendered":"<p>Mobilier conforme aux normes de la marque, con\u00e7u pour durer et livr\u00e9 dans les d\u00e9lais Holiday Inn Express repose sur le concept d&rsquo;un voyage simple et intelligent, offrant \u00e0 ses clients l&rsquo;essentiel dont ils ont besoin sans fioritures inutiles. Foliot Furniture s&rsquo;inscrit dans cette mission en proposant des meubles de rangement et des solutions d&rsquo;assise &hellip; <a href=\"https:\/\/www.foliot.com\/fr\/decouvrez-hotel\/bannieres-approuvees\/holiday-inn-express\/\">Continued<\/a><\/p>\n","protected":false},"author":33,"featured_media":77486,"parent":82022,"menu_order":0,"comment_status":"closed","ping_status":"closed","template":"template-without-header.php","meta":{"content-type":"","_relevanssi_hide_post":"","_relevanssi_hide_content":"","_relevanssi_pin_for_all":"","_relevanssi_pin_keywords":"","_relevanssi_unpin_keywords":"","_relevanssi_related_keywords":"","_relevanssi_related_include_ids":"","_relevanssi_related_exclude_ids":"","_relevanssi_related_no_append":"","_relevanssi_related_not_related":"","_relevanssi_related_posts":"109189,108979,108967,110083,108951,109159","_relevanssi_noindex_reason":"","footnotes":""},"acf":[],"_links":{"self":[{"href":"https:\/\/www.foliot.com\/fr\/wp-json\/wp\/v2\/pages\/82044"}],"collection":[{"href":"https:\/\/www.foliot.com\/fr\/wp-json\/wp\/v2\/pages"}],"about":[{"href":"https:\/\/www.foliot.com\/fr\/wp-json\/wp\/v2\/types\/page"}],"author":[{"embeddable":true,"href":"https:\/\/www.foliot.com\/fr\/wp-json\/wp\/v2\/users\/33"}],"replies":[{"embeddable":true,"href":"https:\/\/www.foliot.com\/fr\/wp-json\/wp\/v2\/comments?post=82044"}],"version-history":[{"count":26,"href":"https:\/\/www.foliot.com\/fr\/wp-json\/wp\/v2\/pages\/82044\/revisions"}],"predecessor-version":[{"id":111154,"href":"https:\/\/www.foliot.com\/fr\/wp-json\/wp\/v2\/pages\/82044\/revisions\/111154"}],"up":[{"embeddable":true,"href":"https:\/\/www.foliot.com\/fr\/wp-json\/wp\/v2\/pages\/82022"}],"wp:featuredmedia":[{"embeddable":true,"href":"https:\/\/www.foliot.com\/fr\/wp-json\/wp\/v2\/media\/77486"}],"wp:attachment":[{"href":"https:\/\/www.foliot.com\/fr\/wp-json\/wp\/v2\/media?parent=82044"}],"curies":[{"name":"wp","href":"https:\/\/api.w.org\/{rel}","templated":true}]}}