{"id":82105,"date":"2021-05-27T00:34:08","date_gmt":"2021-05-27T04:34:08","guid":{"rendered":"https:\/\/www.foliot.com\/decouvrez-hotel\/bannieres-approuvees\/candlewood-suites\/"},"modified":"2026-03-02T09:00:19","modified_gmt":"2026-03-02T14:00:19","slug":"candlewood-suites","status":"publish","type":"page","link":"https:\/\/www.foliot.com\/fr\/decouvrez-hotel\/bannieres-approuvees\/candlewood-suites\/","title":{"rendered":"Candlewood Suites"},"content":{"rendered":"<div class=\"alignfull\">\n    <!-- Root element of PhotoSwipe. Must have class pswp. -->\n    <div class=\"pswp\" tabindex=\"-1\" role=\"dialog\" aria-hidden=\"true\">\n\n        <!-- Background of PhotoSwipe. \n            It's a separate element as animating opacity is faster than rgba(). -->\n        <div class=\"pswp__bg\"><\/div>\n\n        <!-- Slides wrapper with overflow:hidden. -->\n        <div class=\"pswp__scroll-wrap\">\n\n            <!-- Container that holds slides. \n                PhotoSwipe keeps only 3 of them in the DOM to save memory.\n                Don't modify these 3 pswp__item elements, data is added later on. -->\n            <div class=\"pswp__container\">\n                <div class=\"pswp__item\"><\/div>\n                <div class=\"pswp__item\"><\/div>\n                <div class=\"pswp__item\"><\/div>\n            <\/div>\n\n            <!-- Default (PhotoSwipeUI_Default) interface on top of sliding area. Can be changed. -->\n            <div class=\"pswp__ui pswp__ui--hidden\">\n\n                <div class=\"pswp__top-bar\">\n\n                    <!--  Controls are self-explanatory. Order can be changed. -->\n\n                    \n\n                    <button class=\"pswp__button pswp__button--close\" title=\"Close (Esc)\"><\/button>\n                    <!-- \n                    <button class=\"pswp__button pswp__button--zoom\" title=\"Zoom in\/out\"><\/button>\n                     -->\n                    <!-- Preloader demo https:\/\/codepen.io\/dimsemenov\/pen\/yyBWoR -->\n                    <!-- element will get class pswp__preloader--active when preloader is running -->\n                    <div class=\"pswp__preloader\">\n                        <div class=\"pswp__preloader__icn\">\n                        <div class=\"pswp__preloader__cut\">\n                            <div class=\"pswp__preloader__donut\"><\/div>\n                        <\/div>\n                        <\/div>\n                    <\/div>\n                <\/div>\n\n                <div class=\"pswp__share-modal pswp__share-modal--hidden pswp__single-tap\">\n                    <div class=\"pswp__share-tooltip\"><\/div> \n                <\/div>\n\n                <button class=\"pswp__button pswp__button--arrow--left\" title=\"Previous (arrow left)\">\n                <\/button>\n\n                <button class=\"pswp__button pswp__button--arrow--right\" title=\"Next (arrow right)\">\n                <\/button>\n                <div class=\"pswp__counter\"><\/div>\n\n                <div class=\"pswp__caption\">\n                    <div class=\"pswp__caption__center\"><\/div>\n                <\/div>\n\n            <\/div>\n\n        <\/div>\n\n    <\/div>\n<\/div>\n\n<section class=\"photoswipe-gallery photoswipe-gallery--fullwidth alignfull\">\n \n\n  <div class=\"photoswipe-gallery__gallery--fullwidth photoswipe-gallery__gallery\"> \n        <figure itemprop=\"associatedMedia\" itemscope itemtype=\"http:\/\/schema.org\/ImageObject\">\n        <a href=\"https:\/\/www.foliot.com\/wp-content\/uploads\/2025\/01\/Foliot-Candlewood-1.jpg\" data-background=\"#c3beb8\" data-size=\"1920x1218\" title=\"Foliot-Candlewood-1\">\n            <img decoding=\"async\" src=\"https:\/\/www.foliot.com\/wp-content\/uploads\/2025\/01\/Foliot-Candlewood-1.jpg\" alt=\"\" \/>\n            <button class=\"btn__gallery btn--primary\">Voir la galerie<\/button>\n        <\/a>\n    <\/figure>\n\n              <figure itemprop=\"associatedMedia\" itemscope itemtype=\"http:\/\/schema.org\/ImageObject\">\n        <a href=\"https:\/\/www.foliot.com\/wp-content\/uploads\/2025\/01\/Foliot-Candlewood-2.jpg\" data-background=\"#805544\" data-size=\"1920x1218\" title=\"Foliot-Candlewood-2\">\n            <img decoding=\"async\" src=\"https:\/\/www.foliot.com\/wp-content\/uploads\/2025\/01\/Foliot-Candlewood-2.jpg\" alt=\"\" \/>\n            <button class=\"btn__gallery btn--primary\">Voir la galerie<\/button>\n        <\/a>\n    <\/figure>\n\n              <figure itemprop=\"associatedMedia\" itemscope itemtype=\"http:\/\/schema.org\/ImageObject\">\n        <a href=\"https:\/\/www.foliot.com\/wp-content\/uploads\/2025\/01\/Foliot-Candlewood-4.jpg\" data-background=\"#9e968b\" data-size=\"1920x1218\" title=\"Foliot-Candlewood-4\">\n            <img decoding=\"async\" src=\"https:\/\/www.foliot.com\/wp-content\/uploads\/2025\/01\/Foliot-Candlewood-4.jpg\" alt=\"\" \/>\n            <button class=\"btn__gallery btn--primary\">Voir la galerie<\/button>\n        <\/a>\n    <\/figure>\n\n              <figure itemprop=\"associatedMedia\" itemscope itemtype=\"http:\/\/schema.org\/ImageObject\">\n        <a href=\"https:\/\/www.foliot.com\/wp-content\/uploads\/2025\/01\/Foliot-Candlewood-5.jpg\" data-background=\"#ccc3ba\" data-size=\"1920x1218\" title=\"Foliot-Candlewood-5\">\n            <img decoding=\"async\" src=\"https:\/\/www.foliot.com\/wp-content\/uploads\/2025\/01\/Foliot-Candlewood-5.jpg\" alt=\"\" \/>\n            <button class=\"btn__gallery btn--primary\">Voir la galerie<\/button>\n        <\/a>\n    <\/figure>\n\n              <figure itemprop=\"associatedMedia\" itemscope itemtype=\"http:\/\/schema.org\/ImageObject\">\n        <a href=\"https:\/\/www.foliot.com\/wp-content\/uploads\/2025\/01\/Foliot-Candlewood-7.jpg\" data-background=\"#3d464d\" data-size=\"1920x1218\" title=\"Foliot-Candlewood-7\">\n            <img decoding=\"async\" src=\"https:\/\/www.foliot.com\/wp-content\/uploads\/2025\/01\/Foliot-Candlewood-7.jpg\" alt=\"\" \/>\n            <button class=\"btn__gallery btn--primary\">Voir la galerie<\/button>\n        <\/a>\n    <\/figure>\n\n              <figure itemprop=\"associatedMedia\" itemscope itemtype=\"http:\/\/schema.org\/ImageObject\">\n        <a href=\"https:\/\/www.foliot.com\/wp-content\/uploads\/2025\/01\/Foliot-Candlewood-8.jpg\" data-background=\"#805544\" data-size=\"1920x1218\" title=\"Foliot-Candlewood-8\">\n            <img decoding=\"async\" src=\"https:\/\/www.foliot.com\/wp-content\/uploads\/2025\/01\/Foliot-Candlewood-8.jpg\" alt=\"\" \/>\n            <button class=\"btn__gallery btn--primary\">Voir la galerie<\/button>\n        <\/a>\n    <\/figure>\n\n              <figure itemprop=\"associatedMedia\" itemscope itemtype=\"http:\/\/schema.org\/ImageObject\">\n        <a href=\"https:\/\/www.foliot.com\/wp-content\/uploads\/2025\/01\/Foliot-Candlewood-10.jpg\" data-background=\"#3d464d\" data-size=\"1920x1218\" title=\"Foliot-Candlewood-10\">\n            <img decoding=\"async\" src=\"https:\/\/www.foliot.com\/wp-content\/uploads\/2025\/01\/Foliot-Candlewood-10.jpg\" alt=\"\" \/>\n            <button class=\"btn__gallery btn--primary\">Voir la galerie<\/button>\n        <\/a>\n    <\/figure>\n\n            <\/div>\n<\/section>\n\n\n<section class=\"rep-and-collection wysiwyg alignwide\">\n\n    <div class=\"rep-and-collection__desc \n    desc-flex    \" >\n             <img loading=\"lazy\" decoding=\"async\" width=\"300\" height=\"168\" src=\"https:\/\/www.foliot.com\/wp-content\/uploads\/2021\/05\/candlewood.png\" class=\"attachment-medium size-medium\" alt=\"Candlewood Suites logo\" srcset=\"https:\/\/www.foliot.com\/wp-content\/uploads\/2021\/05\/candlewood.png 300w, https:\/\/www.foliot.com\/wp-content\/uploads\/2021\/05\/candlewood-130x73.png 130w\" sizes=\"(max-width: 300px) 100vw, 300px\" \/>         \n\n            <div>    \n              <h4 class=\"rep-and-collection__title\">Fournisseur approuv\u00e9<\/h4>\n                    <p>Foliot est fier d&rsquo;avoir \u00e9t\u00e9 s\u00e9lectionn\u00e9 comme fournisseur autoris\u00e9 pour les h\u00f4tels Candlewood Suites, une cha\u00eene du groupe IHG.<\/p>\n            <\/div>\n    <\/div>\n\n    <div class=\"rep-and-collection__rep\">\n     <div class=\"rep-and-collection__rep__description\">\n      <p>Besoin d&#039;aide pour votre projet,<br>\n      <strong>\n      Communiquez avec Melanie       <\/strong><\/p>\n       <div class=\"rep-and-collection__rep__infos__contact\">\n                 <a class=\"contact__phone\" href=\"tel:(450) 660-4415\"><i class=\"icomoon-rep_phone\"><\/i><span class=\"desktop\">(450) 660-4415<\/span><\/a>\n                          <a class=\"contact__email\" href=\"mailto:mfleurant@foliot.com\"><i class=\"icomoon-rep_mail\"><\/i><\/a>\n             \n        <\/div>\n    <\/div>\n     <div class=\"rep-and-collection__rep__image\">\n     <img loading=\"lazy\" decoding=\"async\" width=\"150\" height=\"150\" src=\"https:\/\/www.foliot.com\/wp-content\/uploads\/2023\/11\/Melanie-Fleurant-150x150.jpg\" class=\"attachment-thumbnail size-thumbnail wp-post-image\" alt=\"\" \/>    <\/div>\n  <\/div>\n\n<\/section>\n\n\n\n<p><\/p>\n\n\n\n<h1 class=\"wp-block-heading has-text-align-center\">Fiers d\u2019\u00eatre partenaire de Candlewood Suites par IHG<\/h1>\n\n\n\n<p>Chez Candlewood Suites, offrir \u00e0 leurs invit\u00e9s un environnement chaleureux et accueillant est une priorit\u00e9 absolue\u2014et Foliot Furniture est fier de contribuer \u00e0 cette mission depuis d\u00e9j\u00e0 plus de cinq ans. <\/p>\n\n\n\n<p>Gr\u00e2ce \u00e0 des designs intemporels et des mat\u00e9riaux de haute qualit\u00e9, nous garantissons que chacune des pi\u00e8ces de meubles allie esth\u00e9tique et durabilit\u00e9. Qu&rsquo;il s&rsquo;agisse de fauteuils confortables dans les chambres pour se d\u00e9tendre apr\u00e8s une longue journ\u00e9e ou de chaises accueillantes dans les lobbys qui cr\u00e9ent une premi\u00e8re impression m\u00e9morable, chaque pi\u00e8ce est con\u00e7ue en pensant au confort des invit\u00e9s. Ensemble, Candlewood Suites et Muebles Foliot permet aux voyageurs de se sentir comme chez soit.<\/p>\n\n\n\n<div style=\"height:24px\" aria-hidden=\"true\" class=\"wp-block-spacer\"><\/div>\n\n\n\n<div class=\"wp-block-media-text is-stacked-on-mobile is-image-fill has-background\" style=\"background-color:#001e5a\"><figure class=\"wp-block-media-text__media\" style=\"background-image:url(https:\/\/www.foliot.com\/wp-content\/uploads\/2025\/01\/Foliot-Candlewood-9-1024x650.jpg);background-position:50% 50%\"><img loading=\"lazy\" decoding=\"async\" width=\"1024\" height=\"650\" src=\"https:\/\/www.foliot.com\/wp-content\/uploads\/2025\/01\/Foliot-Candlewood-9-1024x650.jpg\" alt=\"\" class=\"wp-image-105699 size-full\" srcset=\"https:\/\/www.foliot.com\/wp-content\/uploads\/2025\/01\/Foliot-Candlewood-9-1024x650.jpg 1024w, https:\/\/www.foliot.com\/wp-content\/uploads\/2025\/01\/Foliot-Candlewood-9-300x190.jpg 300w, https:\/\/www.foliot.com\/wp-content\/uploads\/2025\/01\/Foliot-Candlewood-9-768x487.jpg 768w, https:\/\/www.foliot.com\/wp-content\/uploads\/2025\/01\/Foliot-Candlewood-9-1536x974.jpg 1536w, https:\/\/www.foliot.com\/wp-content\/uploads\/2025\/01\/Foliot-Candlewood-9-770x488.jpg 770w, https:\/\/www.foliot.com\/wp-content\/uploads\/2025\/01\/Foliot-Candlewood-9-500x317.jpg 500w, https:\/\/www.foliot.com\/wp-content\/uploads\/2025\/01\/Foliot-Candlewood-9-700x444.jpg 700w, https:\/\/www.foliot.com\/wp-content\/uploads\/2025\/01\/Foliot-Candlewood-9-130x82.jpg 130w, https:\/\/www.foliot.com\/wp-content\/uploads\/2025\/01\/Foliot-Candlewood-9.jpg 1920w\" sizes=\"(max-width: 1024px) 100vw, 1024px\" \/><\/figure><div class=\"wp-block-media-text__content\">\n<h2 class=\"wp-block-heading has-white-color has-text-color has-link-color wp-elements-b1b891105fd0e20845eefa72c02d5e79\">D\u00e9couvrez les sofas et chaises de la collection<\/h2>\n\n\n\n<div class=\"wp-block-buttons is-layout-flex wp-block-buttons-is-layout-flex\">\n<div class=\"wp-block-button\"><a class=\"wp-block-button__link has-black-color has-white-background-color has-text-color has-background has-link-color wp-element-button\" href=\"https:\/\/www.foliot.com\/wp-content\/uploads\/2024\/10\/Candlewood-Suites-Seating-Product-Guide-1019024.pdf\">Consultez le guide<\/a><\/div>\n<\/div>\n<\/div><\/div>\n\n\n\n<div style=\"height:100px\" aria-hidden=\"true\" class=\"wp-block-spacer\"><\/div>\n\n\n\n<div class=\"wp-block-media-text has-media-on-the-right is-stacked-on-mobile is-image-fill has-background\" style=\"background-color:#805544\"><div class=\"wp-block-media-text__content\">\n<h2 class=\"wp-block-heading has-white-color has-text-color has-link-color wp-elements-223b5e43fe9e134316a98e55add058b3\">Int\u00e9ressez par les cuisinettes? Demandez-nous!<\/h2>\n\n\n\n<p><\/p>\n<\/div><figure class=\"wp-block-media-text__media\" style=\"background-image:url(https:\/\/www.foliot.com\/wp-content\/uploads\/2024\/09\/One-Bedroom-Suite-King-Kitchenette.jpg);background-position:50% 50%\"><img loading=\"lazy\" decoding=\"async\" width=\"960\" height=\"553\" src=\"https:\/\/www.foliot.com\/wp-content\/uploads\/2024\/09\/One-Bedroom-Suite-King-Kitchenette.jpg\" alt=\"\" class=\"wp-image-103779 size-full\" srcset=\"https:\/\/www.foliot.com\/wp-content\/uploads\/2024\/09\/One-Bedroom-Suite-King-Kitchenette.jpg 960w, https:\/\/www.foliot.com\/wp-content\/uploads\/2024\/09\/One-Bedroom-Suite-King-Kitchenette-300x173.jpg 300w, https:\/\/www.foliot.com\/wp-content\/uploads\/2024\/09\/One-Bedroom-Suite-King-Kitchenette-768x442.jpg 768w, https:\/\/www.foliot.com\/wp-content\/uploads\/2024\/09\/One-Bedroom-Suite-King-Kitchenette-770x444.jpg 770w, https:\/\/www.foliot.com\/wp-content\/uploads\/2024\/09\/One-Bedroom-Suite-King-Kitchenette-500x288.jpg 500w, https:\/\/www.foliot.com\/wp-content\/uploads\/2024\/09\/One-Bedroom-Suite-King-Kitchenette-700x403.jpg 700w, https:\/\/www.foliot.com\/wp-content\/uploads\/2024\/09\/One-Bedroom-Suite-King-Kitchenette-130x75.jpg 130w\" sizes=\"(max-width: 960px) 100vw, 960px\" \/><\/figure><\/div>\n\n\n\n<div style=\"height:105px\" aria-hidden=\"true\" class=\"wp-block-spacer\"><\/div>\n","protected":false},"excerpt":{"rendered":"<p>Fiers d\u2019\u00eatre partenaire de Candlewood Suites par IHG Chez Candlewood Suites, offrir \u00e0 leurs invit\u00e9s un environnement chaleureux et accueillant est une priorit\u00e9 absolue\u2014et Foliot Furniture est fier de contribuer \u00e0 cette mission depuis d\u00e9j\u00e0 plus de cinq ans. Gr\u00e2ce \u00e0 des designs intemporels et des mat\u00e9riaux de haute qualit\u00e9, nous garantissons que chacune des &hellip; <a href=\"https:\/\/www.foliot.com\/fr\/decouvrez-hotel\/bannieres-approuvees\/candlewood-suites\/\">Continued<\/a><\/p>\n","protected":false},"author":33,"featured_media":77490,"parent":82022,"menu_order":0,"comment_status":"closed","ping_status":"closed","template":"template-without-header.php","meta":{"content-type":"","_relevanssi_hide_post":"","_relevanssi_hide_content":"","_relevanssi_pin_for_all":"","_relevanssi_pin_keywords":"","_relevanssi_unpin_keywords":"","_relevanssi_related_keywords":"","_relevanssi_related_include_ids":"","_relevanssi_related_exclude_ids":"","_relevanssi_related_no_append":"","_relevanssi_related_not_related":"","_relevanssi_related_posts":"111232,112864,110308,110083,112369,109159","_relevanssi_noindex_reason":"","footnotes":""},"acf":[],"_links":{"self":[{"href":"https:\/\/www.foliot.com\/fr\/wp-json\/wp\/v2\/pages\/82105"}],"collection":[{"href":"https:\/\/www.foliot.com\/fr\/wp-json\/wp\/v2\/pages"}],"about":[{"href":"https:\/\/www.foliot.com\/fr\/wp-json\/wp\/v2\/types\/page"}],"author":[{"embeddable":true,"href":"https:\/\/www.foliot.com\/fr\/wp-json\/wp\/v2\/users\/33"}],"replies":[{"embeddable":true,"href":"https:\/\/www.foliot.com\/fr\/wp-json\/wp\/v2\/comments?post=82105"}],"version-history":[{"count":32,"href":"https:\/\/www.foliot.com\/fr\/wp-json\/wp\/v2\/pages\/82105\/revisions"}],"predecessor-version":[{"id":114556,"href":"https:\/\/www.foliot.com\/fr\/wp-json\/wp\/v2\/pages\/82105\/revisions\/114556"}],"up":[{"embeddable":true,"href":"https:\/\/www.foliot.com\/fr\/wp-json\/wp\/v2\/pages\/82022"}],"wp:featuredmedia":[{"embeddable":true,"href":"https:\/\/www.foliot.com\/fr\/wp-json\/wp\/v2\/media\/77490"}],"wp:attachment":[{"href":"https:\/\/www.foliot.com\/fr\/wp-json\/wp\/v2\/media?parent=82105"}],"curies":[{"name":"wp","href":"https:\/\/api.w.org\/{rel}","templated":true}]}}