{"id":83656,"date":"2021-08-03T10:08:20","date_gmt":"2021-08-03T14:08:20","guid":{"rendered":"https:\/\/www.foliot.com\/decouvrez-hotel\/soft-seating\/"},"modified":"2021-08-03T15:36:55","modified_gmt":"2021-08-03T19:36:55","slug":"sofas","status":"publish","type":"page","link":"https:\/\/www.foliot.com\/fr\/decouvrez-hotel\/sofas\/","title":{"rendered":"Sofas"},"content":{"rendered":"\n<p class=\"has-text-align-center is-style-intro has-large-font-size\">Fabriqu\u00e9s ici-m\u00eame en Am\u00e9rique du Nord par notre \u00e9quipe de rembourreurs, nos sofas pour h\u00f4tels allient des coussins confectionn\u00e9s \u00e0 la main dans des mat\u00e9riaux de haute qualit\u00e9 \u00e0 une charpente ultra-r\u00e9sistante.<\/p>\n\n\n\n<section class=\"products__listing alignwide\">\n  <div id=\"filter-bar\" class=\"products__grid__filter\">\n  <div class=\"items__count\">\n          \n      <div class=\"facetwp-facet facetwp-facet-facetwp_product_count facetwp-type-pager\" data-name=\"facetwp_product_count\" data-type=\"pager\"><\/div>     \n     \n  <\/div>\n    \n        \n<div class=\"facet-filters__inline\">\n  <div class=\"facetwp-selections\"><\/div><\/div>\n\n        \n<div class=\"filter-actions\">\n    <button class=\"filter-toggle\" aria-expanded=\"false\" aria-label=\"Ouvrir le panneau de filtres\"><span class=\"filter-toggle__label\">Filtres<\/span><i class=\"icomoon-filters\"><\/i><\/button>\n<\/div>\n<div id=\"filter-pannel\" class=\"filter-pannel\">\n<button class=\"filter-reset btn--primary btn--small\" onclick=\"FWP.reset()\">Effacer les filtres<\/button>\n  \n    <button class=\"filter-pannel__close\"><\/button>\n    <div class=\"filter-pannel__inner\">\n \n            <div class=\"filter-pannel__accordeon filter-pannel__accordeon--product_type\" aria-expanded=\"false\">\n    \n      <button class=\"filter-pannel__accordeon__header\"  aria-label=\"\n        Ouvrir l&#039;accord\u00e9on Type         \">\n          <div class=\"filter-pannel__accordeon__title\">Type<\/div>\n          <div class=\"filter-pannel__accordeon__toggle\" >\n            <div class=\"btn-inner\">\n              <i class=\"down-arrow\"><\/i>\n            <\/div>\n          <\/div>\n        <\/button>\n        <div class=\"filter-pannel__accordeon__content\">\n          <div class=\"facetwp-facet facetwp-facet-fwp_product_types facetwp-type-checkboxes\" data-name=\"fwp_product_types\" data-type=\"checkboxes\"><\/div>        <\/div>\n      <\/div>\n            <div class=\"filter-pannel__accordeon filter-pannel__accordeon--collections\" aria-expanded=\"false\">\n    \n      <button class=\"filter-pannel__accordeon__header\"  aria-label=\"\n        Ouvrir l&#039;accord\u00e9on Marque \/ Collection         \">\n          <div class=\"filter-pannel__accordeon__title\">Marque \/ Collection<\/div>\n          <div class=\"filter-pannel__accordeon__toggle\" >\n            <div class=\"btn-inner\">\n              <i class=\"down-arrow\"><\/i>\n            <\/div>\n          <\/div>\n        <\/button>\n        <div class=\"filter-pannel__accordeon__content\">\n          <div class=\"facetwp-facet facetwp-facet-facetwp_product_collections facetwp-type-checkboxes\" data-name=\"facetwp_product_collections\" data-type=\"checkboxes\"><\/div>        <\/div>\n      <\/div>\n         \n    <\/div>\n  <\/div>\n     \n<\/div>\n<div class=\"products__grid facetwp-template\">\n\n          \n      \n<a href=\"https:\/\/www.foliot.com\/fr\/produits\/sofa-hatus-301s\/\" class=\"product__item\" data-product=\"{&quot;types&quot;:&quot;&quot;,&quot;rating&quot;:&quot;-&quot;,&quot;description&quot;:&quot;&quot;,&quot;dimensions&quot;:{&quot;in&quot;:{&quot;depth&quot;:&quot;33.00&quot;,&quot;height&quot;:&quot;32.00&quot;,&quot;width&quot;:&quot;90.00&quot;},&quot;cm&quot;:{&quot;depth&quot;:84,&quot;height&quot;:81,&quot;width&quot;:229}},&quot;image&quot;:&quot;https:\\\/\\\/www.foliot.com\\\/wp-content\\\/uploads\\\/2021\\\/06\\\/FG_HATUS-301S_Front.jpg&quot;,&quot;code&quot;:&quot;HATUS-301S&quot;,&quot;id&quot;:44774}\" >\n  <div class=\"product__image\">\n    <div class=\"product__actions\">\n     <div id=\"compare-actions-HATUS-301S\" class=\"product__actions__compare\">\n    <\/div>\n    <\/div>\n\n      <img loading=\"lazy\" decoding=\"async\" width=\"900\" height=\"900\" src=\"https:\/\/www.foliot.com\/wp-content\/uploads\/2021\/06\/FG_HATUS-301S_Front.jpg\" class=\"attachment-large size-large\" alt=\"\" \/>  \n      <div class=\"product__image__hover\">\n    <img loading=\"lazy\" decoding=\"async\" width=\"900\" height=\"900\" src=\"https:\/\/www.foliot.com\/wp-content\/uploads\/2021\/09\/FG_HATUS-301S.jpg\" class=\"attachment-large size-large\" alt=\"\" \/>    <\/div>\n    \n\n  <\/div>\n  <div class=\"product__desc\">\n    <div class=\"product__desc__top\">\n      <div class=\"product__desc__top__left\">\n                  <h4 class=\"product__collection\">\n              Atwell Suites \u00a0\u00a0\u00a0          <\/h4>\n                          <p class=\"product__name\">Sofa<\/p>\n                          <p class=\"product__code\">HATUS-301S<\/p>\n              <\/div>\n      <div class=\"product__desc__top__right\">\n                \n  <button class=\"add-to__btn add-to__btn--wishlist add-to-wishlist-btn product\"\n    data-item_id=\"44774\"\n    data-item_name=\"Sofa\"\n    data-type=\"product\"\n    title=\"Ajouter aux favoris\"\n    id=\"wish-44774\">\n    \n  <i class=\"icon add-to-wishlist product\"><\/i>\n\n  <span class=\"sr-only\">\n    Ajouter Sofa-HATUS-301S \u00e0 mes favoris  <\/span>\n  <\/button>\n\n      <\/div>\n    <\/div>\n    <div class=\"product__desc__bottom\">\n          <p class=\"product__manufacturer\">44132<\/p>\n        <\/div>\n\n  <\/div>\n<\/a>\n   \n\n\n<\/div>   \n\n<div class=\"facetwp-facet facetwp-facet-facetwp_loadmore facetwp-type-pager\" data-name=\"facetwp_loadmore\" data-type=\"pager\"><\/div>\n<div class=\"popup popup--project\">\n  <div class=\"popup__overlay\"><\/div>\n  <div class=\"popup__flex-container\">\n    <div class=\"popup__inner\">\n\n    <\/div>\n  <\/div>\n<\/div>\n\n<script type=\"text\/tmpl\" id=\"tmpl-add-to-project\">\n\n<button id=\"popup-close\"><\/button>\n<div class=\"popup--project__item__image\">\n  <img decoding=\"async\" src=\"{{ data.image }}\" alt=\"\">\n<\/div>\n<h3 class=\"popup--project__title\">Ajouter \u00e0 un projet<\/h3>\n<input type=\"text\" placeholder=\"Rechercher\"\n       class=\"popup--project__search\" id=\"popup-project-search\">\n<div id=\"projects-list\" class=\"popup--project__projects\">\n  \n<\/div>\n<div class=\"popup--project__create\">\n  <button class=\"project__newitem__add\"><span><\/span><span><\/span><\/button>\n  <div class=\"project__newitem__content\">\n    <label class=\"project__newitem__placeholer\" for=\"new-item-{{data.id}}\">\n      Create a project    <\/label>\n    <div class=\"project__newitem__container\">\n      <input id=\"new-item-{{data.id}}\" class=\"project__newitem__title\" type=\"text\" placeholder=\"Enter a name\">\n      <button class=\"project__newitem__save\">Enregistrer<span\n            class=\"sr-only\">[Item name] to [project name]<\/span><\/button>\n    <\/div>\n  <\/div>\n<\/div>\n<\/script>\n\n<script type=\"text\/tmpl\" id=\"tmpl-project-item\">\n<div class=\"project__item\">\n  <div class=\"project__item__inner\">\n    <div class=\"project__item__avatar\"\n         style=\"background-image:url(https:\/\/www.foliot.com\/wp-content\/themes\/foliot.com\/dist\/images\/defaults\/default.jpg)\"><\/div>\n    <p class=\"project__item__name\">{{ data.project_title }}<\/p>\n  <\/div>\n  <button class=\"project__item__save\"\n          data-project-id=\"{{ data.project_id }}\"\n  >\n    Enregistrer    <span class=\"sr-only\">[Item name] to [project name]<\/span\n  <\/button>\n<\/div>\n<\/script>\n<\/section>\n","protected":false},"excerpt":{"rendered":"<p>Fabriqu\u00e9s ici-m\u00eame en Am\u00e9rique du Nord par notre \u00e9quipe de rembourreurs, nos sofas pour h\u00f4tels allient des coussins confectionn\u00e9s \u00e0 la main dans des mat\u00e9riaux de haute qualit\u00e9 \u00e0 une charpente ultra-r\u00e9sistante.<\/p>\n","protected":false},"author":33,"featured_media":80942,"parent":82001,"menu_order":0,"comment_status":"closed","ping_status":"closed","template":"","meta":{"content-type":"","_relevanssi_hide_post":"","_relevanssi_hide_content":"","_relevanssi_pin_for_all":"","_relevanssi_pin_keywords":"","_relevanssi_unpin_keywords":"","_relevanssi_related_keywords":"","_relevanssi_related_include_ids":"","_relevanssi_related_exclude_ids":"","_relevanssi_related_no_append":"","_relevanssi_related_not_related":"","_relevanssi_related_posts":"","_relevanssi_noindex_reason":"","footnotes":""},"acf":[],"_links":{"self":[{"href":"https:\/\/www.foliot.com\/fr\/wp-json\/wp\/v2\/pages\/83656"}],"collection":[{"href":"https:\/\/www.foliot.com\/fr\/wp-json\/wp\/v2\/pages"}],"about":[{"href":"https:\/\/www.foliot.com\/fr\/wp-json\/wp\/v2\/types\/page"}],"author":[{"embeddable":true,"href":"https:\/\/www.foliot.com\/fr\/wp-json\/wp\/v2\/users\/33"}],"replies":[{"embeddable":true,"href":"https:\/\/www.foliot.com\/fr\/wp-json\/wp\/v2\/comments?post=83656"}],"version-history":[{"count":5,"href":"https:\/\/www.foliot.com\/fr\/wp-json\/wp\/v2\/pages\/83656\/revisions"}],"predecessor-version":[{"id":83720,"href":"https:\/\/www.foliot.com\/fr\/wp-json\/wp\/v2\/pages\/83656\/revisions\/83720"}],"up":[{"embeddable":true,"href":"https:\/\/www.foliot.com\/fr\/wp-json\/wp\/v2\/pages\/82001"}],"wp:featuredmedia":[{"embeddable":true,"href":"https:\/\/www.foliot.com\/fr\/wp-json\/wp\/v2\/media\/80942"}],"wp:attachment":[{"href":"https:\/\/www.foliot.com\/fr\/wp-json\/wp\/v2\/media?parent=83656"}],"curies":[{"name":"wp","href":"https:\/\/api.w.org\/{rel}","templated":true}]}}