{"id":84139,"date":"2021-07-09T14:31:51","date_gmt":"2021-07-09T18:31:51","guid":{"rendered":"https:\/\/www.foliot.com\/why-foliot\/"},"modified":"2021-08-25T10:43:19","modified_gmt":"2021-08-25T14:43:19","slug":"pourquoi-foliot","status":"publish","type":"page","link":"https:\/\/www.foliot.com\/fr\/pourquoi-foliot\/","title":{"rendered":"Pourquoi Foliot"},"content":{"rendered":"\n<div class=\"wp-block-cover alignfull has-background-dim-40 has-background-dim\" style=\"min-height:989px;aspect-ratio:unset;\"><video class=\"wp-block-cover__video-background intrinsic-ignore\" autoplay muted loop playsinline src=\"https:\/\/www.foliot.com\/wp-content\/uploads\/2021\/07\/test_film3.mov\" data-object-fit=\"cover\"><\/video><div class=\"wp-block-cover__inner-container is-layout-flow wp-block-cover-is-layout-flow\"><section class=\"foliot-separator\"><\/section>\n\n\n\n<h1 class=\"has-text-align-center wp-block-heading\">Ensemble, on \u00e9crit la plus belle histoire. Nous sommes fiers d\u2019\u00eatre qui nous sommes et de ce que nous fabriquons.<\/h1>\n\n\n\n<div style=\"height:53px\" aria-hidden=\"true\" class=\"wp-block-spacer\"><\/div>\n\n\n\n<h2 class=\"has-text-align-center wp-block-heading\">Embarquer dans l&rsquo;histoire, c&rsquo;est aussi:<\/h2>\n\n\n<section class=\"foliot-separator\"><\/section>\n<\/div><\/div>\n\n\n<section class=\"foliot-separator\"><\/section>\n\n\n\n<div style=\"height:100px\" aria-hidden=\"true\" class=\"wp-block-spacer\"><\/div>\n\n\n\n<div class=\"wp-block-media-text has-media-on-the-right is-stacked-on-mobile\" id=\"manufacturing\"><figure class=\"wp-block-media-text__media\"><img loading=\"lazy\" decoding=\"async\" width=\"600\" height=\"614\" src=\"https:\/\/www.foliot.com\/wp-content\/uploads\/2021\/07\/Foliot_Social13.jpg\" alt=\"\" class=\"wp-image-83055 size-full\" srcset=\"https:\/\/www.foliot.com\/wp-content\/uploads\/2021\/07\/Foliot_Social13.jpg 600w, https:\/\/www.foliot.com\/wp-content\/uploads\/2021\/07\/Foliot_Social13-293x300.jpg 293w, https:\/\/www.foliot.com\/wp-content\/uploads\/2021\/07\/Foliot_Social13-500x512.jpg 500w, https:\/\/www.foliot.com\/wp-content\/uploads\/2021\/07\/Foliot_Social13-127x130.jpg 127w\" sizes=\"(max-width: 600px) 100vw, 600px\" \/><\/figure><div class=\"wp-block-media-text__content\">\n<h2 class=\"has-text-align-left wp-block-heading\">Des horaires flexibles et une r\u00e9mun\u00e9ration globale g\u00e9n\u00e9reuse<\/h2>\n\n\n\n<p class=\"has-text-align-left has-large-font-size\">T\u2019as le go\u00fbt de travailler \u00e0 temps plein ou \u00e0 temps partiel? D&rsquo;\u00eatre permanent ou saisonnier? Ici, on est capable d\u2019offrir un horaire de travail flexible qui s\u2019adapte \u00e0 ton contexte de vie.<\/p>\n\n\n\n<p class=\"has-text-align-left has-large-font-size\">Un salaire comp\u00e9titif, un r\u00e9gime d\u2019assurance collective flexible, un plan d\u2019\u00e9pargne qui se d\u00e9marque, un service de t\u00e9l\u00e9m\u00e9decine tout \u00e0 fait gratuit, un programme de partage des profits et tellement plus\u2026 une r\u00e9mun\u00e9ration globale g\u00e9n\u00e9reuse, ici on l\u2019a!<\/p>\n<\/div><\/div>\n\n\n\n<div style=\"height:100px\" aria-hidden=\"true\" class=\"wp-block-spacer\"><\/div>\n\n\n\n<div class=\"wp-block-media-text is-stacked-on-mobile\" id=\"quality-control\"><figure class=\"wp-block-media-text__media\"><img loading=\"lazy\" decoding=\"async\" width=\"860\" height=\"648\" src=\"https:\/\/www.foliot.com\/wp-content\/uploads\/2021\/08\/RH8-1.jpg\" alt=\"\" class=\"wp-image-84866 size-full\" srcset=\"https:\/\/www.foliot.com\/wp-content\/uploads\/2021\/08\/RH8-1.jpg 860w, https:\/\/www.foliot.com\/wp-content\/uploads\/2021\/08\/RH8-1-300x226.jpg 300w, https:\/\/www.foliot.com\/wp-content\/uploads\/2021\/08\/RH8-1-768x579.jpg 768w, https:\/\/www.foliot.com\/wp-content\/uploads\/2021\/08\/RH8-1-770x580.jpg 770w, https:\/\/www.foliot.com\/wp-content\/uploads\/2021\/08\/RH8-1-500x377.jpg 500w, https:\/\/www.foliot.com\/wp-content\/uploads\/2021\/08\/RH8-1-700x527.jpg 700w, https:\/\/www.foliot.com\/wp-content\/uploads\/2021\/08\/RH8-1-130x98.jpg 130w\" sizes=\"(max-width: 860px) 100vw, 860px\" \/><\/figure><div class=\"wp-block-media-text__content\">\n<h2 class=\"wp-block-heading\">Une caf\u00e9t\u00e9ria et un gym dont on ne se passerait plus!<\/h2>\n\n\n\n<p>Ici, on mange bien dans notre caf\u00e9t\u00e9ria qu\u2019on appelle affectueusement \u00ab\u00a0le Paddock\u00a0\u00bb. Dans cette aire de d\u00e9tente, on trouve tous les jours d\u00e9jeuners, caf\u00e9s, breuvages, viennoiseries, collations sant\u00e9 et d\u00eeners. Tout y est pour rassasier nos petites fringales. Pr\u00e9par\u00e9s chaque jour avec amour et avec des ingr\u00e9dients frais et locaux, les items y sont vendus \u00e0 mini prix en plus!<\/p>\n\n\n\n<p>Notre gym est aussi tr\u00e8s pratique pour un petit 30 minutes de v\u00e9lo, de rameur ou de tapis roulant. Du yoga? Pourquoi pas! On peut tout faire et \u00e7a fait du bien.<\/p>\n<\/div><\/div>\n\n\n\n<div style=\"height:100px\" aria-hidden=\"true\" class=\"wp-block-spacer\"><\/div>\n\n\n\n<div class=\"wp-block-media-text has-media-on-the-right is-stacked-on-mobile\" id=\"shipping\"><figure class=\"wp-block-media-text__media\"><img loading=\"lazy\" decoding=\"async\" width=\"860\" height=\"648\" src=\"https:\/\/www.foliot.com\/wp-content\/uploads\/2021\/08\/RH7-1.jpg\" alt=\"\" class=\"wp-image-84868 size-full\" srcset=\"https:\/\/www.foliot.com\/wp-content\/uploads\/2021\/08\/RH7-1.jpg 860w, https:\/\/www.foliot.com\/wp-content\/uploads\/2021\/08\/RH7-1-300x226.jpg 300w, https:\/\/www.foliot.com\/wp-content\/uploads\/2021\/08\/RH7-1-768x579.jpg 768w, https:\/\/www.foliot.com\/wp-content\/uploads\/2021\/08\/RH7-1-770x580.jpg 770w, https:\/\/www.foliot.com\/wp-content\/uploads\/2021\/08\/RH7-1-500x377.jpg 500w, https:\/\/www.foliot.com\/wp-content\/uploads\/2021\/08\/RH7-1-700x527.jpg 700w, https:\/\/www.foliot.com\/wp-content\/uploads\/2021\/08\/RH7-1-130x98.jpg 130w\" sizes=\"(max-width: 860px) 100vw, 860px\" \/><\/figure><div class=\"wp-block-media-text__content\">\n<h2 class=\"has-text-align-left wp-block-heading\">Une vie sociale comme nulle part ailleurs<\/h2>\n\n\n\n<p class=\"has-text-align-left\">Ici on fait plein d\u2019activit\u00e9s et on l\u00e2che notre fou ensemble&nbsp;: 5@7, \u00ab&nbsp;vindredis&nbsp;\u00bb, BBQ, d\u00eeners th\u00e9matiques et g\u00e2teries\u2026 on c\u00e9l\u00e8bre nos victoires ensemble! Tirages, concours, cadeaux\u2026 on aime se g\u00e2ter!<\/p>\n\n\n\n<p class=\"has-text-align-left\">On magasine \u00e0 la boutique Foliot parce qu\u2019on a un \u00ab&nbsp;F&nbsp;\u00bb tatou\u00e9 sur le c\u0153ur. On a la chance d\u2019acheter ce que nous fabriquons \u00e0 l\u2019encan hebdomadaire. Durant la semaine RH, on se soude encore plus et l\u2019\u00e9v\u00e9nement reconnaissance nous permet de souligner nos v\u00e9t\u00e9rans de fa\u00e7on intime et touchante.&nbsp; On s\u2019arr\u00eate tous ensemble pour reconna\u00eetre l\u2019effort de la derni\u00e8re ann\u00e9e \u00e0 notre l\u00e9gendaire \u00ab&nbsp;party&nbsp;\u00bb de Noel et on illumine les yeux de nos mini-Foliot au magique No\u00ebl des enfants. Tout \u00e7a, c\u2019est nous.<\/p>\n<\/div><\/div>\n\n\n\n<div style=\"height:100px\" aria-hidden=\"true\" class=\"wp-block-spacer\"><\/div>\n\n\n\n<div class=\"wp-block-media-text is-stacked-on-mobile\"><figure class=\"wp-block-media-text__media\"><img loading=\"lazy\" decoding=\"async\" width=\"860\" height=\"648\" src=\"https:\/\/www.foliot.com\/wp-content\/uploads\/2021\/08\/RH5-1.jpg\" alt=\"\" class=\"wp-image-84870 size-full\" srcset=\"https:\/\/www.foliot.com\/wp-content\/uploads\/2021\/08\/RH5-1.jpg 860w, https:\/\/www.foliot.com\/wp-content\/uploads\/2021\/08\/RH5-1-300x226.jpg 300w, https:\/\/www.foliot.com\/wp-content\/uploads\/2021\/08\/RH5-1-768x579.jpg 768w, https:\/\/www.foliot.com\/wp-content\/uploads\/2021\/08\/RH5-1-770x580.jpg 770w, https:\/\/www.foliot.com\/wp-content\/uploads\/2021\/08\/RH5-1-500x377.jpg 500w, https:\/\/www.foliot.com\/wp-content\/uploads\/2021\/08\/RH5-1-700x527.jpg 700w, https:\/\/www.foliot.com\/wp-content\/uploads\/2021\/08\/RH5-1-130x98.jpg 130w\" sizes=\"(max-width: 860px) 100vw, 860px\" \/><\/figure><div class=\"wp-block-media-text__content\">\n<h2 class=\"wp-block-heading\">Notre fameuse Sept vint-et-un<\/h2>\n\n\n\n<p class=\"has-large-font-size\">Eh oui! On a fait brasser une bi\u00e8re sp\u00e9cialement pour nous! Ce ne sont pas les \u00e9v\u00e9nements sociaux qui manquent chez nous et, pour rendre ces regroupements encore plus signi\ufb01catifs, on s\u2019est associ\u00e9 \u00e0 la microbrasserie Dieu du Ciel!&nbsp; pour \u00ab&nbsp;Foliotiser&nbsp;\u00bb une bi\u00e8re inspir\u00e9e par notre belle \u00e9quipe. \u00c9videmment, elle est encore meilleure lorsqu&rsquo;on la d\u00e9guste tous ensembles, lors de nos rassemblements.<\/p>\n<\/div><\/div>\n\n\n\n<div style=\"height:100px\" aria-hidden=\"true\" class=\"wp-block-spacer\"><\/div>\n\n\n\n<div class=\"wp-block-media-text has-media-on-the-right is-stacked-on-mobile\"><figure class=\"wp-block-media-text__media\"><img loading=\"lazy\" decoding=\"async\" width=\"860\" height=\"648\" src=\"https:\/\/www.foliot.com\/wp-content\/uploads\/2021\/08\/RH6-1.jpg\" alt=\"\" class=\"wp-image-84872 size-full\" srcset=\"https:\/\/www.foliot.com\/wp-content\/uploads\/2021\/08\/RH6-1.jpg 860w, https:\/\/www.foliot.com\/wp-content\/uploads\/2021\/08\/RH6-1-300x226.jpg 300w, https:\/\/www.foliot.com\/wp-content\/uploads\/2021\/08\/RH6-1-768x579.jpg 768w, https:\/\/www.foliot.com\/wp-content\/uploads\/2021\/08\/RH6-1-770x580.jpg 770w, https:\/\/www.foliot.com\/wp-content\/uploads\/2021\/08\/RH6-1-500x377.jpg 500w, https:\/\/www.foliot.com\/wp-content\/uploads\/2021\/08\/RH6-1-700x527.jpg 700w, https:\/\/www.foliot.com\/wp-content\/uploads\/2021\/08\/RH6-1-130x98.jpg 130w\" sizes=\"(max-width: 860px) 100vw, 860px\" \/><\/figure><div class=\"wp-block-media-text__content\">\n<h2 class=\"has-text-align-left wp-block-heading\">Un engagement dans la communaut\u00e9 locale<\/h2>\n\n\n\n<p class=\"has-text-align-left has-large-font-size\">Une entreprise d\u2019ici qui veut redonner ici, c\u2019est ce que nous sommes ! Soucieux du bien-\u00eatre de notre communaut\u00e9, on s\u2019implique \ufb01nanci\u00e8rement dans des causes sociales locales qui touchent principalement la jeunesse, la non-violence et la sant\u00e9. On aime aussi supporter certaines initiatives auxquelles participent les membres de notre \u00e9quipe.<\/p>\n<\/div><\/div>\n\n\n\n<div style=\"height:100px\" aria-hidden=\"true\" class=\"wp-block-spacer\"><\/div>\n\n\n\n<div class=\"wp-block-media-text is-stacked-on-mobile\"><figure class=\"wp-block-media-text__media\"><img loading=\"lazy\" decoding=\"async\" width=\"860\" height=\"648\" src=\"https:\/\/www.foliot.com\/wp-content\/uploads\/2021\/08\/RH11-1.jpg\" alt=\"\" class=\"wp-image-84874 size-full\" srcset=\"https:\/\/www.foliot.com\/wp-content\/uploads\/2021\/08\/RH11-1.jpg 860w, https:\/\/www.foliot.com\/wp-content\/uploads\/2021\/08\/RH11-1-300x226.jpg 300w, https:\/\/www.foliot.com\/wp-content\/uploads\/2021\/08\/RH11-1-768x579.jpg 768w, https:\/\/www.foliot.com\/wp-content\/uploads\/2021\/08\/RH11-1-770x580.jpg 770w, https:\/\/www.foliot.com\/wp-content\/uploads\/2021\/08\/RH11-1-500x377.jpg 500w, https:\/\/www.foliot.com\/wp-content\/uploads\/2021\/08\/RH11-1-700x527.jpg 700w, https:\/\/www.foliot.com\/wp-content\/uploads\/2021\/08\/RH11-1-130x98.jpg 130w\" sizes=\"(max-width: 860px) 100vw, 860px\" \/><\/figure><div class=\"wp-block-media-text__content\">\n<h2 class=\"wp-block-heading\">De l&rsquo;ouverture d&rsquo;esprit<\/h2>\n\n\n\n<p class=\"has-large-font-size\">C\u2019est la diversit\u00e9 qui apporte une personnalit\u00e9 aussi singuli\u00e8re \u00e0 notre \u00e9quipe.&nbsp; On s\u2019int\u00e9resse vraiment aux gens, \u00e0 leurs diff\u00e9rences et \u00e0 ce qui les rend uniques. Peu importe tes origines, orientations, passions\u2026 sois assur\u00e9 que nos 4 usines t\u2019accueilleront \u00e0 bras ouverts.<\/p>\n\n\n\n<p><\/p>\n<\/div><\/div>\n\n\n<section class=\"foliot-separator\"><\/section>\n\n\n\n<p><\/p>\n\n\n\n<div class=\"wp-block-group alignfull has-background\" style=\"background-color:#c7cacf\"><div class=\"wp-block-group__inner-container is-layout-flow wp-block-group-is-layout-flow\"><section class=\"foliot-separator\"><\/section>\n\n\n\n<div class=\"wp-block-media-text is-stacked-on-mobile container--small\" style=\"grid-template-columns:65% auto\"><figure class=\"wp-block-media-text__media\"><img loading=\"lazy\" decoding=\"async\" width=\"1000\" height=\"667\" src=\"https:\/\/www.foliot.com\/wp-content\/uploads\/2021\/08\/FoliotCreativePeople.jpg\" alt=\"\" class=\"wp-image-84298 size-full\" srcset=\"https:\/\/www.foliot.com\/wp-content\/uploads\/2021\/08\/FoliotCreativePeople.jpg 1000w, https:\/\/www.foliot.com\/wp-content\/uploads\/2021\/08\/FoliotCreativePeople-300x200.jpg 300w, https:\/\/www.foliot.com\/wp-content\/uploads\/2021\/08\/FoliotCreativePeople-768x512.jpg 768w, https:\/\/www.foliot.com\/wp-content\/uploads\/2021\/08\/FoliotCreativePeople-770x514.jpg 770w, https:\/\/www.foliot.com\/wp-content\/uploads\/2021\/08\/FoliotCreativePeople-500x334.jpg 500w, https:\/\/www.foliot.com\/wp-content\/uploads\/2021\/08\/FoliotCreativePeople-450x300.jpg 450w, https:\/\/www.foliot.com\/wp-content\/uploads\/2021\/08\/FoliotCreativePeople-700x467.jpg 700w, https:\/\/www.foliot.com\/wp-content\/uploads\/2021\/08\/FoliotCreativePeople-130x87.jpg 130w\" sizes=\"(max-width: 1000px) 100vw, 1000px\" \/><\/figure><div class=\"wp-block-media-text__content\">\n<h2 class=\"wp-block-heading\">Nous sommes toujours pr\u00eats \u00e0 accueillir de nouvelles personnes cr\u00e9atives dans la grande famille Foliot. <\/h2>\n\n\n\n<div class=\"wp-block-buttons is-layout-flex wp-block-buttons-is-layout-flex\">\n<div class=\"wp-block-button is-style-outline\"><a class=\"wp-block-button__link\" href=\"https:\/\/www.foliot.com\/fr\/postule-maintenant\/\" rel=\"https:\/\/www.foliot.com\/surfaces-material\/\">Explorez les possibilit\u00e9s d&#8217;emplois actuellement disponibles<\/a><\/div>\n<\/div>\n<\/div><\/div>\n\n\n<section class=\"foliot-separator\"><\/section>\n\n\n\n<div style=\"height:20px\" aria-hidden=\"true\" class=\"wp-block-spacer\"><\/div>\n<\/div><\/div>\n","protected":false},"excerpt":{"rendered":"<p>Des horaires flexibles et une r\u00e9mun\u00e9ration globale g\u00e9n\u00e9reuse T\u2019as le go\u00fbt de travailler \u00e0 temps plein ou \u00e0 temps partiel? D&rsquo;\u00eatre permanent ou saisonnier? Ici, on est capable d\u2019offrir un horaire de travail flexible qui s\u2019adapte \u00e0 ton contexte de vie. Un salaire comp\u00e9titif, un r\u00e9gime d\u2019assurance collective flexible, un plan d\u2019\u00e9pargne qui se d\u00e9marque, &hellip; <a href=\"https:\/\/www.foliot.com\/fr\/pourquoi-foliot\/\">Continued<\/a><\/p>\n","protected":false},"author":33,"featured_media":0,"parent":0,"menu_order":0,"comment_status":"closed","ping_status":"closed","template":"template-without-header.php","meta":{"content-type":"","_relevanssi_hide_post":"","_relevanssi_hide_content":"","_relevanssi_pin_for_all":"","_relevanssi_pin_keywords":"","_relevanssi_unpin_keywords":"","_relevanssi_related_keywords":"","_relevanssi_related_include_ids":"","_relevanssi_related_exclude_ids":"","_relevanssi_related_no_append":"","_relevanssi_related_not_related":"","_relevanssi_related_posts":"","_relevanssi_noindex_reason":"","footnotes":""},"acf":[],"_links":{"self":[{"href":"https:\/\/www.foliot.com\/fr\/wp-json\/wp\/v2\/pages\/84139"}],"collection":[{"href":"https:\/\/www.foliot.com\/fr\/wp-json\/wp\/v2\/pages"}],"about":[{"href":"https:\/\/www.foliot.com\/fr\/wp-json\/wp\/v2\/types\/page"}],"author":[{"embeddable":true,"href":"https:\/\/www.foliot.com\/fr\/wp-json\/wp\/v2\/users\/33"}],"replies":[{"embeddable":true,"href":"https:\/\/www.foliot.com\/fr\/wp-json\/wp\/v2\/comments?post=84139"}],"version-history":[{"count":13,"href":"https:\/\/www.foliot.com\/fr\/wp-json\/wp\/v2\/pages\/84139\/revisions"}],"predecessor-version":[{"id":85559,"href":"https:\/\/www.foliot.com\/fr\/wp-json\/wp\/v2\/pages\/84139\/revisions\/85559"}],"wp:attachment":[{"href":"https:\/\/www.foliot.com\/fr\/wp-json\/wp\/v2\/media?parent=84139"}],"curies":[{"name":"wp","href":"https:\/\/api.w.org\/{rel}","templated":true}]}}