{"id":84142,"date":"2021-07-09T16:11:09","date_gmt":"2021-07-09T20:11:09","guid":{"rendered":"https:\/\/www.foliot.com\/our-values\/"},"modified":"2021-08-05T16:04:36","modified_gmt":"2021-08-05T20:04:36","slug":"nos-valeurs","status":"publish","type":"page","link":"https:\/\/www.foliot.com\/fr\/nos-valeurs\/","title":{"rendered":"Nos Valeurs"},"content":{"rendered":"\n<div class=\"wp-block-cover alignfull has-background-dim-30 has-background-dim\" style=\"min-height:989px;aspect-ratio:unset;\"><video class=\"wp-block-cover__video-background intrinsic-ignore\" autoplay muted loop playsinline src=\"https:\/\/www.foliot.com\/wp-content\/uploads\/2021\/05\/Foliot_Furniture_032021.mp4\" data-object-fit=\"cover\"><\/video><div class=\"wp-block-cover__inner-container is-layout-flow wp-block-cover-is-layout-flow\"><section class=\"foliot-separator\"><\/section>\n\n\n\n<h1 class=\"has-text-align-center wp-block-heading\">Qu&rsquo;est-ce qui nous diff\u00e9rencie ?<\/h1>\n\n\n<section class=\"foliot-separator\"><\/section>\n<\/div><\/div>\n\n\n\n\n<section class=\"foliot-separator\"><\/section>\n\n\n\n<div class=\"wp-block-media-text is-stacked-on-mobile is-style-default\" id=\"design-engineering\"><figure class=\"wp-block-media-text__media\"><img loading=\"lazy\" decoding=\"async\" width=\"1000\" height=\"667\" src=\"https:\/\/www.foliot.com\/wp-content\/uploads\/2021\/08\/FoliotSecurite.jpg\" alt=\"\" class=\"wp-image-84073 size-full\" srcset=\"https:\/\/www.foliot.com\/wp-content\/uploads\/2021\/08\/FoliotSecurite.jpg 1000w, https:\/\/www.foliot.com\/wp-content\/uploads\/2021\/08\/FoliotSecurite-300x200.jpg 300w, https:\/\/www.foliot.com\/wp-content\/uploads\/2021\/08\/FoliotSecurite-768x512.jpg 768w, https:\/\/www.foliot.com\/wp-content\/uploads\/2021\/08\/FoliotSecurite-770x514.jpg 770w, https:\/\/www.foliot.com\/wp-content\/uploads\/2021\/08\/FoliotSecurite-500x334.jpg 500w, https:\/\/www.foliot.com\/wp-content\/uploads\/2021\/08\/FoliotSecurite-450x300.jpg 450w, https:\/\/www.foliot.com\/wp-content\/uploads\/2021\/08\/FoliotSecurite-700x467.jpg 700w, https:\/\/www.foliot.com\/wp-content\/uploads\/2021\/08\/FoliotSecurite-130x87.jpg 130w\" sizes=\"(max-width: 1000px) 100vw, 1000px\" \/><\/figure><div class=\"wp-block-media-text__content\">\n<h2 class=\"wp-block-heading\">S\u00e9curit\u00e9<\/h2>\n\n\n\n<p class=\"has-large-font-size\"><strong>Prendre soin de soi et aussi des autres.<\/strong><br>On tient les uns aux autres, c\u2019est pourquoi la s\u00e9curit\u00e9 est au c\u0153ur de nos priorit\u00e9s. C\u2019est la valeur la plus importante, celle qui ne laisse pas de place aux compromis parce qu\u2019on tient \u00e0 vous!<\/p>\n<\/div><\/div>\n\n\n\n<p><\/p>\n\n\n\n<div style=\"height:100px\" aria-hidden=\"true\" class=\"wp-block-spacer\"><\/div>\n\n\n\n<div class=\"wp-block-media-text has-media-on-the-right is-stacked-on-mobile\" id=\"manufacturing\"><figure class=\"wp-block-media-text__media\"><img loading=\"lazy\" decoding=\"async\" width=\"999\" height=\"668\" src=\"https:\/\/www.foliot.com\/wp-content\/uploads\/2021\/08\/FoliotHarmonie.jpg\" alt=\"\" class=\"wp-image-84075 size-full\" srcset=\"https:\/\/www.foliot.com\/wp-content\/uploads\/2021\/08\/FoliotHarmonie.jpg 999w, https:\/\/www.foliot.com\/wp-content\/uploads\/2021\/08\/FoliotHarmonie-300x201.jpg 300w, https:\/\/www.foliot.com\/wp-content\/uploads\/2021\/08\/FoliotHarmonie-768x514.jpg 768w, https:\/\/www.foliot.com\/wp-content\/uploads\/2021\/08\/FoliotHarmonie-770x515.jpg 770w, https:\/\/www.foliot.com\/wp-content\/uploads\/2021\/08\/FoliotHarmonie-500x334.jpg 500w, https:\/\/www.foliot.com\/wp-content\/uploads\/2021\/08\/FoliotHarmonie-450x300.jpg 450w, https:\/\/www.foliot.com\/wp-content\/uploads\/2021\/08\/FoliotHarmonie-700x468.jpg 700w, https:\/\/www.foliot.com\/wp-content\/uploads\/2021\/08\/FoliotHarmonie-130x87.jpg 130w\" sizes=\"(max-width: 999px) 100vw, 999px\" \/><\/figure><div class=\"wp-block-media-text__content\">\n<h2 class=\"has-text-align-left wp-block-heading\">Harmonie<\/h2>\n\n\n\n<p class=\"has-text-align-left has-large-font-size\"><strong>C&rsquo;est le fun de travailler ensemble!<br><\/strong>L\u2019harmonie, c\u2019est travailler en \u00e9quipe afin de satisfaire les exigences de nos clients, tout en ayant du plaisir. L\u2019entraide, le respect et l\u2019ouverture \u00e0 la diversit\u00e9, \u00e7a c\u2019est Foliot!<\/p>\n<\/div><\/div>\n\n\n\n<div style=\"height:100px\" aria-hidden=\"true\" class=\"wp-block-spacer\"><\/div>\n\n\n\n<div class=\"wp-block-media-text is-stacked-on-mobile\" id=\"quality-control\"><figure class=\"wp-block-media-text__media\"><img loading=\"lazy\" decoding=\"async\" width=\"1000\" height=\"667\" src=\"https:\/\/www.foliot.com\/wp-content\/uploads\/2021\/08\/FoliotIntegrite.jpg\" alt=\"\" class=\"wp-image-84077 size-full\" srcset=\"https:\/\/www.foliot.com\/wp-content\/uploads\/2021\/08\/FoliotIntegrite.jpg 1000w, https:\/\/www.foliot.com\/wp-content\/uploads\/2021\/08\/FoliotIntegrite-300x200.jpg 300w, https:\/\/www.foliot.com\/wp-content\/uploads\/2021\/08\/FoliotIntegrite-768x512.jpg 768w, https:\/\/www.foliot.com\/wp-content\/uploads\/2021\/08\/FoliotIntegrite-770x514.jpg 770w, https:\/\/www.foliot.com\/wp-content\/uploads\/2021\/08\/FoliotIntegrite-500x334.jpg 500w, https:\/\/www.foliot.com\/wp-content\/uploads\/2021\/08\/FoliotIntegrite-450x300.jpg 450w, https:\/\/www.foliot.com\/wp-content\/uploads\/2021\/08\/FoliotIntegrite-700x467.jpg 700w, https:\/\/www.foliot.com\/wp-content\/uploads\/2021\/08\/FoliotIntegrite-130x87.jpg 130w\" sizes=\"(max-width: 1000px) 100vw, 1000px\" \/><\/figure><div class=\"wp-block-media-text__content\">\n<h2 class=\"wp-block-heading\">Int\u00e9grit\u00e9<\/h2>\n\n\n\n<p class=\"has-large-font-size\"><strong>\u00catre la meilleure version de soi-m\u00eame.<br><\/strong>L\u2019int\u00e9grit\u00e9, c\u2019est cultiver l\u2019honn\u00eatet\u00e9 dans chacun de ses gestes et donner l\u2019exemple par son authenticit\u00e9, tout en consid\u00e9rant les autres avec ouverture et inclusion. La base de notre succ\u00e8s.<\/p>\n<\/div><\/div>\n\n\n\n<div style=\"height:100px\" aria-hidden=\"true\" class=\"wp-block-spacer\"><\/div>\n\n\n\n<div class=\"wp-block-media-text has-media-on-the-right is-stacked-on-mobile\" id=\"shipping\"><figure class=\"wp-block-media-text__media\"><img loading=\"lazy\" decoding=\"async\" width=\"1000\" height=\"667\" src=\"https:\/\/www.foliot.com\/wp-content\/uploads\/2021\/08\/Foliot-Innovation.jpg\" alt=\"\" class=\"wp-image-84080 size-full\" srcset=\"https:\/\/www.foliot.com\/wp-content\/uploads\/2021\/08\/Foliot-Innovation.jpg 1000w, https:\/\/www.foliot.com\/wp-content\/uploads\/2021\/08\/Foliot-Innovation-300x200.jpg 300w, https:\/\/www.foliot.com\/wp-content\/uploads\/2021\/08\/Foliot-Innovation-768x512.jpg 768w, https:\/\/www.foliot.com\/wp-content\/uploads\/2021\/08\/Foliot-Innovation-770x514.jpg 770w, https:\/\/www.foliot.com\/wp-content\/uploads\/2021\/08\/Foliot-Innovation-500x334.jpg 500w, https:\/\/www.foliot.com\/wp-content\/uploads\/2021\/08\/Foliot-Innovation-450x300.jpg 450w, https:\/\/www.foliot.com\/wp-content\/uploads\/2021\/08\/Foliot-Innovation-700x467.jpg 700w, https:\/\/www.foliot.com\/wp-content\/uploads\/2021\/08\/Foliot-Innovation-130x87.jpg 130w\" sizes=\"(max-width: 1000px) 100vw, 1000px\" \/><\/figure><div class=\"wp-block-media-text__content\">\n<h2 class=\"has-text-align-left wp-block-heading\">Innovation<\/h2>\n\n\n\n<p class=\"has-text-align-left has-large-font-size\"><strong>Oser se r\u00e9inventer.<\/strong><br>Le changement et la nouveaut\u00e9 font partie de qui nous sommes.&nbsp; La cr\u00e9ativit\u00e9 de notre \u00e9quipe, combin\u00e9e aux avancements technologiques, nous permet de constamment red\u00e9finir le futur de l\u2019entreprise.<\/p>\n<\/div><\/div>\n\n\n\n<div style=\"height:100px\" aria-hidden=\"true\" class=\"wp-block-spacer\"><\/div>\n\n\n\n<div class=\"wp-block-media-text is-stacked-on-mobile\"><figure class=\"wp-block-media-text__media\"><img loading=\"lazy\" decoding=\"async\" width=\"1000\" height=\"667\" src=\"https:\/\/www.foliot.com\/wp-content\/uploads\/2021\/08\/FoliotPassion.jpg\" alt=\"\" class=\"wp-image-84082 size-full\" srcset=\"https:\/\/www.foliot.com\/wp-content\/uploads\/2021\/08\/FoliotPassion.jpg 1000w, https:\/\/www.foliot.com\/wp-content\/uploads\/2021\/08\/FoliotPassion-300x200.jpg 300w, https:\/\/www.foliot.com\/wp-content\/uploads\/2021\/08\/FoliotPassion-768x512.jpg 768w, https:\/\/www.foliot.com\/wp-content\/uploads\/2021\/08\/FoliotPassion-770x514.jpg 770w, https:\/\/www.foliot.com\/wp-content\/uploads\/2021\/08\/FoliotPassion-500x334.jpg 500w, https:\/\/www.foliot.com\/wp-content\/uploads\/2021\/08\/FoliotPassion-450x300.jpg 450w, https:\/\/www.foliot.com\/wp-content\/uploads\/2021\/08\/FoliotPassion-700x467.jpg 700w, https:\/\/www.foliot.com\/wp-content\/uploads\/2021\/08\/FoliotPassion-130x87.jpg 130w\" sizes=\"(max-width: 1000px) 100vw, 1000px\" \/><\/figure><div class=\"wp-block-media-text__content\">\n<h2 class=\"wp-block-heading\">Passion<\/h2>\n\n\n\n<p class=\"has-large-font-size\"><strong>Vivre avec intensit\u00e9.<br><\/strong>On est de vrais passionn\u00e9s. Passionn\u00e9s par notre travail. Passionn\u00e9s par nos gens. On met de l\u2019\u00e9nergie dans tout ce qu\u2019on fait parce qu\u2019on a un grand \u00ab F \u00bb tatou\u00e9 sur le c\u0153ur.<\/p>\n<\/div><\/div>\n\n\n\n<div style=\"height:100px\" aria-hidden=\"true\" class=\"wp-block-spacer\"><\/div>\n\n\n\n<div class=\"wp-block-media-text has-media-on-the-right is-stacked-on-mobile\"><figure class=\"wp-block-media-text__media\"><img loading=\"lazy\" decoding=\"async\" width=\"1024\" height=\"683\" src=\"https:\/\/www.foliot.com\/wp-content\/uploads\/2021\/08\/Efficacite2-1024x683.jpg\" alt=\"\" class=\"wp-image-84261 size-full\" srcset=\"https:\/\/www.foliot.com\/wp-content\/uploads\/2021\/08\/Efficacite2-1024x683.jpg 1024w, https:\/\/www.foliot.com\/wp-content\/uploads\/2021\/08\/Efficacite2-300x200.jpg 300w, https:\/\/www.foliot.com\/wp-content\/uploads\/2021\/08\/Efficacite2-768x512.jpg 768w, https:\/\/www.foliot.com\/wp-content\/uploads\/2021\/08\/Efficacite2-1536x1024.jpg 1536w, https:\/\/www.foliot.com\/wp-content\/uploads\/2021\/08\/Efficacite2-770x513.jpg 770w, https:\/\/www.foliot.com\/wp-content\/uploads\/2021\/08\/Efficacite2-500x333.jpg 500w, https:\/\/www.foliot.com\/wp-content\/uploads\/2021\/08\/Efficacite2-450x300.jpg 450w, https:\/\/www.foliot.com\/wp-content\/uploads\/2021\/08\/Efficacite2-700x467.jpg 700w, https:\/\/www.foliot.com\/wp-content\/uploads\/2021\/08\/Efficacite2-130x87.jpg 130w, https:\/\/www.foliot.com\/wp-content\/uploads\/2021\/08\/Efficacite2.jpg 1920w\" sizes=\"(max-width: 1024px) 100vw, 1024px\" \/><\/figure><div class=\"wp-block-media-text__content\">\n<h2 class=\"has-text-align-left wp-block-heading\">Efficacit\u00e9<\/h2>\n\n\n\n<p class=\"has-text-align-left has-large-font-size\"><strong>Gagner en \u00e9quipe.<br><\/strong>Tous ensemble, il n\u2019y a rien \u00e0 notre \u00e9preuve. On travaille fort et on donne tout ce qu\u2019on a pour se d\u00e9marquer et surpasser les attentes de nos clients.<\/p>\n<\/div><\/div>\n\n\n<section class=\"foliot-separator\"><\/section>\n\n\n\n<p><\/p>\n\n\n\n<div class=\"wp-block-group alignfull has-background\" style=\"background-color:#c7cacf\"><div class=\"wp-block-group__inner-container is-layout-flow wp-block-group-is-layout-flow\"><section class=\"foliot-separator\"><\/section>\n\n\n\n<div class=\"wp-block-media-text is-stacked-on-mobile container--small\" style=\"grid-template-columns:68% auto\"><figure class=\"wp-block-media-text__media\"><img loading=\"lazy\" decoding=\"async\" width=\"1000\" height=\"667\" src=\"https:\/\/www.foliot.com\/wp-content\/uploads\/2021\/08\/FoliotCreativePeople01.jpg\" alt=\"\" class=\"wp-image-84303 size-full\" srcset=\"https:\/\/www.foliot.com\/wp-content\/uploads\/2021\/08\/FoliotCreativePeople01.jpg 1000w, https:\/\/www.foliot.com\/wp-content\/uploads\/2021\/08\/FoliotCreativePeople01-300x200.jpg 300w, https:\/\/www.foliot.com\/wp-content\/uploads\/2021\/08\/FoliotCreativePeople01-768x512.jpg 768w, https:\/\/www.foliot.com\/wp-content\/uploads\/2021\/08\/FoliotCreativePeople01-770x514.jpg 770w, https:\/\/www.foliot.com\/wp-content\/uploads\/2021\/08\/FoliotCreativePeople01-500x334.jpg 500w, https:\/\/www.foliot.com\/wp-content\/uploads\/2021\/08\/FoliotCreativePeople01-450x300.jpg 450w, https:\/\/www.foliot.com\/wp-content\/uploads\/2021\/08\/FoliotCreativePeople01-700x467.jpg 700w, https:\/\/www.foliot.com\/wp-content\/uploads\/2021\/08\/FoliotCreativePeople01-130x87.jpg 130w\" sizes=\"(max-width: 1000px) 100vw, 1000px\" \/><\/figure><div class=\"wp-block-media-text__content\">\n<h2 class=\"wp-block-heading\">Nous sommes toujours pr\u00eats \u00e0 accueillir de nouvelles personnes cr\u00e9atives dans la grande famille Foliot.<\/h2>\n\n\n\n<div class=\"wp-block-buttons is-layout-flex wp-block-buttons-is-layout-flex\">\n<div class=\"wp-block-button is-style-outline\"><a class=\"wp-block-button__link\" href=\"https:\/\/www.foliot.com\/fr\/postule-maintenant\/\" rel=\"https:\/\/www.foliot.com\/surfaces-material\/\">Explorez les possibilit\u00e9s d&#8217;emplois actuellement disponibles<\/a><\/div>\n<\/div>\n<\/div><\/div>\n\n\n<section class=\"foliot-separator\"><\/section>\n\n\n\n<div style=\"height:20px\" aria-hidden=\"true\" class=\"wp-block-spacer\"><\/div>\n<\/div><\/div>\n","protected":false},"excerpt":{"rendered":"<p>S\u00e9curit\u00e9 Prendre soin de soi et aussi des autres.On tient les uns aux autres, c\u2019est pourquoi la s\u00e9curit\u00e9 est au c\u0153ur de nos priorit\u00e9s. C\u2019est la valeur la plus importante, celle qui ne laisse pas de place aux compromis parce qu\u2019on tient \u00e0 vous! Harmonie C&rsquo;est le fun de travailler ensemble!L\u2019harmonie, c\u2019est travailler en \u00e9quipe &hellip; <a href=\"https:\/\/www.foliot.com\/fr\/nos-valeurs\/\">Continued<\/a><\/p>\n","protected":false},"author":33,"featured_media":78624,"parent":0,"menu_order":0,"comment_status":"closed","ping_status":"closed","template":"template-without-header.php","meta":{"content-type":"","_relevanssi_hide_post":"","_relevanssi_hide_content":"","_relevanssi_pin_for_all":"","_relevanssi_pin_keywords":"","_relevanssi_unpin_keywords":"","_relevanssi_related_keywords":"","_relevanssi_related_include_ids":"","_relevanssi_related_exclude_ids":"","_relevanssi_related_no_append":"","_relevanssi_related_not_related":"","_relevanssi_related_posts":"","_relevanssi_noindex_reason":"","footnotes":""},"acf":[],"_links":{"self":[{"href":"https:\/\/www.foliot.com\/fr\/wp-json\/wp\/v2\/pages\/84142"}],"collection":[{"href":"https:\/\/www.foliot.com\/fr\/wp-json\/wp\/v2\/pages"}],"about":[{"href":"https:\/\/www.foliot.com\/fr\/wp-json\/wp\/v2\/types\/page"}],"author":[{"embeddable":true,"href":"https:\/\/www.foliot.com\/fr\/wp-json\/wp\/v2\/users\/33"}],"replies":[{"embeddable":true,"href":"https:\/\/www.foliot.com\/fr\/wp-json\/wp\/v2\/comments?post=84142"}],"version-history":[{"count":5,"href":"https:\/\/www.foliot.com\/fr\/wp-json\/wp\/v2\/pages\/84142\/revisions"}],"predecessor-version":[{"id":84359,"href":"https:\/\/www.foliot.com\/fr\/wp-json\/wp\/v2\/pages\/84142\/revisions\/84359"}],"wp:featuredmedia":[{"embeddable":true,"href":"https:\/\/www.foliot.com\/fr\/wp-json\/wp\/v2\/media\/78624"}],"wp:attachment":[{"href":"https:\/\/www.foliot.com\/fr\/wp-json\/wp\/v2\/media?parent=84142"}],"curies":[{"name":"wp","href":"https:\/\/api.w.org\/{rel}","templated":true}]}}