{"id":84157,"date":"2021-08-04T18:59:03","date_gmt":"2021-08-04T22:59:03","guid":{"rendered":"https:\/\/www.foliot.com\/?page_id=84157"},"modified":"2021-08-09T10:52:49","modified_gmt":"2021-08-09T14:52:49","slug":"galerie-dinspiration","status":"publish","type":"page","link":"https:\/\/www.foliot.com\/fr\/galerie-dinspiration\/","title":{"rendered":"Galerie d&rsquo;inspiration"},"content":{"rendered":"\n<p class=\"has-text-align-center\">Pour votre r\u00e9novation, actualisation ou nouvelle construction, comptez sur nous pour vous livrer\u00a0des meubles\u00a0innovants\u00a0dans les d\u00e9lais et le budget \u00e9tabli. D\u00e9couvrez nos solutions par pi\u00e8ce.<\/p>\n","protected":false},"excerpt":{"rendered":"<p>Pour votre r\u00e9novation, actualisation ou nouvelle construction, comptez sur nous pour vous livrer\u00a0des meubles\u00a0innovants\u00a0dans les d\u00e9lais et le budget \u00e9tabli. D\u00e9couvrez nos solutions par pi\u00e8ce.<\/p>\n","protected":false},"author":33,"featured_media":80746,"parent":0,"menu_order":0,"comment_status":"closed","ping_status":"closed","template":"template-room-inspirations.php","meta":{"content-type":"","_relevanssi_hide_post":"","_relevanssi_hide_content":"","_relevanssi_pin_for_all":"","_relevanssi_pin_keywords":"","_relevanssi_unpin_keywords":"","_relevanssi_related_keywords":"","_relevanssi_related_include_ids":"","_relevanssi_related_exclude_ids":"","_relevanssi_related_no_append":"","_relevanssi_related_not_related":"","_relevanssi_related_posts":"","_relevanssi_noindex_reason":"","footnotes":""},"acf":[],"_links":{"self":[{"href":"https:\/\/www.foliot.com\/fr\/wp-json\/wp\/v2\/pages\/84157"}],"collection":[{"href":"https:\/\/www.foliot.com\/fr\/wp-json\/wp\/v2\/pages"}],"about":[{"href":"https:\/\/www.foliot.com\/fr\/wp-json\/wp\/v2\/types\/page"}],"author":[{"embeddable":true,"href":"https:\/\/www.foliot.com\/fr\/wp-json\/wp\/v2\/users\/33"}],"replies":[{"embeddable":true,"href":"https:\/\/www.foliot.com\/fr\/wp-json\/wp\/v2\/comments?post=84157"}],"version-history":[{"count":6,"href":"https:\/\/www.foliot.com\/fr\/wp-json\/wp\/v2\/pages\/84157\/revisions"}],"predecessor-version":[{"id":84802,"href":"https:\/\/www.foliot.com\/fr\/wp-json\/wp\/v2\/pages\/84157\/revisions\/84802"}],"wp:featuredmedia":[{"embeddable":true,"href":"https:\/\/www.foliot.com\/fr\/wp-json\/wp\/v2\/media\/80746"}],"wp:attachment":[{"href":"https:\/\/www.foliot.com\/fr\/wp-json\/wp\/v2\/media?parent=84157"}],"curies":[{"name":"wp","href":"https:\/\/api.w.org\/{rel}","templated":true}]}}