{"id":97033,"date":"2024-01-24T14:37:03","date_gmt":"2024-01-24T19:37:03","guid":{"rendered":"https:\/\/www.foliot.com\/?page_id=97033"},"modified":"2024-07-25T18:15:43","modified_gmt":"2024-07-25T22:15:43","slug":"decouvrez-le-mobilier-pour-logement-temporaire","status":"publish","type":"page","link":"https:\/\/www.foliot.com\/fr\/decouvrez-le-mobilier-pour-logement-temporaire\/","title":{"rendered":"Solutions de Logement Temporaire sur Mesure"},"content":{"rendered":"\n<div class=\"wp-block-group alignfull\"><div class=\"wp-block-group__inner-container is-layout-constrained wp-block-group-is-layout-constrained\"><section class=\"carousel-fullwidth alignfull\">\n          <div class=\"carousel\" id=\"carousel-fullwidth\">\n              <div class=\"carousel__slide\" data-color=\"#ffffff\" style=\"background-image:url(https:\/\/www.foliot.com\/wp-content\/uploads\/2023\/12\/Staff-housing-image-3.jpg)\">\n                  <div class=\"carousel__over top-left\">\n        \n                          <div class=\"carousel__over__title wysiwyg\"><h1 style=\"text-align: left\"><strong>Cr\u00e9ez un espace accueillant avec du mobilier bien pens\u00e9<\/strong><\/h1>\n<\/div>\n                                                 \n             <a class=\"carousel__over__button btn--outline\" href=\"https:\/\/www.foliot.com\/fr\/expert\/?_representant_markets=camps-2\" target=>Contactez un expert<\/a>\n              \n                      <\/div>\n                <style>\n          .carousel__slide[data-color='#ffffff'] .carousel__over__subtitle,\n          .carousel__slide[data-color='#ffffff'] .carousel__over__title,\n          .carousel__slide[data-color='#ffffff'] .carousel__over__button\n          {\n            color:#ffffff;\n          \n          }\n          .carousel__slide[data-color='#ffffff'] .carousel__over__button{\n            border-color:#ffffff;\n          }\n          .carousel__slide[data-color='#ffffff'] .carousel__over__button:hover{\n            background-color:#ffffff;\n          }\n\n        <\/style>\n        <\/div>\n        \n\n            <div class=\"carousel__slide\" data-color=\"#ffffff\" style=\"background-image:url(https:\/\/www.foliot.com\/wp-content\/uploads\/2023\/12\/Staff-housing-image-4.jpg)\">\n                  <div class=\"carousel__over top-left\">\n        \n                          <div class=\"carousel__over__title wysiwyg\"><h1 style=\"text-align: left\"><strong>Donnez du caract\u00e8re \u00e0 vos logements temporaires avec nos solutions de mobilier\u00a0<\/strong><\/h1>\n<\/div>\n                                                 \n             <a class=\"carousel__over__button btn--outline\" href=\"https:\/\/www.foliot.com\/fr\/expert\/?_representant_markets=camps-2\" target=>Contactez un expert<\/a>\n              \n                      <\/div>\n                <style>\n          .carousel__slide[data-color='#ffffff'] .carousel__over__subtitle,\n          .carousel__slide[data-color='#ffffff'] .carousel__over__title,\n          .carousel__slide[data-color='#ffffff'] .carousel__over__button\n          {\n            color:#ffffff;\n          \n          }\n          .carousel__slide[data-color='#ffffff'] .carousel__over__button{\n            border-color:#ffffff;\n          }\n          .carousel__slide[data-color='#ffffff'] .carousel__over__button:hover{\n            background-color:#ffffff;\n          }\n\n        <\/style>\n        <\/div>\n        \n\n        <\/div>\n   \n<\/section>\n<\/div><\/div>\n\n\n\n<div style=\"height:30px\" aria-hidden=\"true\" class=\"wp-block-spacer\"><\/div>\n\n\n\n<div class=\"wp-block-group\"><div class=\"wp-block-group__inner-container is-layout-constrained wp-block-group-is-layout-constrained\">\n<h2 class=\"wp-block-heading has-text-align-center\"><strong>\u00c9quipez vos h\u00e9bergements temporaires avec Meubles Foliot<\/strong><\/h2>\n\n\n\n<p class=\"has-text-align-center\">Chez Meubles Foliot, nous sommes profond\u00e9ment engag\u00e9s \u00e0 soutenir nos clients, que ce soit pour des projets de grande envergure ou de plus petite \u00e9chelle. Nous offrons \u00e0 chaque client une gamme de services uniques pour garantir une satisfaction totale et \u00e0 long terme. Avec plus de 30 ann\u00e9es d&rsquo;exp\u00e9rience dans le domaine de la fabrication de meubles, nous savons que nous avons l&rsquo;expertise et le savoir-faire n\u00e9cessaires pour fabriquer et livrer des solutions de mobilier adapt\u00e9es aux r\u00e9sidences temporaires. Notre mobilier offre une polyvalence exceptionnelle, garantissant une exp\u00e9rience de vie confortable, qui se distingue par sa qualit\u00e9 et durabilit\u00e9. <\/p>\n\n\n\n<div style=\"height:86px\" aria-hidden=\"true\" class=\"wp-block-spacer\"><\/div>\n<\/div><\/div>\n\n\n\n<div class=\"wp-block-group alignfull\"><div class=\"wp-block-group__inner-container is-layout-constrained wp-block-group-is-layout-constrained\">\n<div class=\"wp-block-columns are-vertically-aligned-top is-style-no-gap is-layout-flex wp-container-core-columns-is-layout-1 wp-block-columns-is-layout-flex\">\n<div class=\"wp-block-column is-vertically-aligned-top is-layout-flow wp-block-column-is-layout-flow\"><div class=\"wp-block-image\">\n<figure class=\"aligncenter size-full is-resized\"><img loading=\"lazy\" decoding=\"async\" width=\"126\" height=\"125\" src=\"https:\/\/www.foliot.com\/wp-content\/uploads\/2023\/11\/Durability.png\" alt=\"\" class=\"wp-image-92363\" style=\"object-fit:cover;width:77px;height:77px\"\/><\/figure><\/div>\n\n\n<h5 class=\"wp-block-heading has-text-align-center\" style=\"font-style:normal;font-weight:300\"><strong>Durabilit\u00e9<\/strong><\/h5>\n\n\n\n<h5 class=\"wp-block-heading has-text-align-center\" style=\"font-style:normal;font-weight:300\">Chaque meuble est con\u00e7u et fabriqu\u00e9 avec des mat\u00e9riaux de haute qualit\u00e9 qui r\u00e9sistent aux environnements rigoureux tout en \u00e9tant accueillant et confortable.<\/h5>\n<\/div>\n\n\n\n<div class=\"wp-block-column is-vertically-aligned-top is-layout-flow wp-block-column-is-layout-flow\"><div class=\"wp-block-image\">\n<figure class=\"aligncenter size-full is-resized\"><img loading=\"lazy\" decoding=\"async\" width=\"126\" height=\"125\" src=\"https:\/\/www.foliot.com\/wp-content\/uploads\/2023\/11\/Precision-manufacturing.png\" alt=\"\" class=\"wp-image-92828\" style=\"object-fit:cover;width:77px;height:77px\"\/><\/figure><\/div>\n\n\n<h5 class=\"wp-block-heading has-text-align-center\" style=\"font-style:normal;font-weight:300\"><strong>Fabrication de pointe<\/strong> <\/h5>\n\n\n\n<h5 class=\"wp-block-heading has-text-align-center\" style=\"font-style:normal;font-weight:300\">Gr\u00e2ce \u00e0 nos m\u00e9thodes de production et technologies de pointe, nous fabriquons des meubles de haute qualit\u00e9 qui surpassent les normes de l\u2019industrie.<\/h5>\n<\/div>\n\n\n\n<div class=\"wp-block-column is-vertically-aligned-top is-layout-flow wp-block-column-is-layout-flow\"><div class=\"wp-block-image\">\n<figure class=\"aligncenter size-full is-resized\"><img loading=\"lazy\" decoding=\"async\" width=\"126\" height=\"126\" src=\"https:\/\/www.foliot.com\/wp-content\/uploads\/2023\/12\/Shelves.png\" alt=\"\" class=\"wp-image-95873\" style=\"object-fit:cover;width:75px;height:75px\"\/><\/figure><\/div>\n\n\n<h5 class=\"wp-block-heading has-text-align-center\" style=\"font-style:normal;font-weight:300\"><strong>Style et praticalit\u00e9<\/strong><\/h5>\n\n\n\n<h5 class=\"wp-block-heading has-text-align-center\" style=\"font-style:normal;font-weight:300\">En plus de fabriquer des meubles con\u00e7us pour optimiser l\u2019espace et le rangement, nous offrons un vaste choix de finis et de textiles pour r\u00e9pondre au style que vous souhait\u00e9.<\/h5>\n<\/div>\n\n\n\n<div class=\"wp-block-column is-layout-flow wp-block-column-is-layout-flow\"><div class=\"wp-block-image\">\n<figure class=\"aligncenter size-full is-resized\"><img loading=\"lazy\" decoding=\"async\" width=\"126\" height=\"125\" src=\"https:\/\/www.foliot.com\/wp-content\/uploads\/2023\/11\/Rendering-3D.png\" alt=\"\" class=\"wp-image-92313\" style=\"object-fit:cover;width:77px;height:77px\"\/><\/figure><\/div>\n\n\n<h5 class=\"wp-block-heading has-text-align-center\" style=\"font-style:normal;font-weight:300\"><strong>Conception 3D<\/strong><\/h5>\n\n\n\n<h5 class=\"wp-block-heading has-text-align-center\" style=\"font-style:normal;font-weight:300\">Notre \u00e9quipe de conception fournit des rendus 3D pour vous assister dans la planification et la s\u00e9lection de meubles.<\/h5>\n<\/div>\n\n\n\n<div class=\"wp-block-column is-layout-flow wp-block-column-is-layout-flow\"><div class=\"wp-block-image\">\n<figure class=\"aligncenter size-full is-resized\"><img loading=\"lazy\" decoding=\"async\" width=\"126\" height=\"125\" src=\"https:\/\/www.foliot.com\/wp-content\/uploads\/2023\/11\/Warranty.png\" alt=\"\" class=\"wp-image-92333\" style=\"object-fit:cover;width:77px;height:77px\"\/><\/figure><\/div>\n\n\n<h5 class=\"wp-block-heading has-text-align-center\" style=\"font-style:normal;font-weight:300\"><strong>Meilleure garantie de l&rsquo;industrie<\/strong><\/h5>\n\n\n\n<h5 class=\"wp-block-heading has-text-align-center\" style=\"font-style:normal;font-weight:300\">Notre garantie de 10 ans vous offre tranquillit\u00e9 d\u2019esprit.<\/h5>\n<\/div>\n\n\n\n<div class=\"wp-block-column is-vertically-aligned-top is-layout-flow wp-block-column-is-layout-flow\"><div class=\"wp-block-image\">\n<figure class=\"aligncenter size-full is-resized\"><img loading=\"lazy\" decoding=\"async\" width=\"126\" height=\"125\" src=\"https:\/\/www.foliot.com\/wp-content\/uploads\/2023\/11\/Safety.png\" alt=\"\" class=\"wp-image-92323\" style=\"object-fit:cover;width:77px;height:77px\"\/><\/figure><\/div>\n\n\n<h5 class=\"wp-block-heading has-text-align-center\" style=\"font-style:normal;font-weight:300\"><strong>Initiatives \u00e9cologiques<\/strong><\/h5>\n\n\n\n<h5 class=\"wp-block-heading has-text-align-center\" style=\"font-style:normal;font-weight:300\">Nous sommes des pionniers dans l\u2019utilisation du bois d\u2019ing\u00e9nierie, une de nos initiatives visant \u00e0 prot\u00e9ger l\u2019environnement.<\/h5>\n<\/div>\n<\/div>\n<\/div><\/div>\n\n\n\n<div class=\"wp-block-group\"><div class=\"wp-block-group__inner-container is-layout-constrained wp-block-group-is-layout-constrained\">\n<div style=\"height:86px\" aria-hidden=\"true\" class=\"wp-block-spacer\"><\/div>\n\n\n\n<h2 class=\"wp-block-heading has-text-align-center\">D\u00e9couvrez notre mobilier pour chambre \u00e0 coucher et aire commune<\/h2>\n<\/div><\/div>\n\n\n\n\n<section class='multi-columns multi-columns-ctas alignwide'>\n\n\n    <div class=\"multi-columns__elements multi-columns__elements--slider \">\n          \n              <a href=\"https:\/\/www.foliot.com\/fr\/decouvrez-hebergement-temporaire\/chambre-a-coucher\/\" class=\"multi-columns__element\">\n                        <div class=\"element__image\" style=\"background-image:url(https:\/\/www.foliot.com\/wp-content\/uploads\/2023\/12\/Staff-housing-sub-7.jpg)\"><\/div>\n                          <h4 class=\"element__title\">Chambre \u00e0 coucher<\/h4>\n                      <\/a>\n      \n            \n              <a href=\"https:\/\/www.foliot.com\/fr\/decouvrez-hebergement-temporaire\/aire-commune\/\" class=\"multi-columns__element\">\n                        <div class=\"element__image\" style=\"background-image:url(https:\/\/www.foliot.com\/wp-content\/uploads\/2023\/12\/Staff-housing-sub-3.jpg)\"><\/div>\n                          <h4 class=\"element__title\">Aire commune<\/h4>\n                      <\/a>\n      \n        <\/div>\n \n\n<\/section>\n \n\n\n\n<div class=\"wp-block-group alignfull has-background\" style=\"background-color:#e5ded8\"><div class=\"wp-block-group__inner-container is-layout-flow wp-block-group-is-layout-flow\">\n<div class=\"wp-block-media-text is-stacked-on-mobile is-vertically-aligned-center container--small\" style=\"grid-template-columns:61% auto\"><figure class=\"wp-block-media-text__media\"><img loading=\"lazy\" decoding=\"async\" width=\"1920\" height=\"1413\" src=\"https:\/\/www.foliot.com\/wp-content\/uploads\/2021\/02\/surfacematerials_foliot2-1.jpg\" alt=\"\" class=\"wp-image-48695 size-full\" srcset=\"https:\/\/www.foliot.com\/wp-content\/uploads\/2021\/02\/surfacematerials_foliot2-1.jpg 1920w, https:\/\/www.foliot.com\/wp-content\/uploads\/2021\/02\/surfacematerials_foliot2-1-300x221.jpg 300w, https:\/\/www.foliot.com\/wp-content\/uploads\/2021\/02\/surfacematerials_foliot2-1-1024x754.jpg 1024w, https:\/\/www.foliot.com\/wp-content\/uploads\/2021\/02\/surfacematerials_foliot2-1-768x565.jpg 768w, https:\/\/www.foliot.com\/wp-content\/uploads\/2021\/02\/surfacematerials_foliot2-1-1536x1130.jpg 1536w, https:\/\/www.foliot.com\/wp-content\/uploads\/2021\/02\/surfacematerials_foliot2-1-770x567.jpg 770w, https:\/\/www.foliot.com\/wp-content\/uploads\/2021\/02\/surfacematerials_foliot2-1-500x368.jpg 500w, https:\/\/www.foliot.com\/wp-content\/uploads\/2021\/02\/surfacematerials_foliot2-1-700x515.jpg 700w, https:\/\/www.foliot.com\/wp-content\/uploads\/2021\/02\/surfacematerials_foliot2-1-130x96.jpg 130w\" sizes=\"(max-width: 1920px) 100vw, 1920px\" \/><\/figure><div class=\"wp-block-media-text__content\">\n<h1 class=\"wp-block-heading\"><strong><strong><strong>Mat\u00e9riaux, textiles, et autres finis<\/strong><\/strong><\/strong><\/h1>\n\n\n\n<h4 class=\"wp-block-heading\">Agencez les couleurs, les tissus et les textures pour cr\u00e9er un environnement inspirant et dynamique pour vos chambres \u00e0 coucher et espaces communs.<\/h4>\n\n\n\n<div class=\"wp-block-buttons is-layout-flex wp-block-buttons-is-layout-flex\">\n<div class=\"wp-block-button is-style-outline\"><a class=\"wp-block-button__link wp-element-button\" href=\"https:\/\/www.foliot.com\/wp-content\/uploads\/2023\/12\/Foliot_ResHall_Laminate_wood_metal_01122023.pdf\" target=\"_blank\" rel=\"https:\/\/www.foliot.com\/surfaces-material\/ noopener\">Mat\u00e9riaux<\/a><\/div>\n\n\n\n<div class=\"wp-block-button is-style-outline\"><a class=\"wp-block-button__link wp-element-button\" href=\"https:\/\/www.foliot.com\/wp-content\/uploads\/2023\/12\/Foliot_Reshall_Fabrics_01122023.pdf\" target=\"_blank\" rel=\"https:\/\/www.foliot.com\/surfaces-material\/ noopener\">Textiles<\/a><\/div>\n<\/div>\n<\/div><\/div>\n<\/div><\/div>\n\n\n\n<div class=\"wp-block-group alignfull has-background\" style=\"background-color:#a19d80\"><div class=\"wp-block-group__inner-container is-layout-flow wp-block-group-is-layout-flow\">\n<div class=\"wp-block-media-text has-media-on-the-right is-stacked-on-mobile is-vertically-aligned-center container--small\" style=\"grid-template-columns:auto 61%\"><div class=\"wp-block-media-text__content\">\n<h1 class=\"wp-block-heading has-text-align-right\"><strong><strong>D\u00e9couvrez Foliot<\/strong><\/strong><\/h1>\n\n\n\n<h4 class=\"wp-block-heading has-text-align-right\">Que vous cherchiez \u00e0 meubler un nouvel espace ou \u00e0 mettre \u00e0 jour des zones sp\u00e9cifiques, Meubles Foliot est votre partenaire de confiance\u2500Nos usines et bureaux sont situ\u00e9s pr\u00e8s de chez vous!<\/h4>\n\n\n\n<div class=\"wp-block-buttons is-content-justification-right is-layout-flex wp-container-core-buttons-is-layout-2 wp-block-buttons-is-layout-flex\">\n<div class=\"wp-block-button is-style-outline\"><a class=\"wp-block-button__link wp-element-button\" href=\"https:\/\/www.foliot.com\/fr\/decouvrez-foliot\/\" rel=\"https:\/\/www.foliot.com\/surfaces-material\/\">En savoir plus<\/a><\/div>\n<\/div>\n<\/div><figure class=\"wp-block-media-text__media\"><img loading=\"lazy\" decoding=\"async\" width=\"903\" height=\"663\" src=\"https:\/\/www.foliot.com\/wp-content\/uploads\/2023\/12\/discover-foliot.png\" alt=\"\" class=\"wp-image-94028 size-full\" srcset=\"https:\/\/www.foliot.com\/wp-content\/uploads\/2023\/12\/discover-foliot.png 903w, https:\/\/www.foliot.com\/wp-content\/uploads\/2023\/12\/discover-foliot-300x220.png 300w, https:\/\/www.foliot.com\/wp-content\/uploads\/2023\/12\/discover-foliot-768x564.png 768w, https:\/\/www.foliot.com\/wp-content\/uploads\/2023\/12\/discover-foliot-770x565.png 770w, https:\/\/www.foliot.com\/wp-content\/uploads\/2023\/12\/discover-foliot-500x367.png 500w, https:\/\/www.foliot.com\/wp-content\/uploads\/2023\/12\/discover-foliot-700x514.png 700w, https:\/\/www.foliot.com\/wp-content\/uploads\/2023\/12\/discover-foliot-130x95.png 130w\" sizes=\"(max-width: 903px) 100vw, 903px\" \/><\/figure><\/div>\n<\/div><\/div>\n\n\n<section class=\"rep-and-collection wysiwyg alignwide\">\n\n    <div class=\"rep-and-collection__desc \n        \" >\n              \n            <div>    \n                    <p>Contactez-nous d\u00e8s aujourd&rsquo;hui pour une consultation sur votre projet ou pour en savoir plus sur notre offre. Notre \u00e9quipe est l\u00e0 pour vous accompagner \u00e0 chaque \u00e9tape.<\/p>\n            <\/div>\n    <\/div>\n\n    <div class=\"rep-and-collection__rep\">\n     <div class=\"rep-and-collection__rep__description\">\n      <p>Besoin d&#039;aide pour votre projet,<br>\n      <strong>\n      Communiquez avec Jonathan       <\/strong><\/p>\n       <div class=\"rep-and-collection__rep__infos__contact\">\n                 <a class=\"contact__phone\" href=\"tel:(450) 275-2239\"><i class=\"icomoon-rep_phone\"><\/i><span class=\"desktop\">(450) 275-2239<\/span><\/a>\n                          <a class=\"contact__email\" href=\"mailto:jpassarelli@foliot.com\"><i class=\"icomoon-rep_mail\"><\/i><\/a>\n             \n        <\/div>\n    <\/div>\n     <div class=\"rep-and-collection__rep__image\">\n     <img loading=\"lazy\" decoding=\"async\" width=\"150\" height=\"150\" src=\"https:\/\/www.foliot.com\/wp-content\/uploads\/2023\/11\/Jonathan-Passarelli-150x150.jpg\" class=\"attachment-thumbnail size-thumbnail wp-post-image\" alt=\"\" \/>    <\/div>\n  <\/div>\n\n<\/section>\n\n\n\n<div class=\"wp-block-group alignfull d-none has-background\" style=\"background-color:#e5ded8\"><div class=\"wp-block-group__inner-container is-layout-flow wp-block-group-is-layout-flow\">\n<div class=\"wp-block-media-text is-stacked-on-mobile is-vertically-aligned-center container--small\" style=\"grid-template-columns:61% auto\"><figure class=\"wp-block-media-text__media\"><img loading=\"lazy\" decoding=\"async\" width=\"1920\" height=\"1413\" src=\"https:\/\/www.foliot.com\/wp-content\/uploads\/2021\/02\/surfacematerials_foliot2-1.jpg\" alt=\"\" class=\"wp-image-48695 size-full\" srcset=\"https:\/\/www.foliot.com\/wp-content\/uploads\/2021\/02\/surfacematerials_foliot2-1.jpg 1920w, https:\/\/www.foliot.com\/wp-content\/uploads\/2021\/02\/surfacematerials_foliot2-1-300x221.jpg 300w, https:\/\/www.foliot.com\/wp-content\/uploads\/2021\/02\/surfacematerials_foliot2-1-1024x754.jpg 1024w, https:\/\/www.foliot.com\/wp-content\/uploads\/2021\/02\/surfacematerials_foliot2-1-768x565.jpg 768w, https:\/\/www.foliot.com\/wp-content\/uploads\/2021\/02\/surfacematerials_foliot2-1-1536x1130.jpg 1536w, https:\/\/www.foliot.com\/wp-content\/uploads\/2021\/02\/surfacematerials_foliot2-1-770x567.jpg 770w, https:\/\/www.foliot.com\/wp-content\/uploads\/2021\/02\/surfacematerials_foliot2-1-500x368.jpg 500w, https:\/\/www.foliot.com\/wp-content\/uploads\/2021\/02\/surfacematerials_foliot2-1-700x515.jpg 700w, https:\/\/www.foliot.com\/wp-content\/uploads\/2021\/02\/surfacematerials_foliot2-1-130x96.jpg 130w\" sizes=\"(max-width: 1920px) 100vw, 1920px\" \/><\/figure><div class=\"wp-block-media-text__content\">\n<h1 class=\"wp-block-heading\"><strong><strong>Green by Nature<\/strong><\/strong><\/h1>\n\n\n\n<h4 class=\"wp-block-heading\">At Foliot Furniture, we recognize the importance of sustainability in today&rsquo;s world. Our eco-friendly and smart business practices ensure that we not only provide exceptional furniture, but also do our part to protect the environment for future generations. We recycle millions of tons of sawmill waster and post-consumer wood.<\/h4>\n\n\n\n<div class=\"wp-block-buttons is-layout-flex wp-block-buttons-is-layout-flex\">\n<div class=\"wp-block-button is-style-outline\"><a class=\"wp-block-button__link wp-element-button\" href=\"https:\/\/www.foliot.com\/surface-materials\/\" rel=\"https:\/\/www.foliot.com\/surfaces-material\/\">Learn More<\/a><\/div>\n<\/div>\n<\/div><\/div>\n<\/div><\/div>\n\n\n\n<div style=\"height:100px\" aria-hidden=\"true\" class=\"wp-block-spacer\"><\/div>\n","protected":false},"excerpt":{"rendered":"<p>\u00c9quipez vos h\u00e9bergements temporaires avec Meubles Foliot Chez Meubles Foliot, nous sommes profond\u00e9ment engag\u00e9s \u00e0 soutenir nos clients, que ce soit pour des projets de grande envergure ou de plus petite \u00e9chelle. Nous offrons \u00e0 chaque client une gamme de services uniques pour garantir une satisfaction totale et \u00e0 long terme. Avec plus de 30 &hellip; <a href=\"https:\/\/www.foliot.com\/fr\/decouvrez-le-mobilier-pour-logement-temporaire\/\">Continued<\/a><\/p>\n","protected":false},"author":48,"featured_media":0,"parent":0,"menu_order":0,"comment_status":"closed","ping_status":"closed","template":"template-without-header.php","meta":{"content-type":"","_relevanssi_hide_post":"","_relevanssi_hide_content":"","_relevanssi_pin_for_all":"","_relevanssi_pin_keywords":"","_relevanssi_unpin_keywords":"","_relevanssi_related_keywords":"","_relevanssi_related_include_ids":"","_relevanssi_related_exclude_ids":"","_relevanssi_related_no_append":"","_relevanssi_related_not_related":"","_relevanssi_related_posts":"","_relevanssi_noindex_reason":"","footnotes":""},"acf":[],"_links":{"self":[{"href":"https:\/\/www.foliot.com\/fr\/wp-json\/wp\/v2\/pages\/97033"}],"collection":[{"href":"https:\/\/www.foliot.com\/fr\/wp-json\/wp\/v2\/pages"}],"about":[{"href":"https:\/\/www.foliot.com\/fr\/wp-json\/wp\/v2\/types\/page"}],"author":[{"embeddable":true,"href":"https:\/\/www.foliot.com\/fr\/wp-json\/wp\/v2\/users\/48"}],"replies":[{"embeddable":true,"href":"https:\/\/www.foliot.com\/fr\/wp-json\/wp\/v2\/comments?post=97033"}],"version-history":[{"count":40,"href":"https:\/\/www.foliot.com\/fr\/wp-json\/wp\/v2\/pages\/97033\/revisions"}],"predecessor-version":[{"id":103204,"href":"https:\/\/www.foliot.com\/fr\/wp-json\/wp\/v2\/pages\/97033\/revisions\/103204"}],"wp:attachment":[{"href":"https:\/\/www.foliot.com\/fr\/wp-json\/wp\/v2\/media?parent=97033"}],"curies":[{"name":"wp","href":"https:\/\/api.w.org\/{rel}","templated":true}]}}