{"id":98106,"date":"2023-12-04T15:04:22","date_gmt":"2023-12-04T20:04:22","guid":{"rendered":"https:\/\/www.foliot.com\/camp-dorm\/"},"modified":"2024-01-25T12:30:14","modified_gmt":"2024-01-25T17:30:14","slug":"dortoir","status":"publish","type":"page","link":"https:\/\/www.foliot.com\/fr\/decouvrez-camps\/dortoir\/","title":{"rendered":"Meubles de dortoirs pour camps et centre de retraite"},"content":{"rendered":"\n<p class=\"has-text-align-center is-style-intro\">D\u00e9couvrez notre vaste s\u00e9lection de mobilier en bois et lamin\u00e9 pour dortoirs et chambres. Nos diff\u00e9rentes collections et options permettent de cr\u00e9er des environnements fonctionnels et s\u00e9curitaires o\u00f9 l\u2019on se sent bien.<\/p>\n\n\n\n\n<section class='multi-columns multi-columns-ctas alignwide'>\n\n\n    <div class=\"multi-columns__elements multi-columns__elements--slider \">\n          \n              <a href=\"https:\/\/www.foliot.com\/fr\/decouvrez-camps\/dortoir\/lits-et-tetes-de-lit\/\" class=\"multi-columns__element\">\n                        <div class=\"element__image\" style=\"background-image:url(https:\/\/www.foliot.com\/wp-content\/uploads\/2023\/12\/11.jpg)\"><\/div>\n                          <h4 class=\"element__title\">Lits et T\u00eates de lit<\/h4>\n                      <\/a>\n      \n            \n              <a href=\"https:\/\/www.foliot.com\/fr\/decouvrez-camps\/dortoir\/pupitres-tables-huches\/\" class=\"multi-columns__element\">\n                        <div class=\"element__image\" style=\"background-image:url(https:\/\/www.foliot.com\/wp-content\/uploads\/2023\/12\/21.jpg)\"><\/div>\n                          <h4 class=\"element__title\">Pupitres, Tables de travail et Huches<\/h4>\n                      <\/a>\n      \n            \n              <a href=\"https:\/\/www.foliot.com\/fr\/decouvrez-camps\/dortoir\/armoires\/\" class=\"multi-columns__element\">\n                        <div class=\"element__image\" style=\"background-image:url(https:\/\/www.foliot.com\/wp-content\/uploads\/2023\/12\/20.jpg)\"><\/div>\n                          <h4 class=\"element__title\">Armoires<\/h4>\n                      <\/a>\n      \n            \n              <a href=\"https:\/\/www.foliot.com\/fr\/decouvrez-camps\/dortoir\/commodes\/\" class=\"multi-columns__element\">\n                        <div class=\"element__image\" style=\"background-image:url(https:\/\/www.foliot.com\/wp-content\/uploads\/2023\/12\/19.jpg)\"><\/div>\n                          <h4 class=\"element__title\">Commodes<\/h4>\n                      <\/a>\n      \n            \n              <a href=\"https:\/\/www.foliot.com\/fr\/decouvrez-camps\/dortoir\/chaises-et-tabourets\/\" class=\"multi-columns__element\">\n                        <div class=\"element__image\" style=\"background-image:url(https:\/\/www.foliot.com\/wp-content\/uploads\/2021\/06\/Chairs.jpg)\"><\/div>\n                          <h4 class=\"element__title\">Chaises et Tabourets<\/h4>\n                      <\/a>\n      \n            \n              <a href=\"https:\/\/www.foliot.com\/fr\/decouvrez-camps\/dortoir\/bibliotheques\/\" class=\"multi-columns__element\">\n                        <div class=\"element__image\" style=\"background-image:url(https:\/\/www.foliot.com\/wp-content\/uploads\/2021\/06\/Bookcases.jpg)\"><\/div>\n                          <h4 class=\"element__title\">Biblioth\u00e8ques<\/h4>\n                      <\/a>\n      \n            \n              <a href=\"https:\/\/www.foliot.com\/fr\/decouvrez-camps\/dortoir\/tables-de-nuit-et-piedestaux\/\" class=\"multi-columns__element\">\n                        <div class=\"element__image\" style=\"background-image:url(https:\/\/www.foliot.com\/wp-content\/uploads\/2023\/12\/5.jpg)\"><\/div>\n                          <h4 class=\"element__title\">Tables de nuit et Pi\u00e9destaux<\/h4>\n                      <\/a>\n      \n        <\/div>\n \n\n<\/section>\n \n\n\n<script>jQuery(document).ready(function() {\r\n        \/\/ Select all links with target=\"_blank\" excluding those in the footer\r\n        jQuery(\"a[target='_blank']\").not('footer a').removeAttr(\"target\");\r\n    });<\/script>\n","protected":false},"excerpt":{"rendered":"<p>D\u00e9couvrez notre vaste s\u00e9lection de mobilier en bois et lamin\u00e9 pour dortoirs et chambres. Nos diff\u00e9rentes collections et options permettent de cr\u00e9er des environnements fonctionnels et s\u00e9curitaires o\u00f9 l\u2019on se sent bien.<\/p>\n","protected":false},"author":33,"featured_media":80728,"parent":95623,"menu_order":0,"comment_status":"closed","ping_status":"closed","template":"","meta":{"content-type":"","_relevanssi_hide_post":"","_relevanssi_hide_content":"","_relevanssi_pin_for_all":"","_relevanssi_pin_keywords":"","_relevanssi_unpin_keywords":"","_relevanssi_related_keywords":"","_relevanssi_related_include_ids":"","_relevanssi_related_exclude_ids":"","_relevanssi_related_no_append":"","_relevanssi_related_not_related":"","_relevanssi_related_posts":"","_relevanssi_noindex_reason":"","footnotes":""},"acf":[],"_links":{"self":[{"href":"https:\/\/www.foliot.com\/fr\/wp-json\/wp\/v2\/pages\/98106"}],"collection":[{"href":"https:\/\/www.foliot.com\/fr\/wp-json\/wp\/v2\/pages"}],"about":[{"href":"https:\/\/www.foliot.com\/fr\/wp-json\/wp\/v2\/types\/page"}],"author":[{"embeddable":true,"href":"https:\/\/www.foliot.com\/fr\/wp-json\/wp\/v2\/users\/33"}],"replies":[{"embeddable":true,"href":"https:\/\/www.foliot.com\/fr\/wp-json\/wp\/v2\/comments?post=98106"}],"version-history":[{"count":11,"href":"https:\/\/www.foliot.com\/fr\/wp-json\/wp\/v2\/pages\/98106\/revisions"}],"predecessor-version":[{"id":99386,"href":"https:\/\/www.foliot.com\/fr\/wp-json\/wp\/v2\/pages\/98106\/revisions\/99386"}],"up":[{"embeddable":true,"href":"https:\/\/www.foliot.com\/fr\/wp-json\/wp\/v2\/pages\/95623"}],"wp:featuredmedia":[{"embeddable":true,"href":"https:\/\/www.foliot.com\/fr\/wp-json\/wp\/v2\/media\/80728"}],"wp:attachment":[{"href":"https:\/\/www.foliot.com\/fr\/wp-json\/wp\/v2\/media?parent=98106"}],"curies":[{"name":"wp","href":"https:\/\/api.w.org\/{rel}","templated":true}]}}