{"id":98281,"date":"2023-12-04T15:46:33","date_gmt":"2023-12-04T20:46:33","guid":{"rendered":"https:\/\/www.foliot.com\/decouvrez-camps\/aire-commune\/soft-seating\/"},"modified":"2024-03-19T09:06:43","modified_gmt":"2024-03-19T13:06:43","slug":"sofas","status":"publish","type":"page","link":"https:\/\/www.foliot.com\/fr\/decouvrez-camps\/aire-commune\/sofas\/","title":{"rendered":"Sofas"},"content":{"rendered":"\n<p class=\"has-text-align-center is-style-intro\">Nos collections de sofas sont \u00e0 la fois simples et modestes avec un look moderne, tout en \u00e9tant assez durables pour r\u00e9pondre aux exigences des logements \u00e9tudiants.<\/p>\n\n\n\n\n<section class='multi-columns multi-columns-ctas alignwide'>\n\n\n    <div class=\"multi-columns__elements  \">\n          \n              <a href=\"https:\/\/www.foliot.com\/fr\/decouvrez-camps\/aire-commune\/sofas\/voila\/\" class=\"multi-columns__element\">\n                        <div class=\"element__image\" style=\"background-image:url(https:\/\/www.foliot.com\/wp-content\/uploads\/2021\/06\/Foliot-furniture_voila_3.jpg)\"><\/div>\n                          <h4 class=\"element__title\">Voil\u00e0<\/h4>\n                      <\/a>\n      \n            \n              <a href=\"https:\/\/www.foliot.com\/fr\/decouvrez-camps\/aire-commune\/sofas\/tomeo\/\" class=\"multi-columns__element\">\n                        <div class=\"element__image\" style=\"background-image:url(https:\/\/www.foliot.com\/wp-content\/uploads\/2021\/06\/Foliot-furniture_tomeo_cover.jpg)\"><\/div>\n                          <h4 class=\"element__title\">Tomeo<\/h4>\n                      <\/a>\n      \n            \n              <a href=\"https:\/\/www.foliot.com\/fr\/decouvrez-camps\/aire-commune\/sofas\/logan\/\" class=\"multi-columns__element\">\n                        <div class=\"element__image\" style=\"background-image:url(https:\/\/www.foliot.com\/wp-content\/uploads\/2021\/06\/Foliot-furniture_logan_cover.jpg)\"><\/div>\n                          <h4 class=\"element__title\">Logan<\/h4>\n                      <\/a>\n      \n            \n              <a href=\"https:\/\/www.foliot.com\/fr\/decouvrez-camps\/aire-commune\/sofas\/mission\/\" class=\"multi-columns__element\">\n                        <div class=\"element__image\" style=\"background-image:url(https:\/\/www.foliot.com\/wp-content\/uploads\/2021\/05\/mission_university.jpg)\"><\/div>\n                          <h4 class=\"element__title\">Mission<\/h4>\n                      <\/a>\n      \n            \n              <a href=\"https:\/\/www.foliot.com\/fr\/decouvrez-camps\/aire-commune\/sofas\/laguna\/\" class=\"multi-columns__element\">\n                        <div class=\"element__image\" style=\"background-image:url(https:\/\/www.foliot.com\/wp-content\/uploads\/2021\/06\/Foliot-furniture_laguna_cover.jpg)\"><\/div>\n                          <h4 class=\"element__title\">Laguna<\/h4>\n                      <\/a>\n      \n            \n              <a href=\"https:\/\/www.foliot.com\/fr\/decouvrez-camps\/aire-commune\/sofas\/modern\/\" class=\"multi-columns__element\">\n                        <div class=\"element__image\" style=\"background-image:url(https:\/\/www.foliot.com\/wp-content\/uploads\/2021\/06\/Foliot-furniture_modern_cover.jpg)\"><\/div>\n                          <h4 class=\"element__title\">Modern<\/h4>\n                      <\/a>\n      \n            \n              <a href=\"https:\/\/www.foliot.com\/fr\/decouvrez-camps\/aire-commune\/sofas\/sky\/\" class=\"multi-columns__element\">\n                        <div class=\"element__image\" style=\"background-image:url(https:\/\/www.foliot.com\/wp-content\/uploads\/2021\/06\/Foliot-furniture_sky_cover.jpg)\"><\/div>\n                          <h4 class=\"element__title\">Sky<\/h4>\n                      <\/a>\n      \n            \n              <a href=\"https:\/\/www.foliot.com\/fr\/decouvrez-camps\/aire-commune\/sofas\/contempo\/\" class=\"multi-columns__element\">\n                        <div class=\"element__image\" style=\"background-image:url(https:\/\/www.foliot.com\/wp-content\/uploads\/2021\/06\/Foliot-furniture_contempocover.jpg)\"><\/div>\n                          <h4 class=\"element__title\">Contempo<\/h4>\n                      <\/a>\n      \n            \n              <a href=\"https:\/\/www.foliot.com\/fr\/decouvrez-camps\/aire-commune\/sofas\/contemporary\/\" class=\"multi-columns__element\">\n                        <div class=\"element__image\" style=\"background-image:url(https:\/\/www.foliot.com\/wp-content\/uploads\/2021\/06\/Foliot-furniture_contemporary_cover2.jpg)\"><\/div>\n                          <h4 class=\"element__title\">Contemporary<\/h4>\n                      <\/a>\n      \n            \n              <a href=\"https:\/\/www.foliot.com\/fr\/decouvrez-camps\/aire-commune\/sofas\/rowan\/\" class=\"multi-columns__element\">\n                        <div class=\"element__image\" style=\"background-image:url(https:\/\/www.foliot.com\/wp-content\/uploads\/2021\/06\/Foliot-furniture_rowan_cover.jpg)\"><\/div>\n                          <h4 class=\"element__title\">Rowan<\/h4>\n                      <\/a>\n      \n        <\/div>\n \n\n<\/section>\n \n\n\n<script>jQuery(document).ready(function() {\r\n        \/\/ Select all links with target=\"_blank\" excluding those in the footer\r\n        jQuery(\"a[target='_blank']\").not('footer a').removeAttr(\"target\");\r\n    });<\/script>\n","protected":false},"excerpt":{"rendered":"<p>Nos collections de sofas sont \u00e0 la fois simples et modestes avec un look moderne, tout en \u00e9tant assez durables pour r\u00e9pondre aux exigences des logements \u00e9tudiants.<\/p>\n","protected":false},"author":33,"featured_media":0,"parent":98116,"menu_order":0,"comment_status":"closed","ping_status":"closed","template":"","meta":{"content-type":"","_relevanssi_hide_post":"","_relevanssi_hide_content":"","_relevanssi_pin_for_all":"","_relevanssi_pin_keywords":"","_relevanssi_unpin_keywords":"","_relevanssi_related_keywords":"","_relevanssi_related_include_ids":"","_relevanssi_related_exclude_ids":"","_relevanssi_related_no_append":"","_relevanssi_related_not_related":"","_relevanssi_related_posts":"","_relevanssi_noindex_reason":"","footnotes":""},"acf":[],"_links":{"self":[{"href":"https:\/\/www.foliot.com\/fr\/wp-json\/wp\/v2\/pages\/98281"}],"collection":[{"href":"https:\/\/www.foliot.com\/fr\/wp-json\/wp\/v2\/pages"}],"about":[{"href":"https:\/\/www.foliot.com\/fr\/wp-json\/wp\/v2\/types\/page"}],"author":[{"embeddable":true,"href":"https:\/\/www.foliot.com\/fr\/wp-json\/wp\/v2\/users\/33"}],"replies":[{"embeddable":true,"href":"https:\/\/www.foliot.com\/fr\/wp-json\/wp\/v2\/comments?post=98281"}],"version-history":[{"count":17,"href":"https:\/\/www.foliot.com\/fr\/wp-json\/wp\/v2\/pages\/98281\/revisions"}],"predecessor-version":[{"id":102051,"href":"https:\/\/www.foliot.com\/fr\/wp-json\/wp\/v2\/pages\/98281\/revisions\/102051"}],"up":[{"embeddable":true,"href":"https:\/\/www.foliot.com\/fr\/wp-json\/wp\/v2\/pages\/98116"}],"wp:attachment":[{"href":"https:\/\/www.foliot.com\/fr\/wp-json\/wp\/v2\/media?parent=98281"}],"curies":[{"name":"wp","href":"https:\/\/api.w.org\/{rel}","templated":true}]}}