{"id":98286,"date":"2023-12-04T15:57:10","date_gmt":"2023-12-04T20:57:10","guid":{"rendered":"https:\/\/www.foliot.com\/decouvrez-camps\/aire-commune\/chairs-and-stools\/"},"modified":"2024-01-25T18:55:52","modified_gmt":"2024-01-25T23:55:52","slug":"chaises-et-tabourets","status":"publish","type":"page","link":"https:\/\/www.foliot.com\/fr\/decouvrez-camps\/aire-commune\/chaises-et-tabourets\/","title":{"rendered":"Chaises et Tabourets"},"content":{"rendered":"\n<p class=\"has-text-align-center is-style-intro has-large-font-size\">Que ce soit pour lire, manger ou \u00e9tudier, nos chaises et tabourets sont pratique et comfortable.<\/p>\n\n\n\n<section class=\"products__listing alignwide\">\n  <div id=\"filter-bar\" class=\"products__grid__filter\">\n  <div class=\"items__count\">\n          \n      <div class=\"facetwp-facet facetwp-facet-facetwp_product_count facetwp-type-pager\" data-name=\"facetwp_product_count\" data-type=\"pager\"><\/div>     \n     \n  <\/div>\n    \n        \n<div class=\"facet-filters__inline\">\n  <div class=\"facetwp-selections\"><\/div><\/div>\n\n        \n<div class=\"filter-actions\">\n    <button class=\"filter-toggle\" aria-expanded=\"false\" aria-label=\"Ouvrir le panneau de filtres\"><span class=\"filter-toggle__label\">Filtres<\/span><i class=\"icomoon-filters\"><\/i><\/button>\n<\/div>\n<div id=\"filter-pannel\" class=\"filter-pannel\">\n<button class=\"filter-reset btn--primary btn--small\" onclick=\"FWP.reset()\">Effacer les filtres<\/button>\n  \n    <button class=\"filter-pannel__close\"><\/button>\n    <div class=\"filter-pannel__inner\">\n \n            <div class=\"filter-pannel__accordeon filter-pannel__accordeon--product_type\" aria-expanded=\"false\">\n    \n      <button class=\"filter-pannel__accordeon__header\"  aria-label=\"\n        Ouvrir l&#039;accord\u00e9on Type         \">\n          <div class=\"filter-pannel__accordeon__title\">Type<\/div>\n          <div class=\"filter-pannel__accordeon__toggle\" >\n            <div class=\"btn-inner\">\n              <i class=\"down-arrow\"><\/i>\n            <\/div>\n          <\/div>\n        <\/button>\n        <div class=\"filter-pannel__accordeon__content\">\n          <div class=\"facetwp-facet facetwp-facet-fwp_product_types facetwp-type-checkboxes\" data-name=\"fwp_product_types\" data-type=\"checkboxes\"><\/div>        <\/div>\n      <\/div>\n            <div class=\"filter-pannel__accordeon filter-pannel__accordeon--collections\" aria-expanded=\"false\">\n    \n      <button class=\"filter-pannel__accordeon__header\"  aria-label=\"\n        Ouvrir l&#039;accord\u00e9on Marque \/ Collection         \">\n          <div class=\"filter-pannel__accordeon__title\">Marque \/ Collection<\/div>\n          <div class=\"filter-pannel__accordeon__toggle\" >\n            <div class=\"btn-inner\">\n              <i class=\"down-arrow\"><\/i>\n            <\/div>\n          <\/div>\n        <\/button>\n        <div class=\"filter-pannel__accordeon__content\">\n          <div class=\"facetwp-facet facetwp-facet-facetwp_product_collections facetwp-type-checkboxes\" data-name=\"facetwp_product_collections\" data-type=\"checkboxes\"><\/div>        <\/div>\n      <\/div>\n         \n    <\/div>\n  <\/div>\n     \n<\/div>\n<div class=\"products__grid facetwp-template\">\n\n          \n      \n<a href=\"https:\/\/www.foliot.com\/fr\/produits\/tabouret-mission-30-dgnch-002as\/\" class=\"product__item\" data-product=\"{&quot;types&quot;:&quot;&quot;,&quot;rating&quot;:&quot;-&quot;,&quot;description&quot;:&quot;&quot;,&quot;dimensions&quot;:{&quot;in&quot;:{&quot;depth&quot;:&quot;20.00&quot;,&quot;height&quot;:&quot;46.00&quot;,&quot;width&quot;:&quot;18.00&quot;},&quot;cm&quot;:{&quot;depth&quot;:51,&quot;height&quot;:117,&quot;width&quot;:46}},&quot;image&quot;:&quot;https:\\\/\\\/www.foliot.com\\\/wp-content\\\/uploads\\\/2021\\\/07\\\/FG_DGNCH-002AS_Front.jpg&quot;,&quot;code&quot;:&quot;DGNCH-002AS&quot;,&quot;id&quot;:49703}\" >\n  <div class=\"product__image\">\n    <div class=\"product__actions\">\n     <div id=\"compare-actions-DGNCH-002AS\" class=\"product__actions__compare\">\n    <\/div>\n    <\/div>\n\n      <img loading=\"lazy\" decoding=\"async\" width=\"900\" height=\"900\" src=\"https:\/\/www.foliot.com\/wp-content\/uploads\/2021\/07\/FG_DGNCH-002AS_Front.jpg\" class=\"attachment-large size-large\" alt=\"\" \/>  \n      <div class=\"product__image__hover\">\n    <img loading=\"lazy\" decoding=\"async\" width=\"900\" height=\"900\" src=\"https:\/\/www.foliot.com\/wp-content\/uploads\/2021\/07\/FG_DGNCH-002AS-1.jpg\" class=\"attachment-large size-large\" alt=\"\" \/>    <\/div>\n    \n\n  <\/div>\n  <div class=\"product__desc\">\n    <div class=\"product__desc__top\">\n      <div class=\"product__desc__top__left\">\n                          <p class=\"product__name\">Tabouret Mission 30&Prime;<\/p>\n                          <p class=\"product__code\">DGNCH-002AS<\/p>\n              <\/div>\n      <div class=\"product__desc__top__right\">\n                \n  <button class=\"add-to__btn add-to__btn--wishlist add-to-wishlist-btn product\"\n    data-item_id=\"49703\"\n    data-item_name=\"Tabouret Mission 30&quot;\"\n    data-type=\"product\"\n    title=\"Ajouter aux favoris\"\n    id=\"wish-49703\">\n    \n  <i class=\"icon add-to-wishlist product\"><\/i>\n\n  <span class=\"sr-only\">\n    Ajouter Tabouret Mission 30&quot;-DGNCH-002AS \u00e0 mes favoris  <\/span>\n  <\/button>\n\n      <\/div>\n    <\/div>\n    <div class=\"product__desc__bottom\">\n          <p class=\"product__manufacturer\">44132<\/p>\n        <\/div>\n\n  <\/div>\n<\/a>\n        \n      \n<a href=\"https:\/\/www.foliot.com\/fr\/produits\/chaise-en-bois-2-position-avec-siege-dossier-rembourre-dgnch-201s\/\" class=\"product__item\" data-product=\"{&quot;types&quot;:&quot;&quot;,&quot;rating&quot;:&quot;-&quot;,&quot;description&quot;:&quot;&quot;,&quot;dimensions&quot;:{&quot;in&quot;:{&quot;depth&quot;:&quot;23.50&quot;,&quot;height&quot;:&quot;33.00&quot;,&quot;width&quot;:&quot;20.00&quot;},&quot;cm&quot;:{&quot;depth&quot;:60,&quot;height&quot;:84,&quot;width&quot;:51}},&quot;image&quot;:&quot;https:\\\/\\\/www.foliot.com\\\/wp-content\\\/uploads\\\/2021\\\/03\\\/FG_DGNCH-201S_Front.jpg&quot;,&quot;code&quot;:&quot;DGNCH-201S&quot;,&quot;id&quot;:49801}\" >\n  <div class=\"product__image\">\n    <div class=\"product__actions\">\n     <div id=\"compare-actions-DGNCH-201S\" class=\"product__actions__compare\">\n    <\/div>\n    <\/div>\n\n      <img loading=\"lazy\" decoding=\"async\" width=\"900\" height=\"900\" src=\"https:\/\/www.foliot.com\/wp-content\/uploads\/2021\/03\/FG_DGNCH-201S_Front.jpg\" class=\"attachment-large size-large\" alt=\"\" \/>  \n      <div class=\"product__image__hover\">\n    <img loading=\"lazy\" decoding=\"async\" width=\"900\" height=\"900\" src=\"https:\/\/www.foliot.com\/wp-content\/uploads\/2021\/05\/FG_DGNCH-201S.jpg\" class=\"attachment-large size-large\" alt=\"\" \/>    <\/div>\n    \n\n  <\/div>\n  <div class=\"product__desc\">\n    <div class=\"product__desc__top\">\n      <div class=\"product__desc__top__left\">\n                          <p class=\"product__name\">Chaise En Bois 2 Position Avec Si\u00e8ge &amp; Dossier Rembourr\u00e9<\/p>\n                          <p class=\"product__code\">DGNCH-201S<\/p>\n              <\/div>\n      <div class=\"product__desc__top__right\">\n                \n  <button class=\"add-to__btn add-to__btn--wishlist add-to-wishlist-btn product\"\n    data-item_id=\"49801\"\n    data-item_name=\"Chaise En Bois 2 Position Avec Si\u00e8ge &amp; Dossier Rembourr\u00e9\"\n    data-type=\"product\"\n    title=\"Ajouter aux favoris\"\n    id=\"wish-49801\">\n    \n  <i class=\"icon add-to-wishlist product\"><\/i>\n\n  <span class=\"sr-only\">\n    Ajouter Chaise En Bois 2 Position Avec Si\u00e8ge &amp; Dossier Rembourr\u00e9-DGNCH-201S \u00e0 mes favoris  <\/span>\n  <\/button>\n\n      <\/div>\n    <\/div>\n    <div class=\"product__desc__bottom\">\n          <p class=\"product__manufacturer\">44132<\/p>\n        <\/div>\n\n  <\/div>\n<\/a>\n        \n      \n<a href=\"https:\/\/www.foliot.com\/fr\/produits\/chaise-log-dgnch-008s-1\/\" class=\"product__item\" data-product=\"{&quot;types&quot;:&quot;&quot;,&quot;rating&quot;:&quot;-&quot;,&quot;description&quot;:&quot;&quot;,&quot;dimensions&quot;:{&quot;in&quot;:{&quot;depth&quot;:&quot;21&quot;,&quot;height&quot;:&quot;33&quot;,&quot;width&quot;:&quot;21&quot;},&quot;cm&quot;:{&quot;depth&quot;:53,&quot;height&quot;:84,&quot;width&quot;:53}},&quot;image&quot;:&quot;https:\\\/\\\/www.foliot.com\\\/wp-content\\\/uploads\\\/2023\\\/02\\\/FG_DGNCH-008S-1.jpg&quot;,&quot;code&quot;:&quot;DGNCH-008S-1&quot;,&quot;id&quot;:88845}\" >\n  <div class=\"product__image\">\n    <div class=\"product__actions\">\n     <div id=\"compare-actions-DGNCH-008S-1\" class=\"product__actions__compare\">\n    <\/div>\n    <\/div>\n\n      <img loading=\"lazy\" decoding=\"async\" width=\"900\" height=\"900\" src=\"https:\/\/www.foliot.com\/wp-content\/uploads\/2023\/02\/FG_DGNCH-008S-1.jpg\" class=\"attachment-large size-large\" alt=\"\" \/>  \n      <div class=\"product__image__hover\">\n    <img loading=\"lazy\" decoding=\"async\" width=\"900\" height=\"900\" src=\"https:\/\/www.foliot.com\/wp-content\/uploads\/2023\/02\/FG_DGNCH-008S-1.jpg\" class=\"attachment-large size-large\" alt=\"\" \/>    <\/div>\n    \n\n  <\/div>\n  <div class=\"product__desc\">\n    <div class=\"product__desc__top\">\n      <div class=\"product__desc__top__left\">\n                          <p class=\"product__name\">Chaise Log<\/p>\n                          <p class=\"product__code\">DGNCH-008S-1<\/p>\n              <\/div>\n      <div class=\"product__desc__top__right\">\n                \n  <button class=\"add-to__btn add-to__btn--wishlist add-to-wishlist-btn product\"\n    data-item_id=\"88845\"\n    data-item_name=\"Chaise Log\"\n    data-type=\"product\"\n    title=\"Ajouter aux favoris\"\n    id=\"wish-88845\">\n    \n  <i class=\"icon add-to-wishlist product\"><\/i>\n\n  <span class=\"sr-only\">\n    Ajouter Chaise Log-DGNCH-008S-1 \u00e0 mes favoris  <\/span>\n  <\/button>\n\n      <\/div>\n    <\/div>\n    <div class=\"product__desc__bottom\">\n        <\/div>\n\n  <\/div>\n<\/a>\n        \n      \n<a href=\"https:\/\/www.foliot.com\/fr\/produits\/dgnch-024s-chaise-mateo-avec-accoudoirs\/\" class=\"product__item\" data-product=\"{&quot;types&quot;:&quot;&quot;,&quot;rating&quot;:&quot;-&quot;,&quot;description&quot;:&quot;&quot;,&quot;dimensions&quot;:{&quot;in&quot;:{&quot;depth&quot;:&quot;22.25&quot;,&quot;height&quot;:&quot;34&quot;,&quot;width&quot;:&quot;25.13&quot;},&quot;cm&quot;:{&quot;depth&quot;:57,&quot;height&quot;:86,&quot;width&quot;:64}},&quot;image&quot;:&quot;https:\\\/\\\/www.foliot.com\\\/wp-content\\\/uploads\\\/2023\\\/04\\\/DGNCH-024S_Mateo-Chair-Face.jpg&quot;,&quot;code&quot;:&quot;DGNCH-024S&quot;,&quot;id&quot;:89778}\" >\n  <div class=\"product__image\">\n    <div class=\"product__actions\">\n     <div id=\"compare-actions-DGNCH-024S\" class=\"product__actions__compare\">\n    <\/div>\n    <\/div>\n\n      <img loading=\"lazy\" decoding=\"async\" width=\"900\" height=\"900\" src=\"https:\/\/www.foliot.com\/wp-content\/uploads\/2023\/04\/DGNCH-024S_Mateo-Chair-Face.jpg\" class=\"attachment-large size-large\" alt=\"\" \/>  \n      <div class=\"product__image__hover\">\n    <img loading=\"lazy\" decoding=\"async\" width=\"900\" height=\"900\" src=\"https:\/\/www.foliot.com\/wp-content\/uploads\/2023\/04\/DGNCH-024S_Mateo-Chair.jpg\" class=\"attachment-large size-large\" alt=\"\" \/>    <\/div>\n    \n\n  <\/div>\n  <div class=\"product__desc\">\n    <div class=\"product__desc__top\">\n      <div class=\"product__desc__top__left\">\n                          <p class=\"product__name\">Chaise Mateo Avec Accoudoirs<\/p>\n                          <p class=\"product__code\">DGNCH-024S<\/p>\n              <\/div>\n      <div class=\"product__desc__top__right\">\n                \n  <button class=\"add-to__btn add-to__btn--wishlist add-to-wishlist-btn product\"\n    data-item_id=\"89778\"\n    data-item_name=\"Chaise Mateo Avec Accoudoirs\"\n    data-type=\"product\"\n    title=\"Ajouter aux favoris\"\n    id=\"wish-89778\">\n    \n  <i class=\"icon add-to-wishlist product\"><\/i>\n\n  <span class=\"sr-only\">\n    Ajouter Chaise Mateo Avec Accoudoirs-DGNCH-024S \u00e0 mes favoris  <\/span>\n  <\/button>\n\n      <\/div>\n    <\/div>\n    <div class=\"product__desc__bottom\">\n        <\/div>\n\n  <\/div>\n<\/a>\n        \n      \n<a href=\"https:\/\/www.foliot.com\/fr\/produits\/dgnch-025s-chaise-mateo\/\" class=\"product__item\" data-product=\"{&quot;types&quot;:&quot;&quot;,&quot;rating&quot;:&quot;-&quot;,&quot;description&quot;:&quot;&quot;,&quot;dimensions&quot;:{&quot;in&quot;:{&quot;depth&quot;:&quot;22.25&quot;,&quot;height&quot;:&quot;34&quot;,&quot;width&quot;:&quot;20.5&quot;},&quot;cm&quot;:{&quot;depth&quot;:57,&quot;height&quot;:86,&quot;width&quot;:52}},&quot;image&quot;:&quot;https:\\\/\\\/www.foliot.com\\\/wp-content\\\/uploads\\\/2023\\\/04\\\/DGNCH-025S_Mateo-Chair-no-arm-Face.jpg&quot;,&quot;code&quot;:&quot;DGNCH-025S&quot;,&quot;id&quot;:89780}\" >\n  <div class=\"product__image\">\n    <div class=\"product__actions\">\n     <div id=\"compare-actions-DGNCH-025S\" class=\"product__actions__compare\">\n    <\/div>\n    <\/div>\n\n      <img loading=\"lazy\" decoding=\"async\" width=\"900\" height=\"900\" src=\"https:\/\/www.foliot.com\/wp-content\/uploads\/2023\/04\/DGNCH-025S_Mateo-Chair-no-arm-Face.jpg\" class=\"attachment-large size-large\" alt=\"\" \/>  \n      <div class=\"product__image__hover\">\n    <img loading=\"lazy\" decoding=\"async\" width=\"900\" height=\"900\" src=\"https:\/\/www.foliot.com\/wp-content\/uploads\/2023\/04\/DGNCH-025S_Mateo-Chair-no-arm.jpg\" class=\"attachment-large size-large\" alt=\"\" \/>    <\/div>\n    \n\n  <\/div>\n  <div class=\"product__desc\">\n    <div class=\"product__desc__top\">\n      <div class=\"product__desc__top__left\">\n                          <p class=\"product__name\">Chaise Mateo<\/p>\n                          <p class=\"product__code\">DGNCH-025S<\/p>\n              <\/div>\n      <div class=\"product__desc__top__right\">\n                \n  <button class=\"add-to__btn add-to__btn--wishlist add-to-wishlist-btn product\"\n    data-item_id=\"89780\"\n    data-item_name=\"Chaise Mateo\"\n    data-type=\"product\"\n    title=\"Ajouter aux favoris\"\n    id=\"wish-89780\">\n    \n  <i class=\"icon add-to-wishlist product\"><\/i>\n\n  <span class=\"sr-only\">\n    Ajouter Chaise Mateo-DGNCH-025S \u00e0 mes favoris  <\/span>\n  <\/button>\n\n      <\/div>\n    <\/div>\n    <div class=\"product__desc__bottom\">\n        <\/div>\n\n  <\/div>\n<\/a>\n        \n      \n<a href=\"https:\/\/www.foliot.com\/fr\/produits\/tabouret-log-siege-30-dgnch-011as-2\/\" class=\"product__item\" data-product=\"{&quot;types&quot;:&quot;&quot;,&quot;rating&quot;:&quot;-&quot;,&quot;description&quot;:&quot;&quot;,&quot;dimensions&quot;:{&quot;in&quot;:{&quot;depth&quot;:&quot;21&quot;,&quot;height&quot;:&quot;34&quot;,&quot;width&quot;:&quot;20&quot;},&quot;cm&quot;:{&quot;depth&quot;:53,&quot;height&quot;:86,&quot;width&quot;:51}},&quot;image&quot;:&quot;https:\\\/\\\/www.foliot.com\\\/wp-content\\\/uploads\\\/2023\\\/04\\\/DGNCH-011AS-2_Log-Stool-F037-30-Face-Vignette.jpg&quot;,&quot;code&quot;:&quot;DGNCH-011AS-2&quot;,&quot;id&quot;:89795}\" >\n  <div class=\"product__image\">\n    <div class=\"product__actions\">\n     <div id=\"compare-actions-DGNCH-011AS-2\" class=\"product__actions__compare\">\n    <\/div>\n    <\/div>\n\n      <img loading=\"lazy\" decoding=\"async\" width=\"900\" height=\"900\" src=\"https:\/\/www.foliot.com\/wp-content\/uploads\/2023\/04\/DGNCH-011AS-2_Log-Stool-F037-30-Face-Vignette.jpg\" class=\"attachment-large size-large\" alt=\"\" \/>  \n      <div class=\"product__image__hover\">\n    <img loading=\"lazy\" decoding=\"async\" width=\"900\" height=\"900\" src=\"https:\/\/www.foliot.com\/wp-content\/uploads\/2023\/04\/DGNCH-011AS-2_Log-Stool-F165-30-Vignette.jpg\" class=\"attachment-large size-large\" alt=\"\" \/>    <\/div>\n    \n\n  <\/div>\n  <div class=\"product__desc\">\n    <div class=\"product__desc__top\">\n      <div class=\"product__desc__top__left\">\n                          <p class=\"product__name\">Tabouret Log &#8211; Si\u00e8ge 30&Prime;<\/p>\n                          <p class=\"product__code\">DGNCH-011AS-2<\/p>\n              <\/div>\n      <div class=\"product__desc__top__right\">\n                \n  <button class=\"add-to__btn add-to__btn--wishlist add-to-wishlist-btn product\"\n    data-item_id=\"89795\"\n    data-item_name=\"Tabouret Log - Si\u00e8ge 30&quot;\"\n    data-type=\"product\"\n    title=\"Ajouter aux favoris\"\n    id=\"wish-89795\">\n    \n  <i class=\"icon add-to-wishlist product\"><\/i>\n\n  <span class=\"sr-only\">\n    Ajouter Tabouret Log &#8211; Si\u00e8ge 30&quot;-DGNCH-011AS-2 \u00e0 mes favoris  <\/span>\n  <\/button>\n\n      <\/div>\n    <\/div>\n    <div class=\"product__desc__bottom\">\n        <\/div>\n\n  <\/div>\n<\/a>\n        \n      \n<a href=\"https:\/\/www.foliot.com\/fr\/produits\/tabouret-log-siege-24-dgnch-011s-2\/\" class=\"product__item\" data-product=\"{&quot;types&quot;:&quot;&quot;,&quot;rating&quot;:&quot;-&quot;,&quot;description&quot;:&quot;&quot;,&quot;dimensions&quot;:{&quot;in&quot;:{&quot;depth&quot;:&quot;24&quot;,&quot;height&quot;:&quot;29&quot;,&quot;width&quot;:&quot;20&quot;},&quot;cm&quot;:{&quot;depth&quot;:61,&quot;height&quot;:74,&quot;width&quot;:51}},&quot;image&quot;:&quot;https:\\\/\\\/www.foliot.com\\\/wp-content\\\/uploads\\\/2023\\\/04\\\/DGNCH-011S-2_Log-Stool-F037-24-Face-Vignette.jpg&quot;,&quot;code&quot;:&quot;DGNCH-011S-2&quot;,&quot;id&quot;:89798}\" >\n  <div class=\"product__image\">\n    <div class=\"product__actions\">\n     <div id=\"compare-actions-DGNCH-011S-2\" class=\"product__actions__compare\">\n    <\/div>\n    <\/div>\n\n      <img loading=\"lazy\" decoding=\"async\" width=\"900\" height=\"900\" src=\"https:\/\/www.foliot.com\/wp-content\/uploads\/2023\/04\/DGNCH-011S-2_Log-Stool-F037-24-Face-Vignette.jpg\" class=\"attachment-large size-large\" alt=\"\" \/>  \n      <div class=\"product__image__hover\">\n    <img loading=\"lazy\" decoding=\"async\" width=\"900\" height=\"900\" src=\"https:\/\/www.foliot.com\/wp-content\/uploads\/2023\/04\/DGNCH-011S-2_Log-Stool-F165-24-Vignette.jpg\" class=\"attachment-large size-large\" alt=\"\" \/>    <\/div>\n    \n\n  <\/div>\n  <div class=\"product__desc\">\n    <div class=\"product__desc__top\">\n      <div class=\"product__desc__top__left\">\n                          <p class=\"product__name\">Tabouret Log &#8211; Si\u00e8ge 24&Prime;<\/p>\n                          <p class=\"product__code\">DGNCH-011S-2<\/p>\n              <\/div>\n      <div class=\"product__desc__top__right\">\n                \n  <button class=\"add-to__btn add-to__btn--wishlist add-to-wishlist-btn product\"\n    data-item_id=\"89798\"\n    data-item_name=\"Tabouret Log - Si\u00e8ge 24&quot;\"\n    data-type=\"product\"\n    title=\"Ajouter aux favoris\"\n    id=\"wish-89798\">\n    \n  <i class=\"icon add-to-wishlist product\"><\/i>\n\n  <span class=\"sr-only\">\n    Ajouter Tabouret Log &#8211; Si\u00e8ge 24&quot;-DGNCH-011S-2 \u00e0 mes favoris  <\/span>\n  <\/button>\n\n      <\/div>\n    <\/div>\n    <div class=\"product__desc__bottom\">\n        <\/div>\n\n  <\/div>\n<\/a>\n        \n      \n<a href=\"https:\/\/www.foliot.com\/fr\/produits\/dgnch-223s-chaise-sofia\/\" class=\"product__item\" data-product=\"{&quot;types&quot;:&quot;&quot;,&quot;rating&quot;:&quot;-&quot;,&quot;description&quot;:&quot;&quot;,&quot;dimensions&quot;:{&quot;in&quot;:{&quot;depth&quot;:&quot;18&quot;,&quot;height&quot;:&quot;44&quot;,&quot;width&quot;:&quot;19&quot;},&quot;cm&quot;:{&quot;depth&quot;:46,&quot;height&quot;:112,&quot;width&quot;:48}},&quot;image&quot;:&quot;https:\\\/\\\/www.foliot.com\\\/wp-content\\\/uploads\\\/2023\\\/06\\\/DGNCH-223S_Desk-Chair-no-Arms.jpg&quot;,&quot;code&quot;:&quot;DGNCH-223S&quot;,&quot;id&quot;:97221}\" >\n  <div class=\"product__image\">\n    <div class=\"product__actions\">\n     <div id=\"compare-actions-DGNCH-223S\" class=\"product__actions__compare\">\n    <\/div>\n    <\/div>\n\n      <img loading=\"lazy\" decoding=\"async\" width=\"1024\" height=\"1024\" src=\"https:\/\/www.foliot.com\/wp-content\/uploads\/2023\/06\/DGNCH-223S_Desk-Chair-no-Arms-1024x1024.jpg\" class=\"attachment-large size-large\" alt=\"\" \/>  \n      <div class=\"product__image__hover\">\n    <img loading=\"lazy\" decoding=\"async\" width=\"1024\" height=\"1024\" src=\"https:\/\/www.foliot.com\/wp-content\/uploads\/2023\/06\/DGNCH-223S_Desk-Chair-no-Arms-1024x1024.jpg\" class=\"attachment-large size-large\" alt=\"\" \/>    <\/div>\n    \n\n  <\/div>\n  <div class=\"product__desc\">\n    <div class=\"product__desc__top\">\n      <div class=\"product__desc__top__left\">\n                          <p class=\"product__name\">Chaise Sofia<\/p>\n                          <p class=\"product__code\">DGNCH-223S<\/p>\n              <\/div>\n      <div class=\"product__desc__top__right\">\n                \n  <button class=\"add-to__btn add-to__btn--wishlist add-to-wishlist-btn product\"\n    data-item_id=\"97221\"\n    data-item_name=\"Chaise Sofia\"\n    data-type=\"product\"\n    title=\"Ajouter aux favoris\"\n    id=\"wish-97221\">\n    \n  <i class=\"icon add-to-wishlist product\"><\/i>\n\n  <span class=\"sr-only\">\n    Ajouter DGNCH-223S Chaise Sofia \u00e0 mes favoris  <\/span>\n  <\/button>\n\n      <\/div>\n    <\/div>\n    <div class=\"product__desc__bottom\">\n        <\/div>\n\n  <\/div>\n<\/a>\n   \n\n\n<\/div>   \n\n<div class=\"facetwp-facet facetwp-facet-facetwp_loadmore facetwp-type-pager\" data-name=\"facetwp_loadmore\" data-type=\"pager\"><\/div>\n<div class=\"popup popup--project\">\n  <div class=\"popup__overlay\"><\/div>\n  <div class=\"popup__flex-container\">\n    <div class=\"popup__inner\">\n\n    <\/div>\n  <\/div>\n<\/div>\n\n<script type=\"text\/tmpl\" id=\"tmpl-add-to-project\">\n\n<button id=\"popup-close\"><\/button>\n<div class=\"popup--project__item__image\">\n  <img decoding=\"async\" src=\"{{ data.image }}\" alt=\"\">\n<\/div>\n<h3 class=\"popup--project__title\">Ajouter \u00e0 un projet<\/h3>\n<input type=\"text\" placeholder=\"Rechercher\"\n       class=\"popup--project__search\" id=\"popup-project-search\">\n<div id=\"projects-list\" class=\"popup--project__projects\">\n  \n<\/div>\n<div class=\"popup--project__create\">\n  <button class=\"project__newitem__add\"><span><\/span><span><\/span><\/button>\n  <div class=\"project__newitem__content\">\n    <label class=\"project__newitem__placeholer\" for=\"new-item-{{data.id}}\">\n      Create a project    <\/label>\n    <div class=\"project__newitem__container\">\n      <input id=\"new-item-{{data.id}}\" class=\"project__newitem__title\" type=\"text\" placeholder=\"Enter a name\">\n      <button class=\"project__newitem__save\">Enregistrer<span\n            class=\"sr-only\">[Item name] to [project name]<\/span><\/button>\n    <\/div>\n  <\/div>\n<\/div>\n<\/script>\n\n<script type=\"text\/tmpl\" id=\"tmpl-project-item\">\n<div class=\"project__item\">\n  <div class=\"project__item__inner\">\n    <div class=\"project__item__avatar\"\n         style=\"background-image:url(https:\/\/www.foliot.com\/wp-content\/themes\/foliot.com\/dist\/images\/defaults\/default.jpg)\"><\/div>\n    <p class=\"project__item__name\">{{ data.project_title }}<\/p>\n  <\/div>\n  <button class=\"project__item__save\"\n          data-project-id=\"{{ data.project_id }}\"\n  >\n    Enregistrer    <span class=\"sr-only\">[Item name] to [project name]<\/span\n  <\/button>\n<\/div>\n<\/script>\n<\/section>\n\n\n\n<p><\/p>\n","protected":false},"excerpt":{"rendered":"<p>Que ce soit pour lire, manger ou \u00e9tudier, nos chaises et tabourets sont pratique et comfortable.<\/p>\n","protected":false},"author":33,"featured_media":80955,"parent":98116,"menu_order":0,"comment_status":"closed","ping_status":"closed","template":"","meta":{"content-type":"","_relevanssi_hide_post":"","_relevanssi_hide_content":"","_relevanssi_pin_for_all":"","_relevanssi_pin_keywords":"","_relevanssi_unpin_keywords":"","_relevanssi_related_keywords":"","_relevanssi_related_include_ids":"","_relevanssi_related_exclude_ids":"","_relevanssi_related_no_append":"","_relevanssi_related_not_related":"","_relevanssi_related_posts":"","_relevanssi_noindex_reason":"","footnotes":""},"acf":[],"_links":{"self":[{"href":"https:\/\/www.foliot.com\/fr\/wp-json\/wp\/v2\/pages\/98286"}],"collection":[{"href":"https:\/\/www.foliot.com\/fr\/wp-json\/wp\/v2\/pages"}],"about":[{"href":"https:\/\/www.foliot.com\/fr\/wp-json\/wp\/v2\/types\/page"}],"author":[{"embeddable":true,"href":"https:\/\/www.foliot.com\/fr\/wp-json\/wp\/v2\/users\/33"}],"replies":[{"embeddable":true,"href":"https:\/\/www.foliot.com\/fr\/wp-json\/wp\/v2\/comments?post=98286"}],"version-history":[{"count":3,"href":"https:\/\/www.foliot.com\/fr\/wp-json\/wp\/v2\/pages\/98286\/revisions"}],"predecessor-version":[{"id":100171,"href":"https:\/\/www.foliot.com\/fr\/wp-json\/wp\/v2\/pages\/98286\/revisions\/100171"}],"up":[{"embeddable":true,"href":"https:\/\/www.foliot.com\/fr\/wp-json\/wp\/v2\/pages\/98116"}],"wp:featuredmedia":[{"embeddable":true,"href":"https:\/\/www.foliot.com\/fr\/wp-json\/wp\/v2\/media\/80955"}],"wp:attachment":[{"href":"https:\/\/www.foliot.com\/fr\/wp-json\/wp\/v2\/media?parent=98286"}],"curies":[{"name":"wp","href":"https:\/\/api.w.org\/{rel}","templated":true}]}}