{"id":98296,"date":"2023-12-04T15:59:09","date_gmt":"2023-12-04T20:59:09","guid":{"rendered":"https:\/\/www.foliot.com\/decouvrez-camps\/aire-commune\/media-units\/"},"modified":"2024-01-25T18:56:58","modified_gmt":"2024-01-25T23:56:58","slug":"meubles-tele","status":"publish","type":"page","link":"https:\/\/www.foliot.com\/fr\/decouvrez-camps\/aire-commune\/meubles-tele\/","title":{"rendered":"Meubles t\u00e9l\u00e9"},"content":{"rendered":"\n<p class=\"has-text-align-center is-style-intro has-large-font-size\">Disponibles dans de nombreux styles, les meubles t\u00e9l\u00e9 Foliot offrent un rangement fonctionnel pour tous les espaces multim\u00e9dia.<\/p>\n\n\n\n<section class=\"products__listing alignwide\">\n  <div id=\"filter-bar\" class=\"products__grid__filter\">\n  <div class=\"items__count\">\n          \n      <div class=\"facetwp-facet facetwp-facet-facetwp_product_count facetwp-type-pager\" data-name=\"facetwp_product_count\" data-type=\"pager\"><\/div>     \n     \n  <\/div>\n    \n        \n<div class=\"facet-filters__inline\">\n  <div class=\"facetwp-selections\"><\/div><\/div>\n\n        \n<div class=\"filter-actions\">\n    <button class=\"filter-toggle\" aria-expanded=\"false\" aria-label=\"Ouvrir le panneau de filtres\"><span class=\"filter-toggle__label\">Filtres<\/span><i class=\"icomoon-filters\"><\/i><\/button>\n<\/div>\n<div id=\"filter-pannel\" class=\"filter-pannel\">\n<button class=\"filter-reset btn--primary btn--small\" onclick=\"FWP.reset()\">Effacer les filtres<\/button>\n  \n    <button class=\"filter-pannel__close\"><\/button>\n    <div class=\"filter-pannel__inner\">\n \n            <div class=\"filter-pannel__accordeon filter-pannel__accordeon--product_type\" aria-expanded=\"false\">\n    \n      <button class=\"filter-pannel__accordeon__header\"  aria-label=\"\n        Ouvrir l&#039;accord\u00e9on Type         \">\n          <div class=\"filter-pannel__accordeon__title\">Type<\/div>\n          <div class=\"filter-pannel__accordeon__toggle\" >\n            <div class=\"btn-inner\">\n              <i class=\"down-arrow\"><\/i>\n            <\/div>\n          <\/div>\n        <\/button>\n        <div class=\"filter-pannel__accordeon__content\">\n          <div class=\"facetwp-facet facetwp-facet-fwp_product_types facetwp-type-checkboxes\" data-name=\"fwp_product_types\" data-type=\"checkboxes\"><\/div>        <\/div>\n      <\/div>\n            <div class=\"filter-pannel__accordeon filter-pannel__accordeon--collections\" aria-expanded=\"false\">\n    \n      <button class=\"filter-pannel__accordeon__header\"  aria-label=\"\n        Ouvrir l&#039;accord\u00e9on Marque \/ Collection         \">\n          <div class=\"filter-pannel__accordeon__title\">Marque \/ Collection<\/div>\n          <div class=\"filter-pannel__accordeon__toggle\" >\n            <div class=\"btn-inner\">\n              <i class=\"down-arrow\"><\/i>\n            <\/div>\n          <\/div>\n        <\/button>\n        <div class=\"filter-pannel__accordeon__content\">\n          <div class=\"facetwp-facet facetwp-facet-facetwp_product_collections facetwp-type-checkboxes\" data-name=\"facetwp_product_collections\" data-type=\"checkboxes\"><\/div>        <\/div>\n      <\/div>\n         \n    <\/div>\n  <\/div>\n     \n<\/div>\n<div class=\"products__grid facetwp-template\">\n\n          \n      \n<a href=\"https:\/\/www.foliot.com\/fr\/produits\/unite-multimedia-avec-structrure-en-metal-dartv-002s\/\" class=\"product__item\" data-product=\"{&quot;types&quot;:&quot;&quot;,&quot;rating&quot;:&quot;-&quot;,&quot;description&quot;:&quot;&quot;,&quot;dimensions&quot;:{&quot;in&quot;:{&quot;depth&quot;:&quot;16.00&quot;,&quot;height&quot;:&quot;28.00&quot;,&quot;width&quot;:&quot;24.00&quot;},&quot;cm&quot;:{&quot;depth&quot;:41,&quot;height&quot;:71,&quot;width&quot;:61}},&quot;image&quot;:&quot;https:\\\/\\\/www.foliot.com\\\/wp-content\\\/uploads\\\/2021\\\/05\\\/FG_DARTV-002S_Front-1.jpg&quot;,&quot;code&quot;:&quot;DARTV-002S&quot;,&quot;id&quot;:45536}\" >\n  <div class=\"product__image\">\n    <div class=\"product__actions\">\n     <div id=\"compare-actions-DARTV-002S\" class=\"product__actions__compare\">\n    <\/div>\n    <\/div>\n\n      <img loading=\"lazy\" decoding=\"async\" width=\"900\" height=\"900\" src=\"https:\/\/www.foliot.com\/wp-content\/uploads\/2021\/05\/FG_DARTV-002S_Front-1.jpg\" class=\"attachment-large size-large\" alt=\"\" \/>  \n      <div class=\"product__image__hover\">\n    <img loading=\"lazy\" decoding=\"async\" width=\"900\" height=\"900\" src=\"https:\/\/www.foliot.com\/wp-content\/uploads\/2021\/05\/FG_DARTV-002S-1.jpg\" class=\"attachment-large size-large\" alt=\"\" \/>    <\/div>\n    \n\n  <\/div>\n  <div class=\"product__desc\">\n    <div class=\"product__desc__top\">\n      <div class=\"product__desc__top__left\">\n                          <p class=\"product__name\">Unit\u00e9 Multim\u00e9dia Aria Avec Structrure En M\u00e9tal<\/p>\n                          <p class=\"product__code\">DARTV-002S<\/p>\n              <\/div>\n      <div class=\"product__desc__top__right\">\n                \n  <button class=\"add-to__btn add-to__btn--wishlist add-to-wishlist-btn product\"\n    data-item_id=\"45536\"\n    data-item_name=\"Unit\u00e9 Multim\u00e9dia Aria Avec Structrure En M\u00e9tal\"\n    data-type=\"product\"\n    title=\"Ajouter aux favoris\"\n    id=\"wish-45536\">\n    \n  <i class=\"icon add-to-wishlist product\"><\/i>\n\n  <span class=\"sr-only\">\n    Ajouter Unit\u00e9 Multim\u00e9dia Aria Avec Structrure En M\u00e9tal-DARTV-002S \u00e0 mes favoris  <\/span>\n  <\/button>\n\n      <\/div>\n    <\/div>\n    <div class=\"product__desc__bottom\">\n          <p class=\"product__manufacturer\">44132<\/p>\n        <\/div>\n\n  <\/div>\n<\/a>\n        \n      \n<a href=\"https:\/\/www.foliot.com\/fr\/produits\/unite-multimedia-avec-1-tiroir-dgntv-101s\/\" class=\"product__item\" data-product=\"{&quot;types&quot;:&quot;&quot;,&quot;rating&quot;:&quot;-&quot;,&quot;description&quot;:&quot;&quot;,&quot;dimensions&quot;:{&quot;in&quot;:{&quot;depth&quot;:&quot;20.00&quot;,&quot;height&quot;:&quot;24.00&quot;,&quot;width&quot;:&quot;24.00&quot;},&quot;cm&quot;:{&quot;depth&quot;:51,&quot;height&quot;:61,&quot;width&quot;:61}},&quot;image&quot;:&quot;https:\\\/\\\/www.foliot.com\\\/wp-content\\\/uploads\\\/2021\\\/02\\\/FG_DGNTV-101S-1.jpg&quot;,&quot;code&quot;:&quot;DGNTV-101S&quot;,&quot;id&quot;:45540}\" >\n  <div class=\"product__image\">\n    <div class=\"product__actions\">\n     <div id=\"compare-actions-DGNTV-101S\" class=\"product__actions__compare\">\n    <\/div>\n    <\/div>\n\n      <img loading=\"lazy\" decoding=\"async\" width=\"1024\" height=\"1024\" src=\"https:\/\/www.foliot.com\/wp-content\/uploads\/2021\/02\/FG_DGNTV-101S-1-1024x1024.jpg\" class=\"attachment-large size-large\" alt=\"\" \/>  \n      <div class=\"product__image__hover\">\n    <img loading=\"lazy\" decoding=\"async\" width=\"1024\" height=\"1024\" src=\"https:\/\/www.foliot.com\/wp-content\/uploads\/2021\/02\/FG_DGNTV-101S-1-1024x1024.jpg\" class=\"attachment-large size-large\" alt=\"\" \/>    <\/div>\n    \n\n  <\/div>\n  <div class=\"product__desc\">\n    <div class=\"product__desc__top\">\n      <div class=\"product__desc__top__left\">\n                          <p class=\"product__name\">Unit\u00e9 Multim\u00e9dia Avec 1 Tiroir<\/p>\n                          <p class=\"product__code\">DGNTV-101S<\/p>\n              <\/div>\n      <div class=\"product__desc__top__right\">\n                \n  <button class=\"add-to__btn add-to__btn--wishlist add-to-wishlist-btn product\"\n    data-item_id=\"45540\"\n    data-item_name=\"Unit\u00e9 Multim\u00e9dia Avec 1 Tiroir\"\n    data-type=\"product\"\n    title=\"Ajouter aux favoris\"\n    id=\"wish-45540\">\n    \n  <i class=\"icon add-to-wishlist product\"><\/i>\n\n  <span class=\"sr-only\">\n    Ajouter Unit\u00e9 Multim\u00e9dia Avec 1 Tiroir-DGNTV-101S \u00e0 mes favoris  <\/span>\n  <\/button>\n\n      <\/div>\n    <\/div>\n    <div class=\"product__desc__bottom\">\n          <p class=\"product__manufacturer\">44132<\/p>\n        <\/div>\n\n  <\/div>\n<\/a>\n        \n      \n<a href=\"https:\/\/www.foliot.com\/fr\/produits\/unite-multimedia-avec-1-tiroir-pattes-en-metal-dartv-101s\/\" class=\"product__item\" data-product=\"{&quot;types&quot;:&quot;&quot;,&quot;rating&quot;:&quot;-&quot;,&quot;description&quot;:&quot;&quot;,&quot;dimensions&quot;:{&quot;in&quot;:{&quot;depth&quot;:&quot;16.00&quot;,&quot;height&quot;:&quot;28.00&quot;,&quot;width&quot;:&quot;24.00&quot;},&quot;cm&quot;:{&quot;depth&quot;:41,&quot;height&quot;:71,&quot;width&quot;:61}},&quot;image&quot;:&quot;https:\\\/\\\/www.foliot.com\\\/wp-content\\\/uploads\\\/2021\\\/09\\\/FG_DARTV-101S.jpg&quot;,&quot;code&quot;:&quot;DARTV-101S&quot;,&quot;id&quot;:45548}\" >\n  <div class=\"product__image\">\n    <div class=\"product__actions\">\n     <div id=\"compare-actions-DARTV-101S\" class=\"product__actions__compare\">\n    <\/div>\n    <\/div>\n\n      <img loading=\"lazy\" decoding=\"async\" width=\"900\" height=\"900\" src=\"https:\/\/www.foliot.com\/wp-content\/uploads\/2021\/09\/FG_DARTV-101S.jpg\" class=\"attachment-large size-large wp-post-image\" alt=\"\" \/>  \n      <div class=\"product__image__hover\">\n    <img loading=\"lazy\" decoding=\"async\" width=\"900\" height=\"900\" src=\"https:\/\/www.foliot.com\/wp-content\/uploads\/2021\/09\/FG_DARTV-101S.jpg\" class=\"attachment-large size-large\" alt=\"\" \/>    <\/div>\n    \n\n  <\/div>\n  <div class=\"product__desc\">\n    <div class=\"product__desc__top\">\n      <div class=\"product__desc__top__left\">\n                          <p class=\"product__name\">Unit\u00e9 Multim\u00e9dia Aria Avec 1 Tiroir &amp; Pattes En M\u00e9tal<\/p>\n                          <p class=\"product__code\">DARTV-101S<\/p>\n              <\/div>\n      <div class=\"product__desc__top__right\">\n                \n  <button class=\"add-to__btn add-to__btn--wishlist add-to-wishlist-btn product\"\n    data-item_id=\"45548\"\n    data-item_name=\"Unit\u00e9 Multim\u00e9dia Aria Avec 1 Tiroir &amp; Pattes En M\u00e9tal\"\n    data-type=\"product\"\n    title=\"Ajouter aux favoris\"\n    id=\"wish-45548\">\n    \n  <i class=\"icon add-to-wishlist product\"><\/i>\n\n  <span class=\"sr-only\">\n    Ajouter Unit\u00e9 Multim\u00e9dia Aria Avec 1 Tiroir &amp; Pattes En M\u00e9tal-DARTV-101S \u00e0 mes favoris  <\/span>\n  <\/button>\n\n      <\/div>\n    <\/div>\n    <div class=\"product__desc__bottom\">\n          <p class=\"product__manufacturer\">44132<\/p>\n        <\/div>\n\n  <\/div>\n<\/a>\n        \n      \n<a href=\"https:\/\/www.foliot.com\/fr\/produits\/unite-multimedia-avec-1-tablette-dgntv-001s\/\" class=\"product__item\" data-product=\"{&quot;types&quot;:&quot;&quot;,&quot;rating&quot;:&quot;-&quot;,&quot;description&quot;:&quot;&quot;,&quot;dimensions&quot;:{&quot;in&quot;:{&quot;depth&quot;:&quot;24.00&quot;,&quot;height&quot;:&quot;30.00&quot;,&quot;width&quot;:&quot;24.00&quot;},&quot;cm&quot;:{&quot;depth&quot;:61,&quot;height&quot;:76,&quot;width&quot;:61}},&quot;image&quot;:&quot;https:\\\/\\\/www.foliot.com\\\/wp-content\\\/uploads\\\/2021\\\/02\\\/FG_DGNTV-001S-1.jpg&quot;,&quot;code&quot;:&quot;DGNTV-001S&quot;,&quot;id&quot;:45560}\" >\n  <div class=\"product__image\">\n    <div class=\"product__actions\">\n     <div id=\"compare-actions-DGNTV-001S\" class=\"product__actions__compare\">\n    <\/div>\n    <\/div>\n\n      <img loading=\"lazy\" decoding=\"async\" width=\"1024\" height=\"1024\" src=\"https:\/\/www.foliot.com\/wp-content\/uploads\/2021\/02\/FG_DGNTV-001S-1-1024x1024.jpg\" class=\"attachment-large size-large\" alt=\"\" \/>  \n      <div class=\"product__image__hover\">\n    <img loading=\"lazy\" decoding=\"async\" width=\"1024\" height=\"1024\" src=\"https:\/\/www.foliot.com\/wp-content\/uploads\/2021\/02\/FG_DGNTV-001S-1-1024x1024.jpg\" class=\"attachment-large size-large\" alt=\"\" \/>    <\/div>\n    \n\n  <\/div>\n  <div class=\"product__desc\">\n    <div class=\"product__desc__top\">\n      <div class=\"product__desc__top__left\">\n                          <p class=\"product__name\">Unit\u00e9 Multim\u00e9dia Avec 1 Tablette<\/p>\n                          <p class=\"product__code\">DGNTV-001S<\/p>\n              <\/div>\n      <div class=\"product__desc__top__right\">\n                \n  <button class=\"add-to__btn add-to__btn--wishlist add-to-wishlist-btn product\"\n    data-item_id=\"45560\"\n    data-item_name=\"Unit\u00e9 Multim\u00e9dia Avec 1 Tablette\"\n    data-type=\"product\"\n    title=\"Ajouter aux favoris\"\n    id=\"wish-45560\">\n    \n  <i class=\"icon add-to-wishlist product\"><\/i>\n\n  <span class=\"sr-only\">\n    Ajouter Unit\u00e9 Multim\u00e9dia Avec 1 Tablette-DGNTV-001S \u00e0 mes favoris  <\/span>\n  <\/button>\n\n      <\/div>\n    <\/div>\n    <div class=\"product__desc__bottom\">\n          <p class=\"product__manufacturer\">44132<\/p>\n        <\/div>\n\n  <\/div>\n<\/a>\n        \n      \n<a href=\"https:\/\/www.foliot.com\/fr\/produits\/unite-multimedia-avec-pattes-en-metal-dartv-001s\/\" class=\"product__item\" data-product=\"{&quot;types&quot;:&quot;&quot;,&quot;rating&quot;:&quot;-&quot;,&quot;description&quot;:&quot;&quot;,&quot;dimensions&quot;:{&quot;in&quot;:{&quot;depth&quot;:&quot;16.00&quot;,&quot;height&quot;:&quot;28.00&quot;,&quot;width&quot;:&quot;24.00&quot;},&quot;cm&quot;:{&quot;depth&quot;:41,&quot;height&quot;:71,&quot;width&quot;:61}},&quot;image&quot;:&quot;https:\\\/\\\/www.foliot.com\\\/wp-content\\\/uploads\\\/2021\\\/09\\\/FG_DARTV-001S_Front.jpg&quot;,&quot;code&quot;:&quot;DARTV-001S&quot;,&quot;id&quot;:45564}\" >\n  <div class=\"product__image\">\n    <div class=\"product__actions\">\n     <div id=\"compare-actions-DARTV-001S\" class=\"product__actions__compare\">\n    <\/div>\n    <\/div>\n\n      <img loading=\"lazy\" decoding=\"async\" width=\"900\" height=\"900\" src=\"https:\/\/www.foliot.com\/wp-content\/uploads\/2021\/09\/FG_DARTV-001S_Front.jpg\" class=\"attachment-large size-large\" alt=\"\" \/>  \n      <div class=\"product__image__hover\">\n    <img loading=\"lazy\" decoding=\"async\" width=\"900\" height=\"900\" src=\"https:\/\/www.foliot.com\/wp-content\/uploads\/2021\/05\/FG_DARTV-001S.jpg\" class=\"attachment-large size-large\" alt=\"\" \/>    <\/div>\n    \n\n  <\/div>\n  <div class=\"product__desc\">\n    <div class=\"product__desc__top\">\n      <div class=\"product__desc__top__left\">\n                          <p class=\"product__name\">Unit\u00e9 Multim\u00e9dia Aria Avec Pattes En M\u00e9tal<\/p>\n                          <p class=\"product__code\">DARTV-001S<\/p>\n              <\/div>\n      <div class=\"product__desc__top__right\">\n                \n  <button class=\"add-to__btn add-to__btn--wishlist add-to-wishlist-btn product\"\n    data-item_id=\"45564\"\n    data-item_name=\"Unit\u00e9 Multim\u00e9dia Aria Avec Pattes En M\u00e9tal\"\n    data-type=\"product\"\n    title=\"Ajouter aux favoris\"\n    id=\"wish-45564\">\n    \n  <i class=\"icon add-to-wishlist product\"><\/i>\n\n  <span class=\"sr-only\">\n    Ajouter Unit\u00e9 Multim\u00e9dia Aria Avec Pattes En M\u00e9tal-DARTV-001S \u00e0 mes favoris  <\/span>\n  <\/button>\n\n      <\/div>\n    <\/div>\n    <div class=\"product__desc__bottom\">\n          <p class=\"product__manufacturer\">44132<\/p>\n        <\/div>\n\n  <\/div>\n<\/a>\n   \n\n\n<\/div>   \n\n<div class=\"facetwp-facet facetwp-facet-facetwp_loadmore facetwp-type-pager\" data-name=\"facetwp_loadmore\" data-type=\"pager\"><\/div>\n<div class=\"popup popup--project\">\n  <div class=\"popup__overlay\"><\/div>\n  <div class=\"popup__flex-container\">\n    <div class=\"popup__inner\">\n\n    <\/div>\n  <\/div>\n<\/div>\n\n<script type=\"text\/tmpl\" id=\"tmpl-add-to-project\">\n\n<button id=\"popup-close\"><\/button>\n<div class=\"popup--project__item__image\">\n  <img decoding=\"async\" src=\"{{ data.image }}\" alt=\"\">\n<\/div>\n<h3 class=\"popup--project__title\">Ajouter \u00e0 un projet<\/h3>\n<input type=\"text\" placeholder=\"Rechercher\"\n       class=\"popup--project__search\" id=\"popup-project-search\">\n<div id=\"projects-list\" class=\"popup--project__projects\">\n  \n<\/div>\n<div class=\"popup--project__create\">\n  <button class=\"project__newitem__add\"><span><\/span><span><\/span><\/button>\n  <div class=\"project__newitem__content\">\n    <label class=\"project__newitem__placeholer\" for=\"new-item-{{data.id}}\">\n      Create a project    <\/label>\n    <div class=\"project__newitem__container\">\n      <input id=\"new-item-{{data.id}}\" class=\"project__newitem__title\" type=\"text\" placeholder=\"Enter a name\">\n      <button class=\"project__newitem__save\">Enregistrer<span\n            class=\"sr-only\">[Item name] to [project name]<\/span><\/button>\n    <\/div>\n  <\/div>\n<\/div>\n<\/script>\n\n<script type=\"text\/tmpl\" id=\"tmpl-project-item\">\n<div class=\"project__item\">\n  <div class=\"project__item__inner\">\n    <div class=\"project__item__avatar\"\n         style=\"background-image:url(https:\/\/www.foliot.com\/wp-content\/themes\/foliot.com\/dist\/images\/defaults\/default.jpg)\"><\/div>\n    <p class=\"project__item__name\">{{ data.project_title }}<\/p>\n  <\/div>\n  <button class=\"project__item__save\"\n          data-project-id=\"{{ data.project_id }}\"\n  >\n    Enregistrer    <span class=\"sr-only\">[Item name] to [project name]<\/span\n  <\/button>\n<\/div>\n<\/script>\n<\/section>\n","protected":false},"excerpt":{"rendered":"<p>Disponibles dans de nombreux styles, les meubles t\u00e9l\u00e9 Foliot offrent un rangement fonctionnel pour tous les espaces multim\u00e9dia.<\/p>\n","protected":false},"author":33,"featured_media":80963,"parent":98116,"menu_order":0,"comment_status":"closed","ping_status":"closed","template":"","meta":{"content-type":"","_relevanssi_hide_post":"","_relevanssi_hide_content":"","_relevanssi_pin_for_all":"","_relevanssi_pin_keywords":"","_relevanssi_unpin_keywords":"","_relevanssi_related_keywords":"","_relevanssi_related_include_ids":"","_relevanssi_related_exclude_ids":"","_relevanssi_related_no_append":"","_relevanssi_related_not_related":"","_relevanssi_related_posts":"","_relevanssi_noindex_reason":"","footnotes":""},"acf":[],"_links":{"self":[{"href":"https:\/\/www.foliot.com\/fr\/wp-json\/wp\/v2\/pages\/98296"}],"collection":[{"href":"https:\/\/www.foliot.com\/fr\/wp-json\/wp\/v2\/pages"}],"about":[{"href":"https:\/\/www.foliot.com\/fr\/wp-json\/wp\/v2\/types\/page"}],"author":[{"embeddable":true,"href":"https:\/\/www.foliot.com\/fr\/wp-json\/wp\/v2\/users\/33"}],"replies":[{"embeddable":true,"href":"https:\/\/www.foliot.com\/fr\/wp-json\/wp\/v2\/comments?post=98296"}],"version-history":[{"count":3,"href":"https:\/\/www.foliot.com\/fr\/wp-json\/wp\/v2\/pages\/98296\/revisions"}],"predecessor-version":[{"id":100181,"href":"https:\/\/www.foliot.com\/fr\/wp-json\/wp\/v2\/pages\/98296\/revisions\/100181"}],"up":[{"embeddable":true,"href":"https:\/\/www.foliot.com\/fr\/wp-json\/wp\/v2\/pages\/98116"}],"wp:featuredmedia":[{"embeddable":true,"href":"https:\/\/www.foliot.com\/fr\/wp-json\/wp\/v2\/media\/80963"}],"wp:attachment":[{"href":"https:\/\/www.foliot.com\/fr\/wp-json\/wp\/v2\/media?parent=98296"}],"curies":[{"name":"wp","href":"https:\/\/api.w.org\/{rel}","templated":true}]}}