{"id":98531,"date":"2024-01-24T21:14:13","date_gmt":"2024-01-25T02:14:13","guid":{"rendered":"https:\/\/www.foliot.com\/?page_id=98531"},"modified":"2024-01-24T21:14:16","modified_gmt":"2024-01-25T02:14:16","slug":"contemporary","status":"publish","type":"page","link":"https:\/\/www.foliot.com\/fr\/decouvrez-camps\/aire-commune\/sofas\/contemporary\/","title":{"rendered":"Contemporary"},"content":{"rendered":"<div class=\"alignfull\">\n    <!-- Root element of PhotoSwipe. Must have class pswp. -->\n    <div class=\"pswp\" tabindex=\"-1\" role=\"dialog\" aria-hidden=\"true\">\n\n        <!-- Background of PhotoSwipe. \n            It's a separate element as animating opacity is faster than rgba(). -->\n        <div class=\"pswp__bg\"><\/div>\n\n        <!-- Slides wrapper with overflow:hidden. -->\n        <div class=\"pswp__scroll-wrap\">\n\n            <!-- Container that holds slides. \n                PhotoSwipe keeps only 3 of them in the DOM to save memory.\n                Don't modify these 3 pswp__item elements, data is added later on. -->\n            <div class=\"pswp__container\">\n                <div class=\"pswp__item\"><\/div>\n                <div class=\"pswp__item\"><\/div>\n                <div class=\"pswp__item\"><\/div>\n            <\/div>\n\n            <!-- Default (PhotoSwipeUI_Default) interface on top of sliding area. Can be changed. -->\n            <div class=\"pswp__ui pswp__ui--hidden\">\n\n                <div class=\"pswp__top-bar\">\n\n                    <!--  Controls are self-explanatory. Order can be changed. -->\n\n                    \n\n                    <button class=\"pswp__button pswp__button--close\" title=\"Close (Esc)\"><\/button>\n                    <!-- \n                    <button class=\"pswp__button pswp__button--zoom\" title=\"Zoom in\/out\"><\/button>\n                     -->\n                    <!-- Preloader demo https:\/\/codepen.io\/dimsemenov\/pen\/yyBWoR -->\n                    <!-- element will get class pswp__preloader--active when preloader is running -->\n                    <div class=\"pswp__preloader\">\n                        <div class=\"pswp__preloader__icn\">\n                        <div class=\"pswp__preloader__cut\">\n                            <div class=\"pswp__preloader__donut\"><\/div>\n                        <\/div>\n                        <\/div>\n                    <\/div>\n                <\/div>\n\n                <div class=\"pswp__share-modal pswp__share-modal--hidden pswp__single-tap\">\n                    <div class=\"pswp__share-tooltip\"><\/div> \n                <\/div>\n\n                <button class=\"pswp__button pswp__button--arrow--left\" title=\"Previous (arrow left)\">\n                <\/button>\n\n                <button class=\"pswp__button pswp__button--arrow--right\" title=\"Next (arrow right)\">\n                <\/button>\n                <div class=\"pswp__counter\"><\/div>\n\n                <div class=\"pswp__caption\">\n                    <div class=\"pswp__caption__center\"><\/div>\n                <\/div>\n\n            <\/div>\n\n        <\/div>\n\n    <\/div>\n<\/div>\n\n<section class=\"photoswipe-gallery photoswipe-gallery--fullwidth alignfull\">\n \n\n  <div class=\"photoswipe-gallery__gallery--fullwidth photoswipe-gallery__gallery\"> \n        <figure itemprop=\"associatedMedia\" itemscope itemtype=\"http:\/\/schema.org\/ImageObject\">\n        <a href=\"https:\/\/www.foliot.com\/wp-content\/uploads\/2021\/06\/Foliot-furniture_contemporary_3.jpg\" data-background=\"#e8e2d5\" data-size=\"1920x1217\" title=\"Foliot-furniture_contemporary_3\">\n            <img decoding=\"async\" src=\"https:\/\/www.foliot.com\/wp-content\/uploads\/2021\/06\/Foliot-furniture_contemporary_3.jpg\" alt=\"Contemporary soft seating collection\" \/>\n            <button class=\"btn__gallery btn--primary\">Voir la galerie<\/button>\n        <\/a>\n    <\/figure>\n\n            <\/div>\n<\/section>\n\n\n<section class=\"rep-and-collection wysiwyg alignwide\">\n\n    <div class=\"rep-and-collection__desc \n        \" >\n                       <h4 class=\"rep-and-collection__collection-name\">Contemporary<\/h4>\n         \n            <div>    \n                    <p>La collection Contemporary propose un style sobre et \u00e9l\u00e9gant qui est mis en valeur par la richesse du bois massif. Les coussins, confectionn\u00e9s sur-mesure par nos artisans,  sont fabriqu\u00e9s avec des tissus et de la mousse de qualit\u00e9 industrielle.<\/p>\n            <\/div>\n    <\/div>\n\n    <div class=\"rep-and-collection__rep\">\n     <div class=\"rep-and-collection__rep__description\">\n      <p>Besoin d&#039;aide pour votre projet,<br>\n      <strong>\n      Communiquez avec Olivier       <\/strong><\/p>\n       <div class=\"rep-and-collection__rep__infos__contact\">\n                 <a class=\"contact__phone\" href=\"tel:(514) 909-2968\"><i class=\"icomoon-rep_phone\"><\/i><span class=\"desktop\">(514) 909-2968<\/span><\/a>\n                          <a class=\"contact__email\" href=\"mailto:obegin@foliot.com\"><i class=\"icomoon-rep_mail\"><\/i><\/a>\n             \n        <\/div>\n    <\/div>\n     <div class=\"rep-and-collection__rep__image\">\n     <img loading=\"lazy\" decoding=\"async\" width=\"150\" height=\"150\" src=\"https:\/\/www.foliot.com\/wp-content\/uploads\/2021\/01\/olivier_begin2-150x150.jpg\" class=\"attachment-thumbnail size-thumbnail wp-post-image\" alt=\"\" \/>    <\/div>\n  <\/div>\n\n<\/section>\n\n\n\n<section class=\"products__listing alignwide\">\n  <div id=\"filter-bar\" class=\"products__grid__filter\">\n  <div class=\"items__count\">\n          \n      <div class=\"facetwp-facet facetwp-facet-facetwp_product_count facetwp-type-pager\" data-name=\"facetwp_product_count\" data-type=\"pager\"><\/div>     \n     \n  <\/div>\n    \n        \n<div class=\"facet-filters__inline\">\n  <div class=\"facetwp-selections\"><\/div><\/div>\n\n        \n<div class=\"filter-actions\">\n    <button class=\"filter-toggle\" aria-expanded=\"false\" aria-label=\"Ouvrir le panneau de filtres\"><span class=\"filter-toggle__label\">Filtres<\/span><i class=\"icomoon-filters\"><\/i><\/button>\n<\/div>\n<div id=\"filter-pannel\" class=\"filter-pannel\">\n<button class=\"filter-reset btn--primary btn--small\" onclick=\"FWP.reset()\">Effacer les filtres<\/button>\n  \n    <button class=\"filter-pannel__close\"><\/button>\n    <div class=\"filter-pannel__inner\">\n \n            <div class=\"filter-pannel__accordeon filter-pannel__accordeon--product_type\" aria-expanded=\"false\">\n    \n      <button class=\"filter-pannel__accordeon__header\"  aria-label=\"\n        Ouvrir l&#039;accord\u00e9on Type         \">\n          <div class=\"filter-pannel__accordeon__title\">Type<\/div>\n          <div class=\"filter-pannel__accordeon__toggle\" >\n            <div class=\"btn-inner\">\n              <i class=\"down-arrow\"><\/i>\n            <\/div>\n          <\/div>\n        <\/button>\n        <div class=\"filter-pannel__accordeon__content\">\n          <div class=\"facetwp-facet facetwp-facet-fwp_product_types facetwp-type-checkboxes\" data-name=\"fwp_product_types\" data-type=\"checkboxes\"><\/div>        <\/div>\n      <\/div>\n            <div class=\"filter-pannel__accordeon filter-pannel__accordeon--area\" aria-expanded=\"false\">\n    \n      <button class=\"filter-pannel__accordeon__header\"  aria-label=\"\n        Ouvrir l&#039;accord\u00e9on Lieu         \">\n          <div class=\"filter-pannel__accordeon__title\">Lieu<\/div>\n          <div class=\"filter-pannel__accordeon__toggle\" >\n            <div class=\"btn-inner\">\n              <i class=\"down-arrow\"><\/i>\n            <\/div>\n          <\/div>\n        <\/button>\n        <div class=\"filter-pannel__accordeon__content\">\n          <div class=\"facetwp-facet facetwp-facet-facetwp_areas_filters facetwp-type-checkboxes\" data-name=\"facetwp_areas_filters\" data-type=\"checkboxes\"><\/div>        <\/div>\n      <\/div>\n         \n    <\/div>\n  <\/div>\n     \n<\/div>\n<div class=\"products__grid facetwp-template\">\n\n          \n      \n<a href=\"https:\/\/www.foliot.com\/fr\/produits\/causeuse-contemporaine-dsbls-201s\/\" class=\"product__item\" data-product=\"{&quot;types&quot;:&quot;&quot;,&quot;rating&quot;:&quot;-&quot;,&quot;description&quot;:&quot;&quot;,&quot;dimensions&quot;:{&quot;in&quot;:{&quot;depth&quot;:&quot;31.00&quot;,&quot;height&quot;:&quot;33.00&quot;,&quot;width&quot;:&quot;51.00&quot;},&quot;cm&quot;:{&quot;depth&quot;:79,&quot;height&quot;:84,&quot;width&quot;:130}},&quot;image&quot;:&quot;https:\\\/\\\/www.foliot.com\\\/wp-content\\\/uploads\\\/2021\\\/05\\\/FG_DSBLS-201S_Front-1.jpg&quot;,&quot;code&quot;:&quot;DSBLS-201S&quot;,&quot;id&quot;:47765}\" >\n  <div class=\"product__image\">\n    <div class=\"product__actions\">\n     <div id=\"compare-actions-DSBLS-201S\" class=\"product__actions__compare\">\n    <\/div>\n    <\/div>\n\n      <img loading=\"lazy\" decoding=\"async\" width=\"900\" height=\"900\" src=\"https:\/\/www.foliot.com\/wp-content\/uploads\/2021\/05\/FG_DSBLS-201S_Front-1.jpg\" class=\"attachment-large size-large\" alt=\"\" \/>  \n      <div class=\"product__image__hover\">\n    <img loading=\"lazy\" decoding=\"async\" width=\"900\" height=\"900\" src=\"https:\/\/www.foliot.com\/wp-content\/uploads\/2021\/05\/FG_DSBLS-201S.jpg\" class=\"attachment-large size-large\" alt=\"\" \/>    <\/div>\n    \n\n  <\/div>\n  <div class=\"product__desc\">\n    <div class=\"product__desc__top\">\n      <div class=\"product__desc__top__left\">\n                          <p class=\"product__name\">Causeuse Contemporaine<\/p>\n                          <p class=\"product__code\">DSBLS-201S<\/p>\n              <\/div>\n      <div class=\"product__desc__top__right\">\n                \n  <button class=\"add-to__btn add-to__btn--wishlist add-to-wishlist-btn product\"\n    data-item_id=\"47765\"\n    data-item_name=\"Causeuse Contemporaine\"\n    data-type=\"product\"\n    title=\"Ajouter aux favoris\"\n    id=\"wish-47765\">\n    \n  <i class=\"icon add-to-wishlist product\"><\/i>\n\n  <span class=\"sr-only\">\n    Ajouter Causeuse Contemporaine-DSBLS-201S \u00e0 mes favoris  <\/span>\n  <\/button>\n\n      <\/div>\n    <\/div>\n    <div class=\"product__desc__bottom\">\n          <p class=\"product__manufacturer\">44132<\/p>\n        <\/div>\n\n  <\/div>\n<\/a>\n        \n      \n<a href=\"https:\/\/www.foliot.com\/fr\/produits\/chaise-contemporary-dsbls-101s\/\" class=\"product__item\" data-product=\"{&quot;types&quot;:&quot;&quot;,&quot;rating&quot;:&quot;-&quot;,&quot;description&quot;:&quot;&quot;,&quot;dimensions&quot;:{&quot;in&quot;:{&quot;depth&quot;:&quot;31.00&quot;,&quot;height&quot;:&quot;33.00&quot;,&quot;width&quot;:&quot;27.00&quot;},&quot;cm&quot;:{&quot;depth&quot;:79,&quot;height&quot;:84,&quot;width&quot;:69}},&quot;image&quot;:&quot;https:\\\/\\\/www.foliot.com\\\/wp-content\\\/uploads\\\/2021\\\/05\\\/FG_DSBLS-101S_Front.jpg&quot;,&quot;code&quot;:&quot;DSBLS-101S&quot;,&quot;id&quot;:47777}\" >\n  <div class=\"product__image\">\n    <div class=\"product__actions\">\n     <div id=\"compare-actions-DSBLS-101S\" class=\"product__actions__compare\">\n    <\/div>\n    <\/div>\n\n      <img loading=\"lazy\" decoding=\"async\" width=\"900\" height=\"900\" src=\"https:\/\/www.foliot.com\/wp-content\/uploads\/2021\/05\/FG_DSBLS-101S_Front.jpg\" class=\"attachment-large size-large\" alt=\"\" \/>  \n      <div class=\"product__image__hover\">\n    <img loading=\"lazy\" decoding=\"async\" width=\"900\" height=\"900\" src=\"https:\/\/www.foliot.com\/wp-content\/uploads\/2021\/05\/FG_DSBLS-101S.jpg\" class=\"attachment-large size-large\" alt=\"\" \/>    <\/div>\n    \n\n  <\/div>\n  <div class=\"product__desc\">\n    <div class=\"product__desc__top\">\n      <div class=\"product__desc__top__left\">\n                          <p class=\"product__name\">Fauteuil Contemporary<\/p>\n                          <p class=\"product__code\">DSBLS-101S<\/p>\n              <\/div>\n      <div class=\"product__desc__top__right\">\n                \n  <button class=\"add-to__btn add-to__btn--wishlist add-to-wishlist-btn product\"\n    data-item_id=\"47777\"\n    data-item_name=\"Fauteuil Contemporary\"\n    data-type=\"product\"\n    title=\"Ajouter aux favoris\"\n    id=\"wish-47777\">\n    \n  <i class=\"icon add-to-wishlist product\"><\/i>\n\n  <span class=\"sr-only\">\n    Ajouter Fauteuil Contemporary-DSBLS-101S \u00e0 mes favoris  <\/span>\n  <\/button>\n\n      <\/div>\n    <\/div>\n    <div class=\"product__desc__bottom\">\n          <p class=\"product__manufacturer\">44132<\/p>\n        <\/div>\n\n  <\/div>\n<\/a>\n        \n      \n<a href=\"https:\/\/www.foliot.com\/fr\/produits\/canape-contemporain-dsbls-301s\/\" class=\"product__item\" data-product=\"{&quot;types&quot;:&quot;&quot;,&quot;rating&quot;:&quot;-&quot;,&quot;description&quot;:&quot;&quot;,&quot;dimensions&quot;:{&quot;in&quot;:{&quot;depth&quot;:&quot;31.00&quot;,&quot;height&quot;:&quot;33.00&quot;,&quot;width&quot;:&quot;75.00&quot;},&quot;cm&quot;:{&quot;depth&quot;:79,&quot;height&quot;:84,&quot;width&quot;:191}},&quot;image&quot;:&quot;https:\\\/\\\/www.foliot.com\\\/wp-content\\\/uploads\\\/2021\\\/05\\\/FG_DSBLS-301S_Front.jpg&quot;,&quot;code&quot;:&quot;DSBLS-301S&quot;,&quot;id&quot;:47807}\" >\n  <div class=\"product__image\">\n    <div class=\"product__actions\">\n     <div id=\"compare-actions-DSBLS-301S\" class=\"product__actions__compare\">\n    <\/div>\n    <\/div>\n\n      <img loading=\"lazy\" decoding=\"async\" width=\"900\" height=\"900\" src=\"https:\/\/www.foliot.com\/wp-content\/uploads\/2021\/05\/FG_DSBLS-301S_Front.jpg\" class=\"attachment-large size-large\" alt=\"\" \/>  \n      <div class=\"product__image__hover\">\n    <img loading=\"lazy\" decoding=\"async\" width=\"900\" height=\"900\" src=\"https:\/\/www.foliot.com\/wp-content\/uploads\/2021\/05\/FG_DSBLS-301S.jpg\" class=\"attachment-large size-large\" alt=\"\" \/>    <\/div>\n    \n\n  <\/div>\n  <div class=\"product__desc\">\n    <div class=\"product__desc__top\">\n      <div class=\"product__desc__top__left\">\n                          <p class=\"product__name\">Canap\u00e9 Contemporain<\/p>\n                          <p class=\"product__code\">DSBLS-301S<\/p>\n              <\/div>\n      <div class=\"product__desc__top__right\">\n                \n  <button class=\"add-to__btn add-to__btn--wishlist add-to-wishlist-btn product\"\n    data-item_id=\"47807\"\n    data-item_name=\"Canap\u00e9 Contemporain\"\n    data-type=\"product\"\n    title=\"Ajouter aux favoris\"\n    id=\"wish-47807\">\n    \n  <i class=\"icon add-to-wishlist product\"><\/i>\n\n  <span class=\"sr-only\">\n    Ajouter Canap\u00e9 Contemporain-DSBLS-301S \u00e0 mes favoris  <\/span>\n  <\/button>\n\n      <\/div>\n    <\/div>\n    <div class=\"product__desc__bottom\">\n          <p class=\"product__manufacturer\">44132<\/p>\n        <\/div>\n\n  <\/div>\n<\/a>\n   \n\n\n<\/div>   \n\n<div class=\"facetwp-facet facetwp-facet-facetwp_loadmore facetwp-type-pager\" data-name=\"facetwp_loadmore\" data-type=\"pager\"><\/div>\n<div class=\"popup popup--project\">\n  <div class=\"popup__overlay\"><\/div>\n  <div class=\"popup__flex-container\">\n    <div class=\"popup__inner\">\n\n    <\/div>\n  <\/div>\n<\/div>\n\n<script type=\"text\/tmpl\" id=\"tmpl-add-to-project\">\n\n<button id=\"popup-close\"><\/button>\n<div class=\"popup--project__item__image\">\n  <img decoding=\"async\" src=\"{{ data.image }}\" alt=\"\">\n<\/div>\n<h3 class=\"popup--project__title\">Ajouter \u00e0 un projet<\/h3>\n<input type=\"text\" placeholder=\"Rechercher\"\n       class=\"popup--project__search\" id=\"popup-project-search\">\n<div id=\"projects-list\" class=\"popup--project__projects\">\n  \n<\/div>\n<div class=\"popup--project__create\">\n  <button class=\"project__newitem__add\"><span><\/span><span><\/span><\/button>\n  <div class=\"project__newitem__content\">\n    <label class=\"project__newitem__placeholer\" for=\"new-item-{{data.id}}\">\n      Create a project    <\/label>\n    <div class=\"project__newitem__container\">\n      <input id=\"new-item-{{data.id}}\" class=\"project__newitem__title\" type=\"text\" placeholder=\"Enter a name\">\n      <button class=\"project__newitem__save\">Enregistrer<span\n            class=\"sr-only\">[Item name] to [project name]<\/span><\/button>\n    <\/div>\n  <\/div>\n<\/div>\n<\/script>\n\n<script type=\"text\/tmpl\" id=\"tmpl-project-item\">\n<div class=\"project__item\">\n  <div class=\"project__item__inner\">\n    <div class=\"project__item__avatar\"\n         style=\"background-image:url(https:\/\/www.foliot.com\/wp-content\/themes\/foliot.com\/dist\/images\/defaults\/default.jpg)\"><\/div>\n    <p class=\"project__item__name\">{{ data.project_title }}<\/p>\n  <\/div>\n  <button class=\"project__item__save\"\n          data-project-id=\"{{ data.project_id }}\"\n  >\n    Enregistrer    <span class=\"sr-only\">[Item name] to [project name]<\/span\n  <\/button>\n<\/div>\n<\/script>\n<\/section>\n","protected":false},"excerpt":{"rendered":"","protected":false},"author":33,"featured_media":0,"parent":98281,"menu_order":0,"comment_status":"closed","ping_status":"closed","template":"template-without-header.php","meta":{"content-type":"","_relevanssi_hide_post":"","_relevanssi_hide_content":"","_relevanssi_pin_for_all":"","_relevanssi_pin_keywords":"","_relevanssi_unpin_keywords":"","_relevanssi_related_keywords":"","_relevanssi_related_include_ids":"","_relevanssi_related_exclude_ids":"","_relevanssi_related_no_append":"","_relevanssi_related_not_related":"","_relevanssi_related_posts":"","_relevanssi_noindex_reason":"","footnotes":""},"acf":[],"_links":{"self":[{"href":"https:\/\/www.foliot.com\/fr\/wp-json\/wp\/v2\/pages\/98531"}],"collection":[{"href":"https:\/\/www.foliot.com\/fr\/wp-json\/wp\/v2\/pages"}],"about":[{"href":"https:\/\/www.foliot.com\/fr\/wp-json\/wp\/v2\/types\/page"}],"author":[{"embeddable":true,"href":"https:\/\/www.foliot.com\/fr\/wp-json\/wp\/v2\/users\/33"}],"replies":[{"embeddable":true,"href":"https:\/\/www.foliot.com\/fr\/wp-json\/wp\/v2\/comments?post=98531"}],"version-history":[{"count":1,"href":"https:\/\/www.foliot.com\/fr\/wp-json\/wp\/v2\/pages\/98531\/revisions"}],"predecessor-version":[{"id":98536,"href":"https:\/\/www.foliot.com\/fr\/wp-json\/wp\/v2\/pages\/98531\/revisions\/98536"}],"up":[{"embeddable":true,"href":"https:\/\/www.foliot.com\/fr\/wp-json\/wp\/v2\/pages\/98281"}],"wp:attachment":[{"href":"https:\/\/www.foliot.com\/fr\/wp-json\/wp\/v2\/media?parent=98531"}],"curies":[{"name":"wp","href":"https:\/\/api.w.org\/{rel}","templated":true}]}}