{"id":99176,"date":"2023-12-12T02:36:23","date_gmt":"2023-12-12T07:36:23","guid":{"rendered":"https:\/\/www.foliot.com\/decouvrez-hebergement-temporaire\/common-area\/ottomans\/"},"modified":"2024-01-25T14:34:30","modified_gmt":"2024-01-25T19:34:30","slug":"ottomans","status":"publish","type":"page","link":"https:\/\/www.foliot.com\/fr\/decouvrez-le-mobilier-pour-logement-temporaire\/aire-commune\/ottomans\/","title":{"rendered":"Ottomans"},"content":{"rendered":"\n<p class=\"has-text-align-center is-style-intro has-large-font-size\">Les ottomans Foliot offrent une alternative polyvalente si vous souhaitez ajouter quelques places assises \u00e0 votre milieu de vie. En plus d\u2019\u00eatre des si\u00e8ges l\u00e9gers et confortables, il est aussi possible de les utiliser comme repose-pieds ou de leur ajouter un dessus en stratifi\u00e9 pour les convertir en jolies table basses.<\/p>\n\n\n\n<section class=\"products__listing alignwide\">\n  <div id=\"filter-bar\" class=\"products__grid__filter\">\n  <div class=\"items__count\">\n          \n      <div class=\"facetwp-facet facetwp-facet-facetwp_product_count facetwp-type-pager\" data-name=\"facetwp_product_count\" data-type=\"pager\"><\/div>     \n     \n  <\/div>\n    \n        \n<div class=\"facet-filters__inline\">\n  <div class=\"facetwp-selections\"><\/div><\/div>\n\n        \n<div class=\"filter-actions\">\n    <button class=\"filter-toggle\" aria-expanded=\"false\" aria-label=\"Ouvrir le panneau de filtres\"><span class=\"filter-toggle__label\">Filtres<\/span><i class=\"icomoon-filters\"><\/i><\/button>\n<\/div>\n<div id=\"filter-pannel\" class=\"filter-pannel\">\n<button class=\"filter-reset btn--primary btn--small\" onclick=\"FWP.reset()\">Effacer les filtres<\/button>\n  \n    <button class=\"filter-pannel__close\"><\/button>\n    <div class=\"filter-pannel__inner\">\n \n            <div class=\"filter-pannel__accordeon filter-pannel__accordeon--product_type\" aria-expanded=\"false\">\n    \n      <button class=\"filter-pannel__accordeon__header\"  aria-label=\"\n        Ouvrir l&#039;accord\u00e9on Type         \">\n          <div class=\"filter-pannel__accordeon__title\">Type<\/div>\n          <div class=\"filter-pannel__accordeon__toggle\" >\n            <div class=\"btn-inner\">\n              <i class=\"down-arrow\"><\/i>\n            <\/div>\n          <\/div>\n        <\/button>\n        <div class=\"filter-pannel__accordeon__content\">\n          <div class=\"facetwp-facet facetwp-facet-fwp_product_types facetwp-type-checkboxes\" data-name=\"fwp_product_types\" data-type=\"checkboxes\"><\/div>        <\/div>\n      <\/div>\n            <div class=\"filter-pannel__accordeon filter-pannel__accordeon--collections\" aria-expanded=\"false\">\n    \n      <button class=\"filter-pannel__accordeon__header\"  aria-label=\"\n        Ouvrir l&#039;accord\u00e9on Marque \/ Collection         \">\n          <div class=\"filter-pannel__accordeon__title\">Marque \/ Collection<\/div>\n          <div class=\"filter-pannel__accordeon__toggle\" >\n            <div class=\"btn-inner\">\n              <i class=\"down-arrow\"><\/i>\n            <\/div>\n          <\/div>\n        <\/button>\n        <div class=\"filter-pannel__accordeon__content\">\n          <div class=\"facetwp-facet facetwp-facet-facetwp_product_collections facetwp-type-checkboxes\" data-name=\"facetwp_product_collections\" data-type=\"checkboxes\"><\/div>        <\/div>\n      <\/div>\n         \n    <\/div>\n  <\/div>\n     \n<\/div>\n<div class=\"products__grid facetwp-template\">\n\n          \n      \n<a href=\"https:\/\/www.foliot.com\/fr\/produits\/ottoman-rectangulaire-avec-surface-lamine-dgnus-012s\/\" class=\"product__item\" data-product=\"{&quot;types&quot;:&quot;&quot;,&quot;rating&quot;:&quot;-&quot;,&quot;description&quot;:&quot;&quot;,&quot;dimensions&quot;:{&quot;in&quot;:{&quot;depth&quot;:&quot;22.00&quot;,&quot;height&quot;:&quot;18.00&quot;,&quot;width&quot;:&quot;42.00&quot;},&quot;cm&quot;:{&quot;depth&quot;:56,&quot;height&quot;:46,&quot;width&quot;:107}},&quot;image&quot;:&quot;https:\\\/\\\/www.foliot.com\\\/wp-content\\\/uploads\\\/2021\\\/05\\\/FG_DGNUS-012S.jpg&quot;,&quot;code&quot;:&quot;DGNUS-012S&quot;,&quot;id&quot;:44332}\" >\n  <div class=\"product__image\">\n    <div class=\"product__actions\">\n     <div id=\"compare-actions-DGNUS-012S\" class=\"product__actions__compare\">\n    <\/div>\n    <\/div>\n\n      <img loading=\"lazy\" decoding=\"async\" width=\"900\" height=\"900\" src=\"https:\/\/www.foliot.com\/wp-content\/uploads\/2021\/05\/FG_DGNUS-012S.jpg\" class=\"attachment-large size-large wp-post-image\" alt=\"\" \/>  \n      <div class=\"product__image__hover\">\n    <img loading=\"lazy\" decoding=\"async\" width=\"900\" height=\"900\" src=\"https:\/\/www.foliot.com\/wp-content\/uploads\/2021\/05\/FG_DGNUS-012S.jpg\" class=\"attachment-large size-large\" alt=\"\" \/>    <\/div>\n    \n\n  <\/div>\n  <div class=\"product__desc\">\n    <div class=\"product__desc__top\">\n      <div class=\"product__desc__top__left\">\n                          <p class=\"product__name\">Ottoman Rectangulaire Avec Surface Lamin\u00e9e<\/p>\n                          <p class=\"product__code\">DGNUS-012S<\/p>\n              <\/div>\n      <div class=\"product__desc__top__right\">\n                \n  <button class=\"add-to__btn add-to__btn--wishlist add-to-wishlist-btn product\"\n    data-item_id=\"44332\"\n    data-item_name=\"Ottoman Rectangulaire Avec Surface Lamin\u00e9e\"\n    data-type=\"product\"\n    title=\"Ajouter aux favoris\"\n    id=\"wish-44332\">\n    \n  <i class=\"icon add-to-wishlist product\"><\/i>\n\n  <span class=\"sr-only\">\n    Ajouter Ottoman Rectangulaire Avec Surface Lamin\u00e9e-DGNUS-012S \u00e0 mes favoris  <\/span>\n  <\/button>\n\n      <\/div>\n    <\/div>\n    <div class=\"product__desc__bottom\">\n          <p class=\"product__manufacturer\">44132<\/p>\n        <\/div>\n\n  <\/div>\n<\/a>\n        \n      \n<a href=\"https:\/\/www.foliot.com\/fr\/produits\/ottoman-rond-dgnus-017s\/\" class=\"product__item\" data-product=\"{&quot;types&quot;:&quot;&quot;,&quot;rating&quot;:&quot;-&quot;,&quot;description&quot;:&quot;&quot;,&quot;dimensions&quot;:{&quot;in&quot;:{&quot;depth&quot;:&quot;18.00&quot;,&quot;height&quot;:&quot;18.00&quot;,&quot;width&quot;:&quot;18.00&quot;},&quot;cm&quot;:{&quot;depth&quot;:46,&quot;height&quot;:46,&quot;width&quot;:46}},&quot;image&quot;:&quot;https:\\\/\\\/www.foliot.com\\\/wp-content\\\/uploads\\\/2021\\\/05\\\/FG_DGNUS-017S_Front.jpg&quot;,&quot;code&quot;:&quot;DGNUS-017S&quot;,&quot;id&quot;:44344}\" >\n  <div class=\"product__image\">\n    <div class=\"product__actions\">\n     <div id=\"compare-actions-DGNUS-017S\" class=\"product__actions__compare\">\n    <\/div>\n    <\/div>\n\n      <img loading=\"lazy\" decoding=\"async\" width=\"900\" height=\"900\" src=\"https:\/\/www.foliot.com\/wp-content\/uploads\/2021\/05\/FG_DGNUS-017S_Front.jpg\" class=\"attachment-large size-large\" alt=\"\" \/>  \n     \n\n  <\/div>\n  <div class=\"product__desc\">\n    <div class=\"product__desc__top\">\n      <div class=\"product__desc__top__left\">\n                          <p class=\"product__name\">Ottoman Rond<\/p>\n                          <p class=\"product__code\">DGNUS-017S<\/p>\n              <\/div>\n      <div class=\"product__desc__top__right\">\n                \n  <button class=\"add-to__btn add-to__btn--wishlist add-to-wishlist-btn product\"\n    data-item_id=\"44344\"\n    data-item_name=\"Ottoman Rond\"\n    data-type=\"product\"\n    title=\"Ajouter aux favoris\"\n    id=\"wish-44344\">\n    \n  <i class=\"icon add-to-wishlist product\"><\/i>\n\n  <span class=\"sr-only\">\n    Ajouter Ottoman Rond-DGNUS-017S \u00e0 mes favoris  <\/span>\n  <\/button>\n\n      <\/div>\n    <\/div>\n    <div class=\"product__desc__bottom\">\n          <p class=\"product__manufacturer\">44132<\/p>\n        <\/div>\n\n  <\/div>\n<\/a>\n        \n      \n<a href=\"https:\/\/www.foliot.com\/fr\/produits\/ottoman-tomeo-dtmus-001s\/\" class=\"product__item\" data-product=\"{&quot;types&quot;:&quot;&quot;,&quot;rating&quot;:&quot;-&quot;,&quot;description&quot;:&quot;&quot;,&quot;dimensions&quot;:{&quot;in&quot;:{&quot;depth&quot;:&quot;31.00&quot;,&quot;height&quot;:&quot;18.00&quot;,&quot;width&quot;:&quot;31.00&quot;},&quot;cm&quot;:{&quot;depth&quot;:79,&quot;height&quot;:46,&quot;width&quot;:79}},&quot;image&quot;:&quot;https:\\\/\\\/www.foliot.com\\\/wp-content\\\/uploads\\\/2021\\\/05\\\/FG_DTMUS-001S.jpg&quot;,&quot;code&quot;:&quot;DTMUS-001S&quot;,&quot;id&quot;:44394}\" >\n  <div class=\"product__image\">\n    <div class=\"product__actions\">\n     <div id=\"compare-actions-DTMUS-001S\" class=\"product__actions__compare\">\n    <\/div>\n    <\/div>\n\n      <img loading=\"lazy\" decoding=\"async\" width=\"900\" height=\"900\" src=\"https:\/\/www.foliot.com\/wp-content\/uploads\/2021\/05\/FG_DTMUS-001S.jpg\" class=\"attachment-large size-large wp-post-image\" alt=\"\" \/>  \n      <div class=\"product__image__hover\">\n    <img loading=\"lazy\" decoding=\"async\" width=\"900\" height=\"900\" src=\"https:\/\/www.foliot.com\/wp-content\/uploads\/2021\/05\/FG_DTMUS-001S.jpg\" class=\"attachment-large size-large\" alt=\"\" \/>    <\/div>\n    \n\n  <\/div>\n  <div class=\"product__desc\">\n    <div class=\"product__desc__top\">\n      <div class=\"product__desc__top__left\">\n                          <p class=\"product__name\">Ottoman Tomeo<\/p>\n                          <p class=\"product__code\">DTMUS-001S<\/p>\n              <\/div>\n      <div class=\"product__desc__top__right\">\n                \n  <button class=\"add-to__btn add-to__btn--wishlist add-to-wishlist-btn product\"\n    data-item_id=\"44394\"\n    data-item_name=\"Ottoman Tomeo\"\n    data-type=\"product\"\n    title=\"Ajouter aux favoris\"\n    id=\"wish-44394\">\n    \n  <i class=\"icon add-to-wishlist product\"><\/i>\n\n  <span class=\"sr-only\">\n    Ajouter Ottoman Tomeo-DTMUS-001S \u00e0 mes favoris  <\/span>\n  <\/button>\n\n      <\/div>\n    <\/div>\n    <div class=\"product__desc__bottom\">\n          <p class=\"product__manufacturer\">44132<\/p>\n        <\/div>\n\n  <\/div>\n<\/a>\n        \n      \n<a href=\"https:\/\/www.foliot.com\/fr\/produits\/ottoman-laguna-dlaus-019s\/\" class=\"product__item\" data-product=\"{&quot;types&quot;:&quot;&quot;,&quot;rating&quot;:&quot;-&quot;,&quot;description&quot;:&quot;&quot;,&quot;dimensions&quot;:{&quot;in&quot;:{&quot;depth&quot;:&quot;36.00&quot;,&quot;height&quot;:&quot;18.00&quot;,&quot;width&quot;:&quot;31.00&quot;},&quot;cm&quot;:{&quot;depth&quot;:91,&quot;height&quot;:46,&quot;width&quot;:79}},&quot;image&quot;:&quot;https:\\\/\\\/www.foliot.com\\\/wp-content\\\/uploads\\\/2021\\\/05\\\/FG_DLAUS-019S_Front.jpg&quot;,&quot;code&quot;:&quot;DLAUS-019S&quot;,&quot;id&quot;:44412}\" >\n  <div class=\"product__image\">\n    <div class=\"product__actions\">\n     <div id=\"compare-actions-DLAUS-019S\" class=\"product__actions__compare\">\n    <\/div>\n    <\/div>\n\n      <img loading=\"lazy\" decoding=\"async\" width=\"900\" height=\"900\" src=\"https:\/\/www.foliot.com\/wp-content\/uploads\/2021\/05\/FG_DLAUS-019S_Front.jpg\" class=\"attachment-large size-large\" alt=\"\" \/>  \n      <div class=\"product__image__hover\">\n    <img loading=\"lazy\" decoding=\"async\" width=\"900\" height=\"900\" src=\"https:\/\/www.foliot.com\/wp-content\/uploads\/2021\/05\/FG_DLAUS-019S.jpg\" class=\"attachment-large size-large\" alt=\"\" \/>    <\/div>\n    \n\n  <\/div>\n  <div class=\"product__desc\">\n    <div class=\"product__desc__top\">\n      <div class=\"product__desc__top__left\">\n                          <p class=\"product__name\">Ottoman Laguna<\/p>\n                          <p class=\"product__code\">DLAUS-019S<\/p>\n              <\/div>\n      <div class=\"product__desc__top__right\">\n                \n  <button class=\"add-to__btn add-to__btn--wishlist add-to-wishlist-btn product\"\n    data-item_id=\"44412\"\n    data-item_name=\"Ottoman Laguna\"\n    data-type=\"product\"\n    title=\"Ajouter aux favoris\"\n    id=\"wish-44412\">\n    \n  <i class=\"icon add-to-wishlist product\"><\/i>\n\n  <span class=\"sr-only\">\n    Ajouter Ottoman Laguna-DLAUS-019S \u00e0 mes favoris  <\/span>\n  <\/button>\n\n      <\/div>\n    <\/div>\n    <div class=\"product__desc__bottom\">\n          <p class=\"product__manufacturer\">44132<\/p>\n        <\/div>\n\n  <\/div>\n<\/a>\n        \n      \n<a href=\"https:\/\/www.foliot.com\/fr\/produits\/ottoman-carre-avec-surface-lamine-dgnus-036s\/\" class=\"product__item\" data-product=\"{&quot;types&quot;:&quot;&quot;,&quot;rating&quot;:&quot;-&quot;,&quot;description&quot;:&quot;&quot;,&quot;dimensions&quot;:{&quot;in&quot;:{&quot;depth&quot;:&quot;24.00&quot;,&quot;height&quot;:&quot;18.00&quot;,&quot;width&quot;:&quot;24.00&quot;},&quot;cm&quot;:{&quot;depth&quot;:61,&quot;height&quot;:46,&quot;width&quot;:61}},&quot;image&quot;:&quot;https:\\\/\\\/www.foliot.com\\\/wp-content\\\/uploads\\\/2021\\\/07\\\/FG_DGNUS-036S_Front-1.jpg&quot;,&quot;code&quot;:&quot;DGNUS-036S&quot;,&quot;id&quot;:44416}\" >\n  <div class=\"product__image\">\n    <div class=\"product__actions\">\n     <div id=\"compare-actions-DGNUS-036S\" class=\"product__actions__compare\">\n    <\/div>\n    <\/div>\n\n      <img loading=\"lazy\" decoding=\"async\" width=\"900\" height=\"900\" src=\"https:\/\/www.foliot.com\/wp-content\/uploads\/2021\/07\/FG_DGNUS-036S_Front-1.jpg\" class=\"attachment-large size-large\" alt=\"\" \/>  \n      <div class=\"product__image__hover\">\n    <img loading=\"lazy\" decoding=\"async\" width=\"900\" height=\"900\" src=\"https:\/\/www.foliot.com\/wp-content\/uploads\/2021\/07\/FG_DGNUS-036S-2.jpg\" class=\"attachment-large size-large\" alt=\"\" \/>    <\/div>\n    \n\n  <\/div>\n  <div class=\"product__desc\">\n    <div class=\"product__desc__top\">\n      <div class=\"product__desc__top__left\">\n                          <p class=\"product__name\">Ottoman Carr\u00e9 Avec Surface Lamin\u00e9e<\/p>\n                          <p class=\"product__code\">DGNUS-036S<\/p>\n              <\/div>\n      <div class=\"product__desc__top__right\">\n                \n  <button class=\"add-to__btn add-to__btn--wishlist add-to-wishlist-btn product\"\n    data-item_id=\"44416\"\n    data-item_name=\"Ottoman Carr\u00e9 Avec Surface Lamin\u00e9e\"\n    data-type=\"product\"\n    title=\"Ajouter aux favoris\"\n    id=\"wish-44416\">\n    \n  <i class=\"icon add-to-wishlist product\"><\/i>\n\n  <span class=\"sr-only\">\n    Ajouter Ottoman Carr\u00e9 Avec Surface Lamin\u00e9e-DGNUS-036S \u00e0 mes favoris  <\/span>\n  <\/button>\n\n      <\/div>\n    <\/div>\n    <div class=\"product__desc__bottom\">\n          <p class=\"product__manufacturer\">44132<\/p>\n        <\/div>\n\n  <\/div>\n<\/a>\n        \n      \n<a href=\"https:\/\/www.foliot.com\/fr\/produits\/ottoman-rond-avec-surface-lamine-dgnus-033s\/\" class=\"product__item\" data-product=\"{&quot;types&quot;:&quot;&quot;,&quot;rating&quot;:&quot;-&quot;,&quot;description&quot;:&quot;&quot;,&quot;dimensions&quot;:{&quot;in&quot;:{&quot;depth&quot;:&quot;30.00&quot;,&quot;height&quot;:&quot;18.00&quot;,&quot;width&quot;:&quot;30.00&quot;},&quot;cm&quot;:{&quot;depth&quot;:76,&quot;height&quot;:46,&quot;width&quot;:76}},&quot;image&quot;:&quot;https:\\\/\\\/www.foliot.com\\\/wp-content\\\/uploads\\\/2021\\\/05\\\/FG_DGNUS-033S.jpg&quot;,&quot;code&quot;:&quot;DGNUS-033S&quot;,&quot;id&quot;:44420}\" >\n  <div class=\"product__image\">\n    <div class=\"product__actions\">\n     <div id=\"compare-actions-DGNUS-033S\" class=\"product__actions__compare\">\n    <\/div>\n    <\/div>\n\n      <img loading=\"lazy\" decoding=\"async\" width=\"900\" height=\"900\" src=\"https:\/\/www.foliot.com\/wp-content\/uploads\/2021\/05\/FG_DGNUS-033S.jpg\" class=\"attachment-large size-large wp-post-image\" alt=\"\" \/>  \n      <div class=\"product__image__hover\">\n    <img loading=\"lazy\" decoding=\"async\" width=\"900\" height=\"900\" src=\"https:\/\/www.foliot.com\/wp-content\/uploads\/2021\/05\/FG_DGNUS-033S.jpg\" class=\"attachment-large size-large\" alt=\"\" \/>    <\/div>\n    \n\n  <\/div>\n  <div class=\"product__desc\">\n    <div class=\"product__desc__top\">\n      <div class=\"product__desc__top__left\">\n                          <p class=\"product__name\">Ottoman Rond Avec Surface Lamin\u00e9e<\/p>\n                          <p class=\"product__code\">DGNUS-033S<\/p>\n              <\/div>\n      <div class=\"product__desc__top__right\">\n                \n  <button class=\"add-to__btn add-to__btn--wishlist add-to-wishlist-btn product\"\n    data-item_id=\"44420\"\n    data-item_name=\"Ottoman Rond Avec Surface Lamin\u00e9e\"\n    data-type=\"product\"\n    title=\"Ajouter aux favoris\"\n    id=\"wish-44420\">\n    \n  <i class=\"icon add-to-wishlist product\"><\/i>\n\n  <span class=\"sr-only\">\n    Ajouter Ottoman Rond Avec Surface Lamin\u00e9e-DGNUS-033S \u00e0 mes favoris  <\/span>\n  <\/button>\n\n      <\/div>\n    <\/div>\n    <div class=\"product__desc__bottom\">\n          <p class=\"product__manufacturer\">44132<\/p>\n        <\/div>\n\n  <\/div>\n<\/a>\n   \n\n\n<\/div>   \n\n<div class=\"facetwp-facet facetwp-facet-facetwp_loadmore facetwp-type-pager\" data-name=\"facetwp_loadmore\" data-type=\"pager\"><\/div>\n<div class=\"popup popup--project\">\n  <div class=\"popup__overlay\"><\/div>\n  <div class=\"popup__flex-container\">\n    <div class=\"popup__inner\">\n\n    <\/div>\n  <\/div>\n<\/div>\n\n<script type=\"text\/tmpl\" id=\"tmpl-add-to-project\">\n\n<button id=\"popup-close\"><\/button>\n<div class=\"popup--project__item__image\">\n  <img decoding=\"async\" src=\"{{ data.image }}\" alt=\"\">\n<\/div>\n<h3 class=\"popup--project__title\">Ajouter \u00e0 un projet<\/h3>\n<input type=\"text\" placeholder=\"Rechercher\"\n       class=\"popup--project__search\" id=\"popup-project-search\">\n<div id=\"projects-list\" class=\"popup--project__projects\">\n  \n<\/div>\n<div class=\"popup--project__create\">\n  <button class=\"project__newitem__add\"><span><\/span><span><\/span><\/button>\n  <div class=\"project__newitem__content\">\n    <label class=\"project__newitem__placeholer\" for=\"new-item-{{data.id}}\">\n      Create a project    <\/label>\n    <div class=\"project__newitem__container\">\n      <input id=\"new-item-{{data.id}}\" class=\"project__newitem__title\" type=\"text\" placeholder=\"Enter a name\">\n      <button class=\"project__newitem__save\">Enregistrer<span\n            class=\"sr-only\">[Item name] to [project name]<\/span><\/button>\n    <\/div>\n  <\/div>\n<\/div>\n<\/script>\n\n<script type=\"text\/tmpl\" id=\"tmpl-project-item\">\n<div class=\"project__item\">\n  <div class=\"project__item__inner\">\n    <div class=\"project__item__avatar\"\n         style=\"background-image:url(https:\/\/www.foliot.com\/wp-content\/themes\/foliot.com\/dist\/images\/defaults\/default.jpg)\"><\/div>\n    <p class=\"project__item__name\">{{ data.project_title }}<\/p>\n  <\/div>\n  <button class=\"project__item__save\"\n          data-project-id=\"{{ data.project_id }}\"\n  >\n    Enregistrer    <span class=\"sr-only\">[Item name] to [project name]<\/span\n  <\/button>\n<\/div>\n<\/script>\n<\/section>\n","protected":false},"excerpt":{"rendered":"<p>Les ottomans Foliot offrent une alternative polyvalente si vous souhaitez ajouter quelques places assises \u00e0 votre milieu de vie. En plus d\u2019\u00eatre des si\u00e8ges l\u00e9gers et confortables, il est aussi possible de les utiliser comme repose-pieds ou de leur ajouter un dessus en stratifi\u00e9 pour les convertir en jolies table basses.<\/p>\n","protected":false},"author":33,"featured_media":80728,"parent":98811,"menu_order":0,"comment_status":"closed","ping_status":"closed","template":"","meta":{"content-type":"","_relevanssi_hide_post":"","_relevanssi_hide_content":"","_relevanssi_pin_for_all":"","_relevanssi_pin_keywords":"","_relevanssi_unpin_keywords":"","_relevanssi_related_keywords":"","_relevanssi_related_include_ids":"","_relevanssi_related_exclude_ids":"","_relevanssi_related_no_append":"","_relevanssi_related_not_related":"","_relevanssi_related_posts":"","_relevanssi_noindex_reason":"","footnotes":""},"acf":[],"_links":{"self":[{"href":"https:\/\/www.foliot.com\/fr\/wp-json\/wp\/v2\/pages\/99176"}],"collection":[{"href":"https:\/\/www.foliot.com\/fr\/wp-json\/wp\/v2\/pages"}],"about":[{"href":"https:\/\/www.foliot.com\/fr\/wp-json\/wp\/v2\/types\/page"}],"author":[{"embeddable":true,"href":"https:\/\/www.foliot.com\/fr\/wp-json\/wp\/v2\/users\/33"}],"replies":[{"embeddable":true,"href":"https:\/\/www.foliot.com\/fr\/wp-json\/wp\/v2\/comments?post=99176"}],"version-history":[{"count":5,"href":"https:\/\/www.foliot.com\/fr\/wp-json\/wp\/v2\/pages\/99176\/revisions"}],"predecessor-version":[{"id":99521,"href":"https:\/\/www.foliot.com\/fr\/wp-json\/wp\/v2\/pages\/99176\/revisions\/99521"}],"up":[{"embeddable":true,"href":"https:\/\/www.foliot.com\/fr\/wp-json\/wp\/v2\/pages\/98811"}],"wp:featuredmedia":[{"embeddable":true,"href":"https:\/\/www.foliot.com\/fr\/wp-json\/wp\/v2\/media\/80728"}],"wp:attachment":[{"href":"https:\/\/www.foliot.com\/fr\/wp-json\/wp\/v2\/media?parent=99176"}],"curies":[{"name":"wp","href":"https:\/\/api.w.org\/{rel}","templated":true}]}}