{"id":46967,"date":"2021-02-23T15:35:24","date_gmt":"2021-02-23T20:35:24","guid":{"rendered":"https:\/\/www.foliot.com\/?post_type=product&#038;p=46967"},"modified":"2022-10-20T11:21:06","modified_gmt":"2022-10-20T15:21:06","slug":"tete-de-lit-king-ada-integre-avec-bureau-large-hhgiuh-415s","status":"publish","type":"product","link":"https:\/\/www.foliot.com\/fr\/produits\/tete-de-lit-king-ada-integre-avec-bureau-large-hhgiuh-415s\/","title":{"rendered":"T\u00eate De Lit King Ada Int\u00e9gr\u00e9 Avec Bureau Large-HHGIUH-415S"},"content":{"rendered":"","protected":false},"author":0,"featured_media":0,"template":"","product_type":[3229],"nature":[3185],"status_foliot":[3149],"vending_model":[3169],"room_type":[],"option":[],"collection":[3359],"area":[3175],"market":[3153],"acf":[],"_links":{"self":[{"href":"https:\/\/www.foliot.com\/fr\/wp-json\/wp\/v2\/product\/46967"}],"collection":[{"href":"https:\/\/www.foliot.com\/fr\/wp-json\/wp\/v2\/product"}],"about":[{"href":"https:\/\/www.foliot.com\/fr\/wp-json\/wp\/v2\/types\/product"}],"wp:attachment":[{"href":"https:\/\/www.foliot.com\/fr\/wp-json\/wp\/v2\/media?parent=46967"}],"wp:term":[{"taxonomy":"product_type","embeddable":true,"href":"https:\/\/www.foliot.com\/fr\/wp-json\/wp\/v2\/product_type?post=46967"},{"taxonomy":"nature","embeddable":true,"href":"https:\/\/www.foliot.com\/fr\/wp-json\/wp\/v2\/nature?post=46967"},{"taxonomy":"status_foliot","embeddable":true,"href":"https:\/\/www.foliot.com\/fr\/wp-json\/wp\/v2\/status_foliot?post=46967"},{"taxonomy":"vending_model","embeddable":true,"href":"https:\/\/www.foliot.com\/fr\/wp-json\/wp\/v2\/vending_model?post=46967"},{"taxonomy":"room_type","embeddable":true,"href":"https:\/\/www.foliot.com\/fr\/wp-json\/wp\/v2\/room_type?post=46967"},{"taxonomy":"option","embeddable":true,"href":"https:\/\/www.foliot.com\/fr\/wp-json\/wp\/v2\/option?post=46967"},{"taxonomy":"collection","embeddable":true,"href":"https:\/\/www.foliot.com\/fr\/wp-json\/wp\/v2\/collection?post=46967"},{"taxonomy":"area","embeddable":true,"href":"https:\/\/www.foliot.com\/fr\/wp-json\/wp\/v2\/area?post=46967"},{"taxonomy":"market","embeddable":true,"href":"https:\/\/www.foliot.com\/fr\/wp-json\/wp\/v2\/market?post=46967"}],"curies":[{"name":"wp","href":"https:\/\/api.w.org\/{rel}","templated":true}]}}