{"id":51039,"date":"2021-08-04T12:58:31","date_gmt":"2021-08-04T16:58:31","guid":{"rendered":"https:\/\/www.foliot.com\/?post_type=product&#038;p=51039"},"modified":"2022-10-20T11:58:08","modified_gmt":"2022-10-20T15:58:08","slug":"banc-a-bagages-avec-panneau-television-hfblb-227s","status":"publish","type":"product","link":"https:\/\/www.foliot.com\/fr\/produits\/banc-a-bagages-avec-panneau-television-hfblb-227s\/","title":{"rendered":"Banc \u00c0 Bagages Avec Panneau T\u00e9l\u00e9vision-HFBLB-227S"},"content":{"rendered":"","protected":false},"author":0,"featured_media":0,"template":"","product_type":[3233],"nature":[3185],"status_foliot":[3149],"vending_model":[3169],"room_type":[],"option":[],"collection":[3470],"area":[3175],"market":[3153],"acf":[],"_links":{"self":[{"href":"https:\/\/www.foliot.com\/fr\/wp-json\/wp\/v2\/product\/51039"}],"collection":[{"href":"https:\/\/www.foliot.com\/fr\/wp-json\/wp\/v2\/product"}],"about":[{"href":"https:\/\/www.foliot.com\/fr\/wp-json\/wp\/v2\/types\/product"}],"wp:attachment":[{"href":"https:\/\/www.foliot.com\/fr\/wp-json\/wp\/v2\/media?parent=51039"}],"wp:term":[{"taxonomy":"product_type","embeddable":true,"href":"https:\/\/www.foliot.com\/fr\/wp-json\/wp\/v2\/product_type?post=51039"},{"taxonomy":"nature","embeddable":true,"href":"https:\/\/www.foliot.com\/fr\/wp-json\/wp\/v2\/nature?post=51039"},{"taxonomy":"status_foliot","embeddable":true,"href":"https:\/\/www.foliot.com\/fr\/wp-json\/wp\/v2\/status_foliot?post=51039"},{"taxonomy":"vending_model","embeddable":true,"href":"https:\/\/www.foliot.com\/fr\/wp-json\/wp\/v2\/vending_model?post=51039"},{"taxonomy":"room_type","embeddable":true,"href":"https:\/\/www.foliot.com\/fr\/wp-json\/wp\/v2\/room_type?post=51039"},{"taxonomy":"option","embeddable":true,"href":"https:\/\/www.foliot.com\/fr\/wp-json\/wp\/v2\/option?post=51039"},{"taxonomy":"collection","embeddable":true,"href":"https:\/\/www.foliot.com\/fr\/wp-json\/wp\/v2\/collection?post=51039"},{"taxonomy":"area","embeddable":true,"href":"https:\/\/www.foliot.com\/fr\/wp-json\/wp\/v2\/area?post=51039"},{"taxonomy":"market","embeddable":true,"href":"https:\/\/www.foliot.com\/fr\/wp-json\/wp\/v2\/market?post=51039"}],"curies":[{"name":"wp","href":"https:\/\/api.w.org\/{rel}","templated":true}]}}