{"id":51055,"date":"2021-03-02T16:50:06","date_gmt":"2021-03-02T21:50:06","guid":{"rendered":"https:\/\/www.foliot.com\/?post_type=product&#038;p=51055"},"modified":"2023-05-05T05:46:50","modified_gmt":"2023-05-05T09:46:50","slug":"hfblbcb-002s","status":"publish","type":"product","link":"https:\/\/www.foliot.com\/fr\/produits\/hfblbcb-002s\/","title":{"rendered":"Bureau De R\u00e9ception 12&prime; Avec Lumi\u00e8re Int\u00e9gr\u00e9e-HFBLBCB-002S"},"content":{"rendered":"","protected":false},"author":0,"featured_media":68215,"template":"","product_type":[3530],"nature":[3184,3185],"status_foliot":[3149,3148],"vending_model":[3168,3169],"room_type":[],"option":[],"collection":[3469,3470],"area":[3181,3180],"market":[3152,3153],"acf":[],"_links":{"self":[{"href":"https:\/\/www.foliot.com\/fr\/wp-json\/wp\/v2\/product\/51055"}],"collection":[{"href":"https:\/\/www.foliot.com\/fr\/wp-json\/wp\/v2\/product"}],"about":[{"href":"https:\/\/www.foliot.com\/fr\/wp-json\/wp\/v2\/types\/product"}],"wp:featuredmedia":[{"embeddable":true,"href":"https:\/\/www.foliot.com\/fr\/wp-json\/wp\/v2\/media\/68215"}],"wp:attachment":[{"href":"https:\/\/www.foliot.com\/fr\/wp-json\/wp\/v2\/media?parent=51055"}],"wp:term":[{"taxonomy":"product_type","embeddable":true,"href":"https:\/\/www.foliot.com\/fr\/wp-json\/wp\/v2\/product_type?post=51055"},{"taxonomy":"nature","embeddable":true,"href":"https:\/\/www.foliot.com\/fr\/wp-json\/wp\/v2\/nature?post=51055"},{"taxonomy":"status_foliot","embeddable":true,"href":"https:\/\/www.foliot.com\/fr\/wp-json\/wp\/v2\/status_foliot?post=51055"},{"taxonomy":"vending_model","embeddable":true,"href":"https:\/\/www.foliot.com\/fr\/wp-json\/wp\/v2\/vending_model?post=51055"},{"taxonomy":"room_type","embeddable":true,"href":"https:\/\/www.foliot.com\/fr\/wp-json\/wp\/v2\/room_type?post=51055"},{"taxonomy":"option","embeddable":true,"href":"https:\/\/www.foliot.com\/fr\/wp-json\/wp\/v2\/option?post=51055"},{"taxonomy":"collection","embeddable":true,"href":"https:\/\/www.foliot.com\/fr\/wp-json\/wp\/v2\/collection?post=51055"},{"taxonomy":"area","embeddable":true,"href":"https:\/\/www.foliot.com\/fr\/wp-json\/wp\/v2\/area?post=51055"},{"taxonomy":"market","embeddable":true,"href":"https:\/\/www.foliot.com\/fr\/wp-json\/wp\/v2\/market?post=51055"}],"curies":[{"name":"wp","href":"https:\/\/api.w.org\/{rel}","templated":true}]}}