{"id":51363,"date":"2021-08-12T07:19:32","date_gmt":"2021-08-12T11:19:32","guid":{"rendered":"https:\/\/www.foliot.com\/?post_type=product&#038;p=51363"},"modified":"2023-01-26T06:03:20","modified_gmt":"2023-01-26T11:03:20","slug":"encadrement-de-fenetre-a-3-cotes-hfbwt-002s","status":"publish","type":"product","link":"https:\/\/www.foliot.com\/fr\/produits\/encadrement-de-fenetre-a-3-cotes-hfbwt-002s\/","title":{"rendered":"Encadrement De Fen\u00eatre \u00e0 3 cot\u00e9s-HFBWT-002S"},"content":{"rendered":"","protected":false},"author":0,"featured_media":0,"template":"","product_type":[3263],"nature":[3185],"status_foliot":[3149],"vending_model":[3169],"room_type":[],"option":[],"collection":[3470],"area":[3175],"market":[3153],"acf":[],"_links":{"self":[{"href":"https:\/\/www.foliot.com\/fr\/wp-json\/wp\/v2\/product\/51363"}],"collection":[{"href":"https:\/\/www.foliot.com\/fr\/wp-json\/wp\/v2\/product"}],"about":[{"href":"https:\/\/www.foliot.com\/fr\/wp-json\/wp\/v2\/types\/product"}],"wp:attachment":[{"href":"https:\/\/www.foliot.com\/fr\/wp-json\/wp\/v2\/media?parent=51363"}],"wp:term":[{"taxonomy":"product_type","embeddable":true,"href":"https:\/\/www.foliot.com\/fr\/wp-json\/wp\/v2\/product_type?post=51363"},{"taxonomy":"nature","embeddable":true,"href":"https:\/\/www.foliot.com\/fr\/wp-json\/wp\/v2\/nature?post=51363"},{"taxonomy":"status_foliot","embeddable":true,"href":"https:\/\/www.foliot.com\/fr\/wp-json\/wp\/v2\/status_foliot?post=51363"},{"taxonomy":"vending_model","embeddable":true,"href":"https:\/\/www.foliot.com\/fr\/wp-json\/wp\/v2\/vending_model?post=51363"},{"taxonomy":"room_type","embeddable":true,"href":"https:\/\/www.foliot.com\/fr\/wp-json\/wp\/v2\/room_type?post=51363"},{"taxonomy":"option","embeddable":true,"href":"https:\/\/www.foliot.com\/fr\/wp-json\/wp\/v2\/option?post=51363"},{"taxonomy":"collection","embeddable":true,"href":"https:\/\/www.foliot.com\/fr\/wp-json\/wp\/v2\/collection?post=51363"},{"taxonomy":"area","embeddable":true,"href":"https:\/\/www.foliot.com\/fr\/wp-json\/wp\/v2\/area?post=51363"},{"taxonomy":"market","embeddable":true,"href":"https:\/\/www.foliot.com\/fr\/wp-json\/wp\/v2\/market?post=51363"}],"curies":[{"name":"wp","href":"https:\/\/api.w.org\/{rel}","templated":true}]}}